{"id":4077,"date":"2021-02-06T18:59:47","date_gmt":"2021-02-06T18:59:47","guid":{"rendered":"https:\/\/www.wblaserag.ch\/?page_id=4077"},"modified":"2025-11-15T12:56:05","modified_gmt":"2025-11-15T12:56:05","slug":"chair","status":"publish","type":"page","link":"https:\/\/www.wblaserag.ch\/it\/chair\/","title":{"rendered":"BlaserChair"},"content":{"rendered":"\n<div style=\"height:1px\" aria-hidden=\"true\" class=\"wp-block-spacer\"><\/div>\n\n\n\n<h1 class=\"wp-block-heading\" style=\"font-size:36px\">Poltrone medicali svizzere<\/h1>\n\n\n<div class=\"yoast-breadcrumbs\"><span><span><a href=\"https:\/\/www.wblaserag.ch\/it\/\">Homepage<\/a><\/span> \u00bb <span class=\"breadcrumb_last\" aria-current=\"page\">BlaserChair<\/span><\/span><\/div>\n\n\n<p>Le poltrone Blaser sono i veri prodotti svizzeri: precisi, polifunzionali e di alta qualit\u00e0. Sono dotati della funzione d\u2019igiene antimicrobica&nbsp;Sanitized\u00ae. Ogni poltrona reclinabile ha un modello base di qualit\u00e0 disponibile in diverse versioni, con la possibit\u00e0 di customizzarlo. Tutte&nbsp;le poltrone professionali per il trattamento medico, le poltorne per pazienti,&nbsp;le poltrone per case di cura&nbsp;sono ideali per&nbsp;gli anziani&nbsp;che sono privati della possibilit\u00e0 di muoversi o che ricevono l\u2019assistenza&nbsp;&nbsp;in case di cura o l\u2019assistenza domiciliare. Il nostro obiettivo \u00e8 anche quello di sostenere la vita degli anziani a casa. Grazie all\u2019altezza ottimale del sedile, ogni nostra poltrona medicale, poltrona per cura, poltrona per pazienti&nbsp;pu\u00f2 essere usata anche a un&nbsp;tavolo da pranzo.&nbsp;Le ruote delle poltrone rendono sicuri e facili gli spostamenti.&nbsp;I braccioli hanno una struttura molto durevole&nbsp;che insieme all\u2019altezza di 52&nbsp;\u0441m del sedile,&nbsp;offre un supporto pratico per&nbsp;la salita,&nbsp;nonch\u00e9 comfort da seduti e sdraiati per il riposo e rilassamento. Si&nbsp;pu\u00f2&nbsp;noleggiare o aquistare tutte le poltrone medicali, poltrone per la casa di cura, poltrone per pazienti&nbsp;\u0435&nbsp;gli&nbsp;sgabelli da lavoro.<\/p>\n\n\n\n<div class=\"wp-block-columns alignwide is-layout-flex wp-container-core-columns-is-layout-d0b3c9c8 wp-block-columns-is-layout-flex\">\n<div class=\"wp-block-column is-layout-flow wp-block-column-is-layout-flow\">\n<figure class=\"wp-block-image size-full\"><a href=\"https:\/\/www.wblaserag.ch\/it\/chair\/poltrona-medicale-medica\/\"><img loading=\"lazy\" decoding=\"async\" width=\"640\" height=\"720\" src=\"https:\/\/www.wblaserag.ch\/wp-content\/uploads\/2021\/06\/Design-ohne-Titel-116.png\" alt=\"Poltrona medicale Medica\" class=\"wp-image-4125\" srcset=\"https:\/\/www.wblaserag.ch\/wp-content\/uploads\/2021\/06\/Design-ohne-Titel-116.png 640w, https:\/\/www.wblaserag.ch\/wp-content\/uploads\/2021\/06\/Design-ohne-Titel-116-267x300.png 267w\" sizes=\"auto, (max-width: 640px) 100vw, 640px\" \/><\/a><figcaption class=\"wp-element-caption\">BlaserIsola<\/figcaption><\/figure>\n\n\n\n<h2 class=\"wp-block-heading\">Medica N15<\/h2>\n\n\n\n<p class=\"has-normal-font-size\"><a href=\"https:\/\/www.wblaserag.ch\/it\/chair\/poltrona-medicale-medica\/\">Poltrona di trattamento per ospedale, studio medico e laboratorio<\/a><\/p>\n\n\n\n<div class=\"wp-block-buttons is-layout-flex wp-block-buttons-is-layout-flex\">\n<div class=\"wp-block-button is-style-outline is-style-outline--1\"><a class=\"wp-block-button__link has-accent-color has-text-color wp-element-button\" href=\"https:\/\/www.wblaserag.ch\/it\/chair\/poltrona-medicale-medica\/\" style=\"border-radius:6px\">Scopri di pi\u00f9<\/a><\/div>\n<\/div>\n<\/div>\n\n\n\n<div class=\"wp-block-column is-layout-flow wp-block-column-is-layout-flow\">\n<figure class=\"wp-block-image size-full is-style-default\"><a href=\"https:\/\/www.wblaserag.ch\/it\/chair\/poltrona-reclinabile-ospedaliera-vita-ii\/\"><img loading=\"lazy\" decoding=\"async\" width=\"640\" height=\"720\" src=\"https:\/\/www.wblaserag.ch\/wp-content\/uploads\/2024\/02\/vita-II_it.jpg\" alt=\"\" class=\"wp-image-10505\" srcset=\"https:\/\/www.wblaserag.ch\/wp-content\/uploads\/2024\/02\/vita-II_it.jpg 640w, https:\/\/www.wblaserag.ch\/wp-content\/uploads\/2024\/02\/vita-II_it-267x300.jpg 267w\" sizes=\"auto, (max-width: 640px) 100vw, 640px\" \/><\/a><figcaption class=\"wp-element-caption\">BlaserIsola<\/figcaption><\/figure>\n\n\n\n<h2 class=\"wp-block-heading\">Vita II<\/h2>\n\n\n\n<p class=\"has-normal-font-size\"><a href=\"https:\/\/www.wblaserag.ch\/it\/chair\/poltrona-reclinabile-ospedaliera-vita-ii\/\">Poltrona reclinabile ospedaliera per cura e riabilitazione<\/a><\/p>\n\n\n\n<div class=\"wp-block-buttons is-layout-flex wp-block-buttons-is-layout-flex\">\n<div class=\"wp-block-button is-style-outline is-style-outline--2\"><a class=\"wp-block-button__link has-accent-color has-text-color wp-element-button\" href=\"https:\/\/www.wblaserag.ch\/it\/chair\/poltrona-reclinabile-ospedaliera-vita-ii\/\" style=\"border-radius:6px\">Scopri di pi\u00f9<\/a><\/div>\n<\/div>\n<\/div>\n<\/div>\n\n\n\n<div class=\"wp-block-columns alignwide is-layout-flex wp-container-core-columns-is-layout-d0b3c9c8 wp-block-columns-is-layout-flex\">\n<div class=\"wp-block-column is-layout-flow wp-block-column-is-layout-flow\">\n<figure class=\"wp-block-image size-full is-style-default\"><a href=\"https:\/\/www.wblaserag.ch\/it\/chair\/poltrona-reclinabile-medicale-care\/\"><img loading=\"lazy\" decoding=\"async\" width=\"640\" height=\"720\" src=\"https:\/\/www.wblaserag.ch\/wp-content\/uploads\/2023\/02\/care_h16_titelbild_it.jpg\" alt=\"\" class=\"wp-image-9386\" srcset=\"https:\/\/www.wblaserag.ch\/wp-content\/uploads\/2023\/02\/care_h16_titelbild_it.jpg 640w, https:\/\/www.wblaserag.ch\/wp-content\/uploads\/2023\/02\/care_h16_titelbild_it-267x300.jpg 267w\" sizes=\"auto, (max-width: 640px) 100vw, 640px\" \/><\/a><figcaption class=\"wp-element-caption\">BlaserIsola<\/figcaption><\/figure>\n\n\n\n<h2 class=\"wp-block-heading\">Care H16<\/h2>\n\n\n\n<p class=\"has-normal-font-size\"><a href=\"https:\/\/www.wblaserag.ch\/it\/chair\/poltrona-reclinabile-medicale-care\/\">Poltrona reclinabile ospedaliera per cura e riabilitazione<\/a><\/p>\n\n\n\n<div class=\"wp-block-buttons is-layout-flex wp-block-buttons-is-layout-flex\">\n<div class=\"wp-block-button is-style-outline is-style-outline--3\"><a class=\"wp-block-button__link has-accent-color has-text-color wp-element-button\" href=\"https:\/\/www.wblaserag.ch\/it\/chair\/poltrona-reclinabile-medicale-care\/\" style=\"border-radius:6px\">Scopri di pi\u00f9<\/a><\/div>\n<\/div>\n<\/div>\n\n\n\n<div class=\"wp-block-column is-layout-flow wp-block-column-is-layout-flow\">\n<figure class=\"wp-block-image size-full is-style-default\"><a href=\"https:\/\/www.wblaserag.ch\/it\/chair\/patienten-und-besucherstuhl-lento\/\"><img loading=\"lazy\" decoding=\"async\" width=\"640\" height=\"720\" src=\"https:\/\/www.wblaserag.ch\/wp-content\/uploads\/2023\/02\/lento_h16_titelbild_it-1.jpg\" alt=\"\" class=\"wp-image-9391\" srcset=\"https:\/\/www.wblaserag.ch\/wp-content\/uploads\/2023\/02\/lento_h16_titelbild_it-1.jpg 640w, https:\/\/www.wblaserag.ch\/wp-content\/uploads\/2023\/02\/lento_h16_titelbild_it-1-267x300.jpg 267w\" sizes=\"auto, (max-width: 640px) 100vw, 640px\" \/><\/a><figcaption class=\"wp-element-caption\">BlaserClassico<\/figcaption><\/figure>\n\n\n\n<h2 class=\"wp-block-heading\">Lento H16<\/h2>\n\n\n\n<p class=\"has-normal-font-size\"><a href=\"https:\/\/www.wblaserag.ch\/it\/chair\/patienten-und-besucherstuhl-lento\/\">Poltrona reclinabile per pazienti per riposo e rilassazione<\/a><\/p>\n\n\n\n<div class=\"wp-block-buttons is-layout-flex wp-block-buttons-is-layout-flex\">\n<div class=\"wp-block-button is-style-outline is-style-outline--4\"><a class=\"wp-block-button__link has-accent-color has-text-color wp-element-button\" href=\"https:\/\/www.wblaserag.ch\/it\/chair\/patienten-und-besucherstuhl-lento\/\" style=\"border-radius:6px\">Scopri di pi\u00f9<\/a><\/div>\n<\/div>\n<\/div>\n<\/div>\n","protected":false},"excerpt":{"rendered":"<p>Poltrone medicali svizzere Le poltrone Blaser sono i veri prodotti svizzeri: precisi, polifunzionali e di alta qualit\u00e0. Sono dotati della funzione d\u2019igiene antimicrobica&nbsp;Sanitized\u00ae. Ogni poltrona reclinabile ha un modello base di qualit\u00e0 disponibile in diverse versioni, con la possibit\u00e0 di customizzarlo. Tutte&nbsp;le poltrone professionali per il trattamento medico, le poltorne per pazienti,&nbsp;le poltrone per case&hellip;<\/p>\n","protected":false},"author":3,"featured_media":0,"parent":0,"menu_order":0,"comment_status":"closed","ping_status":"closed","template":"tw-no-title.php","meta":{"footnotes":""},"class_list":["post-4077","page","type-page","status-publish","hentry"],"yoast_head":"<!-- This site is optimized with the Yoast SEO plugin v27.3 - https:\/\/yoast.com\/product\/yoast-seo-wordpress\/ -->\n<title>Pflegestuhl &amp; Pflegest\u00fchle - Pflegesessel mit Rollen - Seniorenstuhl mit Rollen und Armlehne - Patientenst\u00fchle W. Blaser AG<\/title>\n<meta name=\"description\" content=\"Behandlungsst\u00fchle, Pflegest\u00fchle und -sessel mit Lehne, Rollen &amp; Aufstehhilfe f\u00fcr Senioren, Seniorenst\u00fchle mit Rollen und Armlehne, Patientenst\u00fchle kaufen oder mieten.\" \/>\n<meta name=\"robots\" content=\"index, follow, max-snippet:-1, max-image-preview:large, max-video-preview:-1\" \/>\n<link rel=\"canonical\" href=\"https:\/\/www.wblaserag.ch\/it\/chair\/\" \/>\n<meta property=\"og:locale\" content=\"it_IT\" \/>\n<meta property=\"og:type\" content=\"article\" \/>\n<meta property=\"og:title\" content=\"Pflegestuhl &amp; Pflegest\u00fchle - Pflegesessel mit Rollen - Seniorenstuhl mit Rollen und Armlehne - Patientenst\u00fchle W. Blaser AG\" \/>\n<meta property=\"og:description\" content=\"Behandlungsst\u00fchle, Pflegest\u00fchle und -sessel mit Lehne, Rollen &amp; Aufstehhilfe f\u00fcr Senioren, Seniorenst\u00fchle mit Rollen und Armlehne, Patientenst\u00fchle kaufen oder mieten.\" \/>\n<meta property=\"og:url\" content=\"https:\/\/www.wblaserag.ch\/it\/chair\/\" \/>\n<meta property=\"og:site_name\" content=\"W. Blaser AG\" \/>\n<meta property=\"article:publisher\" content=\"https:\/\/www.facebook.com\/BlaserVisio-191482694639126\" \/>\n<meta property=\"article:modified_time\" content=\"2025-11-15T12:56:05+00:00\" \/>\n<meta property=\"og:image\" content=\"https:\/\/www.wblaserag.ch\/wp-content\/uploads\/2021\/06\/Design-ohne-Titel-116.png\" \/>\n\t<meta property=\"og:image:width\" content=\"640\" \/>\n\t<meta property=\"og:image:height\" content=\"720\" \/>\n\t<meta property=\"og:image:type\" content=\"image\/png\" \/>\n<meta name=\"twitter:card\" content=\"summary_large_image\" \/>\n<script type=\"application\/ld+json\" class=\"yoast-schema-graph\">{\"@context\":\"https:\\\/\\\/schema.org\",\"@graph\":[{\"@type\":\"WebPage\",\"@id\":\"https:\\\/\\\/www.wblaserag.ch\\\/it\\\/chair\\\/\",\"url\":\"https:\\\/\\\/www.wblaserag.ch\\\/it\\\/chair\\\/\",\"name\":\"Pflegestuhl & Pflegest\u00fchle - Pflegesessel mit Rollen - Seniorenstuhl mit Rollen und Armlehne - Patientenst\u00fchle W. Blaser AG\",\"isPartOf\":{\"@id\":\"https:\\\/\\\/www.wblaserag.ch\\\/it\\\/#website\"},\"primaryImageOfPage\":{\"@id\":\"https:\\\/\\\/www.wblaserag.ch\\\/it\\\/chair\\\/#primaryimage\"},\"image\":{\"@id\":\"https:\\\/\\\/www.wblaserag.ch\\\/it\\\/chair\\\/#primaryimage\"},\"thumbnailUrl\":\"https:\\\/\\\/www.wblaserag.ch\\\/wp-content\\\/uploads\\\/2021\\\/06\\\/Design-ohne-Titel-116.png\",\"datePublished\":\"2021-02-06T18:59:47+00:00\",\"dateModified\":\"2025-11-15T12:56:05+00:00\",\"description\":\"Behandlungsst\u00fchle, Pflegest\u00fchle und -sessel mit Lehne, Rollen & Aufstehhilfe f\u00fcr Senioren, Seniorenst\u00fchle mit Rollen und Armlehne, Patientenst\u00fchle kaufen oder mieten.\",\"breadcrumb\":{\"@id\":\"https:\\\/\\\/www.wblaserag.ch\\\/it\\\/chair\\\/#breadcrumb\"},\"inLanguage\":\"it-IT\",\"potentialAction\":[{\"@type\":\"ReadAction\",\"target\":[\"https:\\\/\\\/www.wblaserag.ch\\\/it\\\/chair\\\/\"]}]},{\"@type\":\"ImageObject\",\"inLanguage\":\"it-IT\",\"@id\":\"https:\\\/\\\/www.wblaserag.ch\\\/it\\\/chair\\\/#primaryimage\",\"url\":\"https:\\\/\\\/www.wblaserag.ch\\\/wp-content\\\/uploads\\\/2021\\\/06\\\/Design-ohne-Titel-116.png\",\"contentUrl\":\"https:\\\/\\\/www.wblaserag.ch\\\/wp-content\\\/uploads\\\/2021\\\/06\\\/Design-ohne-Titel-116.png\"},{\"@type\":\"BreadcrumbList\",\"@id\":\"https:\\\/\\\/www.wblaserag.ch\\\/it\\\/chair\\\/#breadcrumb\",\"itemListElement\":[{\"@type\":\"ListItem\",\"position\":1,\"name\":\"Homepage\",\"item\":\"https:\\\/\\\/www.wblaserag.ch\\\/it\\\/\"},{\"@type\":\"ListItem\",\"position\":2,\"name\":\"BlaserChair\"}]},{\"@type\":\"WebSite\",\"@id\":\"https:\\\/\\\/www.wblaserag.ch\\\/it\\\/#website\",\"url\":\"https:\\\/\\\/www.wblaserag.ch\\\/it\\\/\",\"name\":\"W. Blaser AG\",\"description\":\"\",\"publisher\":{\"@id\":\"https:\\\/\\\/www.wblaserag.ch\\\/it\\\/#organization\"},\"potentialAction\":[{\"@type\":\"SearchAction\",\"target\":{\"@type\":\"EntryPoint\",\"urlTemplate\":\"https:\\\/\\\/www.wblaserag.ch\\\/it\\\/?s={search_term_string}\"},\"query-input\":{\"@type\":\"PropertyValueSpecification\",\"valueRequired\":true,\"valueName\":\"search_term_string\"}}],\"inLanguage\":\"it-IT\"},{\"@type\":\"Organization\",\"@id\":\"https:\\\/\\\/www.wblaserag.ch\\\/it\\\/#organization\",\"name\":\"W. Blaser AG\",\"url\":\"https:\\\/\\\/www.wblaserag.ch\\\/it\\\/\",\"logo\":{\"@type\":\"ImageObject\",\"inLanguage\":\"it-IT\",\"@id\":\"https:\\\/\\\/www.wblaserag.ch\\\/it\\\/#\\\/schema\\\/logo\\\/image\\\/\",\"url\":\"https:\\\/\\\/www.wblaserag.ch\\\/wp-content\\\/uploads\\\/2021\\\/02\\\/cropped-cropped-Blaser_Mobile_NEG.png\",\"contentUrl\":\"https:\\\/\\\/www.wblaserag.ch\\\/wp-content\\\/uploads\\\/2021\\\/02\\\/cropped-cropped-Blaser_Mobile_NEG.png\",\"width\":400,\"height\":55,\"caption\":\"W. Blaser AG\"},\"image\":{\"@id\":\"https:\\\/\\\/www.wblaserag.ch\\\/it\\\/#\\\/schema\\\/logo\\\/image\\\/\"},\"sameAs\":[\"https:\\\/\\\/www.facebook.com\\\/BlaserVisio-191482694639126\",\"https:\\\/\\\/www.instagram.com\\\/blaservisio\\\/\"]}]}<\/script>\n<!-- \/ Yoast SEO plugin. -->","yoast_head_json":{"title":"Pflegestuhl & Pflegest\u00fchle - Pflegesessel mit Rollen - Seniorenstuhl mit Rollen und Armlehne - Patientenst\u00fchle W. Blaser AG","description":"Behandlungsst\u00fchle, Pflegest\u00fchle und -sessel mit Lehne, Rollen & Aufstehhilfe f\u00fcr Senioren, Seniorenst\u00fchle mit Rollen und Armlehne, Patientenst\u00fchle kaufen oder mieten.","robots":{"index":"index","follow":"follow","max-snippet":"max-snippet:-1","max-image-preview":"max-image-preview:large","max-video-preview":"max-video-preview:-1"},"canonical":"https:\/\/www.wblaserag.ch\/it\/chair\/","og_locale":"it_IT","og_type":"article","og_title":"Pflegestuhl & Pflegest\u00fchle - Pflegesessel mit Rollen - Seniorenstuhl mit Rollen und Armlehne - Patientenst\u00fchle W. Blaser AG","og_description":"Behandlungsst\u00fchle, Pflegest\u00fchle und -sessel mit Lehne, Rollen & Aufstehhilfe f\u00fcr Senioren, Seniorenst\u00fchle mit Rollen und Armlehne, Patientenst\u00fchle kaufen oder mieten.","og_url":"https:\/\/www.wblaserag.ch\/it\/chair\/","og_site_name":"W. Blaser AG","article_publisher":"https:\/\/www.facebook.com\/BlaserVisio-191482694639126","article_modified_time":"2025-11-15T12:56:05+00:00","og_image":[{"width":640,"height":720,"url":"https:\/\/www.wblaserag.ch\/wp-content\/uploads\/2021\/06\/Design-ohne-Titel-116.png","type":"image\/png"}],"twitter_card":"summary_large_image","schema":{"@context":"https:\/\/schema.org","@graph":[{"@type":"WebPage","@id":"https:\/\/www.wblaserag.ch\/it\/chair\/","url":"https:\/\/www.wblaserag.ch\/it\/chair\/","name":"Pflegestuhl & Pflegest\u00fchle - Pflegesessel mit Rollen - Seniorenstuhl mit Rollen und Armlehne - Patientenst\u00fchle W. Blaser AG","isPartOf":{"@id":"https:\/\/www.wblaserag.ch\/it\/#website"},"primaryImageOfPage":{"@id":"https:\/\/www.wblaserag.ch\/it\/chair\/#primaryimage"},"image":{"@id":"https:\/\/www.wblaserag.ch\/it\/chair\/#primaryimage"},"thumbnailUrl":"https:\/\/www.wblaserag.ch\/wp-content\/uploads\/2021\/06\/Design-ohne-Titel-116.png","datePublished":"2021-02-06T18:59:47+00:00","dateModified":"2025-11-15T12:56:05+00:00","description":"Behandlungsst\u00fchle, Pflegest\u00fchle und -sessel mit Lehne, Rollen & Aufstehhilfe f\u00fcr Senioren, Seniorenst\u00fchle mit Rollen und Armlehne, Patientenst\u00fchle kaufen oder mieten.","breadcrumb":{"@id":"https:\/\/www.wblaserag.ch\/it\/chair\/#breadcrumb"},"inLanguage":"it-IT","potentialAction":[{"@type":"ReadAction","target":["https:\/\/www.wblaserag.ch\/it\/chair\/"]}]},{"@type":"ImageObject","inLanguage":"it-IT","@id":"https:\/\/www.wblaserag.ch\/it\/chair\/#primaryimage","url":"https:\/\/www.wblaserag.ch\/wp-content\/uploads\/2021\/06\/Design-ohne-Titel-116.png","contentUrl":"https:\/\/www.wblaserag.ch\/wp-content\/uploads\/2021\/06\/Design-ohne-Titel-116.png"},{"@type":"BreadcrumbList","@id":"https:\/\/www.wblaserag.ch\/it\/chair\/#breadcrumb","itemListElement":[{"@type":"ListItem","position":1,"name":"Homepage","item":"https:\/\/www.wblaserag.ch\/it\/"},{"@type":"ListItem","position":2,"name":"BlaserChair"}]},{"@type":"WebSite","@id":"https:\/\/www.wblaserag.ch\/it\/#website","url":"https:\/\/www.wblaserag.ch\/it\/","name":"W. Blaser AG","description":"","publisher":{"@id":"https:\/\/www.wblaserag.ch\/it\/#organization"},"potentialAction":[{"@type":"SearchAction","target":{"@type":"EntryPoint","urlTemplate":"https:\/\/www.wblaserag.ch\/it\/?s={search_term_string}"},"query-input":{"@type":"PropertyValueSpecification","valueRequired":true,"valueName":"search_term_string"}}],"inLanguage":"it-IT"},{"@type":"Organization","@id":"https:\/\/www.wblaserag.ch\/it\/#organization","name":"W. Blaser AG","url":"https:\/\/www.wblaserag.ch\/it\/","logo":{"@type":"ImageObject","inLanguage":"it-IT","@id":"https:\/\/www.wblaserag.ch\/it\/#\/schema\/logo\/image\/","url":"https:\/\/www.wblaserag.ch\/wp-content\/uploads\/2021\/02\/cropped-cropped-Blaser_Mobile_NEG.png","contentUrl":"https:\/\/www.wblaserag.ch\/wp-content\/uploads\/2021\/02\/cropped-cropped-Blaser_Mobile_NEG.png","width":400,"height":55,"caption":"W. Blaser AG"},"image":{"@id":"https:\/\/www.wblaserag.ch\/it\/#\/schema\/logo\/image\/"},"sameAs":["https:\/\/www.facebook.com\/BlaserVisio-191482694639126","https:\/\/www.instagram.com\/blaservisio\/"]}]}},"_links":{"self":[{"href":"https:\/\/www.wblaserag.ch\/it\/wp-json\/wp\/v2\/pages\/4077","targetHints":{"allow":["GET"]}}],"collection":[{"href":"https:\/\/www.wblaserag.ch\/it\/wp-json\/wp\/v2\/pages"}],"about":[{"href":"https:\/\/www.wblaserag.ch\/it\/wp-json\/wp\/v2\/types\/page"}],"author":[{"embeddable":true,"href":"https:\/\/www.wblaserag.ch\/it\/wp-json\/wp\/v2\/users\/3"}],"replies":[{"embeddable":true,"href":"https:\/\/www.wblaserag.ch\/it\/wp-json\/wp\/v2\/comments?post=4077"}],"version-history":[{"count":19,"href":"https:\/\/www.wblaserag.ch\/it\/wp-json\/wp\/v2\/pages\/4077\/revisions"}],"predecessor-version":[{"id":11177,"href":"https:\/\/www.wblaserag.ch\/it\/wp-json\/wp\/v2\/pages\/4077\/revisions\/11177"}],"wp:attachment":[{"href":"https:\/\/www.wblaserag.ch\/it\/wp-json\/wp\/v2\/media?parent=4077"}],"curies":[{"name":"wp","href":"https:\/\/api.w.org\/{rel}","templated":true}]}}