{"id":6531,"date":"2021-09-19T12:04:44","date_gmt":"2021-09-19T12:04:44","guid":{"rendered":"https:\/\/www.wblaserag.ch\/?page_id=6531"},"modified":"2021-09-19T13:01:49","modified_gmt":"2021-09-19T13:01:49","slug":"zoom-v210-v215-systeme-de-retroviseurs-pour-le-retrofit-de-tracteurs-et-vehicules-agricoles","status":"publish","type":"page","link":"https:\/\/www.wblaserag.ch\/fr\/visio\/spiegel-systeme\/zoom-v210-v215-systeme-de-retroviseurs-pour-le-retrofit-de-tracteurs-et-vehicules-agricoles\/","title":{"rendered":"ZOOM V210 &#038; V215 &#8211; Syst\u00e8me de r\u00e9troviseurs pour le r\u00e9trofit de tracteurs et v\u00e9hicules agricoles"},"content":{"rendered":"\n<div style=\"height:10px\" aria-hidden=\"true\" class=\"wp-block-spacer\"><\/div>\n\n\n\n<h1 class=\"wp-block-heading\" id=\"ZOOM-V210-V215---Spiegel-zum-Nachr\u00fcsten-an-Traktoren-und-Schlepper\">ZOOM V210 &amp; V215 &#8211; Syst\u00e8me de r\u00e9troviseurs pour le r\u00e9trofit de tracteurs et v\u00e9hicules agricoles<\/h1>\n\n\n<div class=\"yoast-breadcrumbs\"><span><span><a href=\"https:\/\/www.wblaserag.ch\/fr\/\">Page d&rsquo;accueil<\/a><\/span> \u00bb <span><a href=\"https:\/\/www.wblaserag.ch\/fr\/visio\/\">BlaserVisio<\/a><\/span> \u00bb <span><a href=\"https:\/\/www.wblaserag.ch\/fr\/visio\/spiegel-systeme\/\">R\u00e9troviseurs, supports de r\u00e9troviseurs et syst\u00e8mes de r\u00e9troviseurs<\/a><\/span> \u00bb <span class=\"breadcrumb_last\" aria-current=\"page\">ZOOM V210 &#038; V215 &#8211; Syst\u00e8me de r\u00e9troviseurs pour le r\u00e9trofit de tracteurs et v\u00e9hicules agricoles<\/span><\/span><\/div>\n\n\n<p>Le syst\u00e8me de r\u00e9troviseurs suppl\u00e9mentaire BlaserVisio ZOOM offre une vision approfondie des zones dangereuses ou des \u00ab&nbsp;angles morts&nbsp;\u00bb qui ne sont pas directement visibles.&nbsp;<\/p>\n\n\n\n<p>TowiSpick ouvre un champ de vision suppl\u00e9mentaire gr\u00e2ce \u00e0 une convexit\u00e9 extr\u00eamement forte du verre de miroir (200) et \u00e0 sa forme ronde.<\/p>\n\n\n\n<p>Le syst\u00e8me de r\u00e9troviseurs suppl\u00e9mentaire BlaserVisio ZOOM offre :<\/p>\n\n\n\n<ul class=\"wp-block-list\"><li>S\u00e9curit\u00e9 aux angles aigus<\/li><li>Vue d\u2019ensemble totale \u00e0 courte distance (zone de danger)<\/li><li>Vue de l\u2019ensemble de la roue arri\u00e8re et des v\u00e9hicules en d\u00e9passement<\/li><\/ul>\n\n\n\n<p><strong>BlaserVisio recommande d&rsquo;effectuer un r\u00e9trofit de tous les tracteurs et v\u00e9hicules agricoles avec un syst\u00e8me de miroir ZOOM des deux c\u00f4t\u00e9s ! Pour plus de visibilit\u00e9 et de s\u00e9curit\u00e9 dans la cour et sur la route !<\/strong><\/p>\n\n\n\n<p>Le r\u00e9trofit est simple : il suffit de pr\u00e9-assembler le syst\u00e8me et de le fixer aux supports de r\u00e9troviseurs existants.<\/p>\n\n\n\n<p><a href=\"https:\/\/www.wblaserag.ch\/wp-content\/uploads\/2021\/08\/PBC-VISIO-V210-V215-ZOOM-Spiegelsystem-d-190221BS-1-FR.pdf\" target=\"_blank\" rel=\"noreferrer noopener\">Fiche produit (PDF)<\/a><\/p>\n\n\n\n<div class=\"wp-block-buttons is-layout-flex wp-block-buttons-is-layout-flex\">\n<div class=\"wp-block-button is-style-outline is-style-outline--1\"><a class=\"wp-block-button__link has-accent-color has-text-color\" href=\"mailto:info@wblaserag.ch\" style=\"border-radius:6px\">demander un devis<\/a><\/div>\n<\/div>\n\n\n\n<div class=\"wp-block-columns is-layout-flex wp-container-core-columns-is-layout-d0b3c9c8 wp-block-columns-is-layout-flex\">\n<div class=\"wp-block-column is-layout-flow wp-block-column-is-layout-flow\">\n<figure class=\"wp-block-image size-large is-style-default\"><img loading=\"lazy\" decoding=\"async\" width=\"1000\" height=\"1000\" src=\"https:\/\/www.wblaserag.ch\/wp-content\/uploads\/2021\/04\/Design-ohne-Titel-50.png\" alt=\"r\u00e9troviseurs pour le r\u00e9trofit de tracteurs et v\u00e9hicules agricoles\" class=\"wp-image-1583\" title=\"Traktor-Spiegel\" srcset=\"https:\/\/www.wblaserag.ch\/wp-content\/uploads\/2021\/04\/Design-ohne-Titel-50.png 1000w, https:\/\/www.wblaserag.ch\/wp-content\/uploads\/2021\/04\/Design-ohne-Titel-50-300x300.png 300w, https:\/\/www.wblaserag.ch\/wp-content\/uploads\/2021\/04\/Design-ohne-Titel-50-150x150.png 150w, https:\/\/www.wblaserag.ch\/wp-content\/uploads\/2021\/04\/Design-ohne-Titel-50-768x768.png 768w\" sizes=\"auto, (max-width: 1000px) 100vw, 1000px\" \/><figcaption>A : SYST\u00c8ME DE R\u00c9TROVISEURS ZOOM 951.V215.TW2<\/figcaption><\/figure>\n<\/div>\n\n\n\n<div class=\"wp-block-column is-layout-flow wp-block-column-is-layout-flow\">\n<figure class=\"wp-block-image size-large is-style-default\"><img loading=\"lazy\" decoding=\"async\" width=\"1000\" height=\"1000\" src=\"https:\/\/www.wblaserag.ch\/wp-content\/uploads\/2021\/04\/Design-ohne-Titel-48.png\" alt=\"r\u00e9troviseurs pour le r\u00e9trofit de tracteurs et v\u00e9hicules agricoles\" class=\"wp-image-1578\" title=\"Spiegel f\u00fcr Traktor\" srcset=\"https:\/\/www.wblaserag.ch\/wp-content\/uploads\/2021\/04\/Design-ohne-Titel-48.png 1000w, https:\/\/www.wblaserag.ch\/wp-content\/uploads\/2021\/04\/Design-ohne-Titel-48-300x300.png 300w, https:\/\/www.wblaserag.ch\/wp-content\/uploads\/2021\/04\/Design-ohne-Titel-48-150x150.png 150w, https:\/\/www.wblaserag.ch\/wp-content\/uploads\/2021\/04\/Design-ohne-Titel-48-768x768.png 768w\" sizes=\"auto, (max-width: 1000px) 100vw, 1000px\" \/><figcaption>B : SYST\u00c8ME DE R\u00c9TROVISEURS ZOOM 951.V215.MD3<\/figcaption><\/figure>\n<\/div>\n\n\n\n<div class=\"wp-block-column is-layout-flow wp-block-column-is-layout-flow\">\n<figure class=\"wp-block-image size-large is-style-default\"><img loading=\"lazy\" decoding=\"async\" width=\"1000\" height=\"1000\" src=\"https:\/\/www.wblaserag.ch\/wp-content\/uploads\/2021\/04\/Design-ohne-Titel-47.png\" alt=\"r\u00e9troviseurs pour le r\u00e9trofit de tracteurs et v\u00e9hicules agricoles\" class=\"wp-image-1575\" title=\"Spiegel f\u00fcr Traktor\" srcset=\"https:\/\/www.wblaserag.ch\/wp-content\/uploads\/2021\/04\/Design-ohne-Titel-47.png 1000w, https:\/\/www.wblaserag.ch\/wp-content\/uploads\/2021\/04\/Design-ohne-Titel-47-300x300.png 300w, https:\/\/www.wblaserag.ch\/wp-content\/uploads\/2021\/04\/Design-ohne-Titel-47-150x150.png 150w, https:\/\/www.wblaserag.ch\/wp-content\/uploads\/2021\/04\/Design-ohne-Titel-47-768x768.png 768w\" sizes=\"auto, (max-width: 1000px) 100vw, 1000px\" \/><figcaption>C : SYST\u00c8ME DE R\u00c9TROVISEURS ZOOM 951.V210.TW2<\/figcaption><\/figure>\n<\/div>\n<\/div>\n\n\n\n<figure class=\"wp-block-table\"><table><tbody><tr><td><strong>N\u00b0 d&rsquo;article<\/strong><\/td><td><strong>Mod\u00e8le<\/strong><\/td><td><strong>Image<\/strong><\/td><td><strong>Description<\/strong><\/td><\/tr><tr><td>951.V215.TW2<\/td><td>SYST\u00c8ME DE R\u00c9TROVISEURS ZOOM V215-SZ D14-22 TOWI rayon de convexit\u00e9 200<\/td><td>A<\/td><td>1 support d\u2019adaptateur V215 noir, 1 miroir TOWISPICK<\/td><\/tr><tr><td>951.V215.MD3<\/td><td>SYST\u00c8ME DE R\u00c9TROVISEURS ZOOM V215-SZ D14-22 MIDI rayon de convexit\u00e9 300<\/td><td>B<\/td><td>1 support d\u2019adaptateur V215 noir, 1 miroir UTR U7384<\/td><\/tr><tr><td>951.V210.TW2<\/td><td>SYST\u00c8ME DE R\u00c9TROVISEURS ZOOM V210-IX D16-28 TOWI rayon de convexit\u00e9 200<\/td><td>C<\/td><td>1 support d\u2019adaptateur V210 INOX, 1 miroir TOWISPICK<\/td><\/tr><\/tbody><\/table><figcaption>ZOOM V210 &amp; V215 <\/figcaption><\/figure>\n\n\n\n<div class=\"wp-block-columns is-layout-flex wp-container-core-columns-is-layout-d0b3c9c8 wp-block-columns-is-layout-flex\">\n<div class=\"wp-block-column is-layout-flow wp-block-column-is-layout-flow\">\n<h3 class=\"wp-block-heading\">Visio-Clip<\/h3>\n\n\n\n<p>Les syst\u00e8mes de r\u00e9troviseurs ZOOM peuvent \u00eatre mont\u00e9s sur n&rsquo;importe quelle tige de fixation gr\u00e2ce au syst\u00e8me de fixation ing\u00e9nieux Visio-Clip.<\/p>\n<\/div>\n\n\n\n<div class=\"wp-block-column is-layout-flow wp-block-column-is-layout-flow\">\n<figure class=\"wp-block-image size-medium\"><img loading=\"lazy\" decoding=\"async\" width=\"123\" height=\"300\" src=\"https:\/\/www.wblaserag.ch\/wp-content\/uploads\/2021\/04\/visio-clip-123x300.png\" alt=\"\" class=\"wp-image-1595\" srcset=\"https:\/\/www.wblaserag.ch\/wp-content\/uploads\/2021\/04\/visio-clip-123x300.png 123w, https:\/\/www.wblaserag.ch\/wp-content\/uploads\/2021\/04\/visio-clip.png 274w\" sizes=\"auto, (max-width: 123px) 100vw, 123px\" \/><\/figure>\n<\/div>\n\n\n\n<div class=\"wp-block-column is-layout-flow wp-block-column-is-layout-flow\"><\/div>\n<\/div>\n\n\n\n<div class=\"wp-block-columns is-layout-flex wp-container-core-columns-is-layout-d0b3c9c8 wp-block-columns-is-layout-flex\">\n<div class=\"wp-block-column is-layout-flow wp-block-column-is-layout-flow\">\n<figure class=\"wp-block-image size-full\"><img loading=\"lazy\" decoding=\"async\" width=\"303\" height=\"660\" src=\"https:\/\/www.wblaserag.ch\/wp-content\/uploads\/2021\/09\/PBC-VISIO-V210-V215-ZOOM-Spiegelsystem-d-190221BS-1.jpg\" alt=\"r\u00e9troviseurs pour le r\u00e9trofit de tracteurs et v\u00e9hicules agricoles\" class=\"wp-image-6501\" srcset=\"https:\/\/www.wblaserag.ch\/wp-content\/uploads\/2021\/09\/PBC-VISIO-V210-V215-ZOOM-Spiegelsystem-d-190221BS-1.jpg 303w, https:\/\/www.wblaserag.ch\/wp-content\/uploads\/2021\/09\/PBC-VISIO-V210-V215-ZOOM-Spiegelsystem-d-190221BS-1-138x300.jpg 138w\" sizes=\"auto, (max-width: 303px) 100vw, 303px\" \/><figcaption>Exemple d\u2019application\u00a0:\u00a0Syst\u00e8me de r\u00e9troviseurs ZOOM<\/figcaption><\/figure>\n<\/div>\n\n\n\n<div class=\"wp-block-column is-layout-flow wp-block-column-is-layout-flow\">\n<figure class=\"wp-block-image size-full\"><img loading=\"lazy\" decoding=\"async\" width=\"458\" height=\"646\" src=\"https:\/\/www.wblaserag.ch\/wp-content\/uploads\/2021\/09\/PBC-VISIO-V210-V215-ZOOM-Spiegelsystem-d-190221BS-C.jpg\" alt=\"r\u00e9troviseurs pour le r\u00e9trofit de tracteurs et v\u00e9hicules agricoles\" class=\"wp-image-6506\" srcset=\"https:\/\/www.wblaserag.ch\/wp-content\/uploads\/2021\/09\/PBC-VISIO-V210-V215-ZOOM-Spiegelsystem-d-190221BS-C.jpg 458w, https:\/\/www.wblaserag.ch\/wp-content\/uploads\/2021\/09\/PBC-VISIO-V210-V215-ZOOM-Spiegelsystem-d-190221BS-C-213x300.jpg 213w\" sizes=\"auto, (max-width: 458px) 100vw, 458px\" \/><figcaption>Exemple d\u2019application\u00a0:\u00a0Syst\u00e8me de r\u00e9troviseurs ZOOM<\/figcaption><\/figure>\n<\/div>\n\n\n\n<div class=\"wp-block-column is-layout-flow wp-block-column-is-layout-flow\">\n<figure class=\"wp-block-image size-full\"><img loading=\"lazy\" decoding=\"async\" width=\"254\" height=\"299\" src=\"https:\/\/www.wblaserag.ch\/wp-content\/uploads\/2021\/09\/unnamed.png\" alt=\"r\u00e9troviseurs pour le r\u00e9trofit de tracteurs et v\u00e9hicules agricoles\" class=\"wp-image-6477\"\/><figcaption><strong>\u00ab\u00a0Original\u00a0\u00bb\u00a0trac<\/strong>t<strong>eur \u00e9quip\u00e9<\/strong><\/figcaption><\/figure>\n<\/div>\n<\/div>\n\n\n\n<p><\/p>\n","protected":false},"excerpt":{"rendered":"<p>ZOOM V210 &amp; V215 &#8211; Syst\u00e8me de r\u00e9troviseurs pour le r\u00e9trofit de tracteurs et v\u00e9hicules agricoles Le syst\u00e8me de r\u00e9troviseurs suppl\u00e9mentaire BlaserVisio ZOOM offre une vision approfondie des zones dangereuses ou des \u00ab&nbsp;angles morts&nbsp;\u00bb qui ne sont pas directement visibles.&nbsp; TowiSpick ouvre un champ de vision suppl\u00e9mentaire gr\u00e2ce \u00e0 une convexit\u00e9 extr\u00eamement forte du verre&hellip;<\/p>\n","protected":false},"author":1,"featured_media":0,"parent":3527,"menu_order":0,"comment_status":"closed","ping_status":"closed","template":"tw-no-title.php","meta":{"footnotes":""},"class_list":["post-6531","page","type-page","status-publish","hentry"],"yoast_head":"<!-- This site is optimized with the Yoast SEO plugin v27.3 - https:\/\/yoast.com\/product\/yoast-seo-wordpress\/ -->\n<title>ZOOM V210 &amp; V215 - Syst\u00e8me de r\u00e9troviseurs pour le r\u00e9trofit de tracteurs et v\u00e9hicules agricoles - W. Blaser AG<\/title>\n<meta name=\"robots\" content=\"index, follow, max-snippet:-1, max-image-preview:large, max-video-preview:-1\" \/>\n<link rel=\"canonical\" href=\"https:\/\/www.wblaserag.ch\/fr\/visio\/spiegel-systeme\/zoom-v210-v215-systeme-de-retroviseurs-pour-le-retrofit-de-tracteurs-et-vehicules-agricoles\/\" \/>\n<meta property=\"og:locale\" content=\"fr_FR\" \/>\n<meta property=\"og:type\" content=\"article\" \/>\n<meta property=\"og:title\" content=\"ZOOM V210 &amp; V215 - Syst\u00e8me de r\u00e9troviseurs pour le r\u00e9trofit de tracteurs et v\u00e9hicules agricoles - W. Blaser AG\" \/>\n<meta property=\"og:description\" content=\"ZOOM V210 &amp; V215 &#8211; Syst\u00e8me de r\u00e9troviseurs pour le r\u00e9trofit de tracteurs et v\u00e9hicules agricoles Le syst\u00e8me de r\u00e9troviseurs suppl\u00e9mentaire BlaserVisio ZOOM offre une vision approfondie des zones dangereuses ou des \u00ab&nbsp;angles morts&nbsp;\u00bb qui ne sont pas directement visibles.&nbsp; TowiSpick ouvre un champ de vision suppl\u00e9mentaire gr\u00e2ce \u00e0 une convexit\u00e9 extr\u00eamement forte du verre&hellip;\" \/>\n<meta property=\"og:url\" content=\"https:\/\/www.wblaserag.ch\/fr\/visio\/spiegel-systeme\/zoom-v210-v215-systeme-de-retroviseurs-pour-le-retrofit-de-tracteurs-et-vehicules-agricoles\/\" \/>\n<meta property=\"og:site_name\" content=\"W. Blaser AG\" \/>\n<meta property=\"article:publisher\" content=\"https:\/\/www.facebook.com\/BlaserVisio-191482694639126\" \/>\n<meta property=\"article:modified_time\" content=\"2021-09-19T13:01:49+00:00\" \/>\n<meta property=\"og:image\" content=\"https:\/\/www.wblaserag.ch\/wp-content\/uploads\/2021\/04\/Design-ohne-Titel-50.png\" \/>\n<meta name=\"twitter:card\" content=\"summary_large_image\" \/>\n<script type=\"application\/ld+json\" class=\"yoast-schema-graph\">{\"@context\":\"https:\\\/\\\/schema.org\",\"@graph\":[{\"@type\":\"WebPage\",\"@id\":\"https:\\\/\\\/www.wblaserag.ch\\\/fr\\\/visio\\\/spiegel-systeme\\\/zoom-v210-v215-systeme-de-retroviseurs-pour-le-retrofit-de-tracteurs-et-vehicules-agricoles\\\/\",\"url\":\"https:\\\/\\\/www.wblaserag.ch\\\/fr\\\/visio\\\/spiegel-systeme\\\/zoom-v210-v215-systeme-de-retroviseurs-pour-le-retrofit-de-tracteurs-et-vehicules-agricoles\\\/\",\"name\":\"ZOOM V210 & V215 - Syst\u00e8me de r\u00e9troviseurs pour le r\u00e9trofit de tracteurs et v\u00e9hicules agricoles - W. Blaser AG\",\"isPartOf\":{\"@id\":\"https:\\\/\\\/www.wblaserag.ch\\\/fr\\\/#website\"},\"primaryImageOfPage\":{\"@id\":\"https:\\\/\\\/www.wblaserag.ch\\\/fr\\\/visio\\\/spiegel-systeme\\\/zoom-v210-v215-systeme-de-retroviseurs-pour-le-retrofit-de-tracteurs-et-vehicules-agricoles\\\/#primaryimage\"},\"image\":{\"@id\":\"https:\\\/\\\/www.wblaserag.ch\\\/fr\\\/visio\\\/spiegel-systeme\\\/zoom-v210-v215-systeme-de-retroviseurs-pour-le-retrofit-de-tracteurs-et-vehicules-agricoles\\\/#primaryimage\"},\"thumbnailUrl\":\"https:\\\/\\\/www.wblaserag.ch\\\/wp-content\\\/uploads\\\/2021\\\/04\\\/Design-ohne-Titel-50.png\",\"datePublished\":\"2021-09-19T12:04:44+00:00\",\"dateModified\":\"2021-09-19T13:01:49+00:00\",\"breadcrumb\":{\"@id\":\"https:\\\/\\\/www.wblaserag.ch\\\/fr\\\/visio\\\/spiegel-systeme\\\/zoom-v210-v215-systeme-de-retroviseurs-pour-le-retrofit-de-tracteurs-et-vehicules-agricoles\\\/#breadcrumb\"},\"inLanguage\":\"fr-FR\",\"potentialAction\":[{\"@type\":\"ReadAction\",\"target\":[\"https:\\\/\\\/www.wblaserag.ch\\\/fr\\\/visio\\\/spiegel-systeme\\\/zoom-v210-v215-systeme-de-retroviseurs-pour-le-retrofit-de-tracteurs-et-vehicules-agricoles\\\/\"]}]},{\"@type\":\"ImageObject\",\"inLanguage\":\"fr-FR\",\"@id\":\"https:\\\/\\\/www.wblaserag.ch\\\/fr\\\/visio\\\/spiegel-systeme\\\/zoom-v210-v215-systeme-de-retroviseurs-pour-le-retrofit-de-tracteurs-et-vehicules-agricoles\\\/#primaryimage\",\"url\":\"https:\\\/\\\/www.wblaserag.ch\\\/wp-content\\\/uploads\\\/2021\\\/04\\\/Design-ohne-Titel-50.png\",\"contentUrl\":\"https:\\\/\\\/www.wblaserag.ch\\\/wp-content\\\/uploads\\\/2021\\\/04\\\/Design-ohne-Titel-50.png\"},{\"@type\":\"BreadcrumbList\",\"@id\":\"https:\\\/\\\/www.wblaserag.ch\\\/fr\\\/visio\\\/spiegel-systeme\\\/zoom-v210-v215-systeme-de-retroviseurs-pour-le-retrofit-de-tracteurs-et-vehicules-agricoles\\\/#breadcrumb\",\"itemListElement\":[{\"@type\":\"ListItem\",\"position\":1,\"name\":\"Page d'accueil\",\"item\":\"https:\\\/\\\/www.wblaserag.ch\\\/fr\\\/\"},{\"@type\":\"ListItem\",\"position\":2,\"name\":\"BlaserVisio\",\"item\":\"https:\\\/\\\/www.wblaserag.ch\\\/fr\\\/visio\\\/\"},{\"@type\":\"ListItem\",\"position\":3,\"name\":\"R\u00e9troviseurs, supports de r\u00e9troviseurs et syst\u00e8mes de r\u00e9troviseurs\",\"item\":\"https:\\\/\\\/www.wblaserag.ch\\\/fr\\\/visio\\\/spiegel-systeme\\\/\"},{\"@type\":\"ListItem\",\"position\":4,\"name\":\"ZOOM V210 &#038; V215 &#8211; Syst\u00e8me de r\u00e9troviseurs pour le r\u00e9trofit de tracteurs et v\u00e9hicules agricoles\"}]},{\"@type\":\"WebSite\",\"@id\":\"https:\\\/\\\/www.wblaserag.ch\\\/fr\\\/#website\",\"url\":\"https:\\\/\\\/www.wblaserag.ch\\\/fr\\\/\",\"name\":\"W. Blaser AG\",\"description\":\"\",\"publisher\":{\"@id\":\"https:\\\/\\\/www.wblaserag.ch\\\/fr\\\/#organization\"},\"potentialAction\":[{\"@type\":\"SearchAction\",\"target\":{\"@type\":\"EntryPoint\",\"urlTemplate\":\"https:\\\/\\\/www.wblaserag.ch\\\/fr\\\/?s={search_term_string}\"},\"query-input\":{\"@type\":\"PropertyValueSpecification\",\"valueRequired\":true,\"valueName\":\"search_term_string\"}}],\"inLanguage\":\"fr-FR\"},{\"@type\":\"Organization\",\"@id\":\"https:\\\/\\\/www.wblaserag.ch\\\/fr\\\/#organization\",\"name\":\"W. Blaser AG\",\"url\":\"https:\\\/\\\/www.wblaserag.ch\\\/fr\\\/\",\"logo\":{\"@type\":\"ImageObject\",\"inLanguage\":\"fr-FR\",\"@id\":\"https:\\\/\\\/www.wblaserag.ch\\\/fr\\\/#\\\/schema\\\/logo\\\/image\\\/\",\"url\":\"https:\\\/\\\/www.wblaserag.ch\\\/wp-content\\\/uploads\\\/2021\\\/02\\\/cropped-cropped-Blaser_Mobile_NEG.png\",\"contentUrl\":\"https:\\\/\\\/www.wblaserag.ch\\\/wp-content\\\/uploads\\\/2021\\\/02\\\/cropped-cropped-Blaser_Mobile_NEG.png\",\"width\":400,\"height\":55,\"caption\":\"W. Blaser AG\"},\"image\":{\"@id\":\"https:\\\/\\\/www.wblaserag.ch\\\/fr\\\/#\\\/schema\\\/logo\\\/image\\\/\"},\"sameAs\":[\"https:\\\/\\\/www.facebook.com\\\/BlaserVisio-191482694639126\",\"https:\\\/\\\/www.instagram.com\\\/blaservisio\\\/\"]}]}<\/script>\n<!-- \/ Yoast SEO plugin. -->","yoast_head_json":{"title":"ZOOM V210 & V215 - Syst\u00e8me de r\u00e9troviseurs pour le r\u00e9trofit de tracteurs et v\u00e9hicules agricoles - W. Blaser AG","robots":{"index":"index","follow":"follow","max-snippet":"max-snippet:-1","max-image-preview":"max-image-preview:large","max-video-preview":"max-video-preview:-1"},"canonical":"https:\/\/www.wblaserag.ch\/fr\/visio\/spiegel-systeme\/zoom-v210-v215-systeme-de-retroviseurs-pour-le-retrofit-de-tracteurs-et-vehicules-agricoles\/","og_locale":"fr_FR","og_type":"article","og_title":"ZOOM V210 & V215 - Syst\u00e8me de r\u00e9troviseurs pour le r\u00e9trofit de tracteurs et v\u00e9hicules agricoles - W. Blaser AG","og_description":"ZOOM V210 &amp; V215 &#8211; Syst\u00e8me de r\u00e9troviseurs pour le r\u00e9trofit de tracteurs et v\u00e9hicules agricoles Le syst\u00e8me de r\u00e9troviseurs suppl\u00e9mentaire BlaserVisio ZOOM offre une vision approfondie des zones dangereuses ou des \u00ab&nbsp;angles morts&nbsp;\u00bb qui ne sont pas directement visibles.&nbsp; TowiSpick ouvre un champ de vision suppl\u00e9mentaire gr\u00e2ce \u00e0 une convexit\u00e9 extr\u00eamement forte du verre&hellip;","og_url":"https:\/\/www.wblaserag.ch\/fr\/visio\/spiegel-systeme\/zoom-v210-v215-systeme-de-retroviseurs-pour-le-retrofit-de-tracteurs-et-vehicules-agricoles\/","og_site_name":"W. Blaser AG","article_publisher":"https:\/\/www.facebook.com\/BlaserVisio-191482694639126","article_modified_time":"2021-09-19T13:01:49+00:00","og_image":[{"url":"https:\/\/www.wblaserag.ch\/wp-content\/uploads\/2021\/04\/Design-ohne-Titel-50.png","type":"","width":"","height":""}],"twitter_card":"summary_large_image","schema":{"@context":"https:\/\/schema.org","@graph":[{"@type":"WebPage","@id":"https:\/\/www.wblaserag.ch\/fr\/visio\/spiegel-systeme\/zoom-v210-v215-systeme-de-retroviseurs-pour-le-retrofit-de-tracteurs-et-vehicules-agricoles\/","url":"https:\/\/www.wblaserag.ch\/fr\/visio\/spiegel-systeme\/zoom-v210-v215-systeme-de-retroviseurs-pour-le-retrofit-de-tracteurs-et-vehicules-agricoles\/","name":"ZOOM V210 & V215 - Syst\u00e8me de r\u00e9troviseurs pour le r\u00e9trofit de tracteurs et v\u00e9hicules agricoles - W. Blaser AG","isPartOf":{"@id":"https:\/\/www.wblaserag.ch\/fr\/#website"},"primaryImageOfPage":{"@id":"https:\/\/www.wblaserag.ch\/fr\/visio\/spiegel-systeme\/zoom-v210-v215-systeme-de-retroviseurs-pour-le-retrofit-de-tracteurs-et-vehicules-agricoles\/#primaryimage"},"image":{"@id":"https:\/\/www.wblaserag.ch\/fr\/visio\/spiegel-systeme\/zoom-v210-v215-systeme-de-retroviseurs-pour-le-retrofit-de-tracteurs-et-vehicules-agricoles\/#primaryimage"},"thumbnailUrl":"https:\/\/www.wblaserag.ch\/wp-content\/uploads\/2021\/04\/Design-ohne-Titel-50.png","datePublished":"2021-09-19T12:04:44+00:00","dateModified":"2021-09-19T13:01:49+00:00","breadcrumb":{"@id":"https:\/\/www.wblaserag.ch\/fr\/visio\/spiegel-systeme\/zoom-v210-v215-systeme-de-retroviseurs-pour-le-retrofit-de-tracteurs-et-vehicules-agricoles\/#breadcrumb"},"inLanguage":"fr-FR","potentialAction":[{"@type":"ReadAction","target":["https:\/\/www.wblaserag.ch\/fr\/visio\/spiegel-systeme\/zoom-v210-v215-systeme-de-retroviseurs-pour-le-retrofit-de-tracteurs-et-vehicules-agricoles\/"]}]},{"@type":"ImageObject","inLanguage":"fr-FR","@id":"https:\/\/www.wblaserag.ch\/fr\/visio\/spiegel-systeme\/zoom-v210-v215-systeme-de-retroviseurs-pour-le-retrofit-de-tracteurs-et-vehicules-agricoles\/#primaryimage","url":"https:\/\/www.wblaserag.ch\/wp-content\/uploads\/2021\/04\/Design-ohne-Titel-50.png","contentUrl":"https:\/\/www.wblaserag.ch\/wp-content\/uploads\/2021\/04\/Design-ohne-Titel-50.png"},{"@type":"BreadcrumbList","@id":"https:\/\/www.wblaserag.ch\/fr\/visio\/spiegel-systeme\/zoom-v210-v215-systeme-de-retroviseurs-pour-le-retrofit-de-tracteurs-et-vehicules-agricoles\/#breadcrumb","itemListElement":[{"@type":"ListItem","position":1,"name":"Page d'accueil","item":"https:\/\/www.wblaserag.ch\/fr\/"},{"@type":"ListItem","position":2,"name":"BlaserVisio","item":"https:\/\/www.wblaserag.ch\/fr\/visio\/"},{"@type":"ListItem","position":3,"name":"R\u00e9troviseurs, supports de r\u00e9troviseurs et syst\u00e8mes de r\u00e9troviseurs","item":"https:\/\/www.wblaserag.ch\/fr\/visio\/spiegel-systeme\/"},{"@type":"ListItem","position":4,"name":"ZOOM V210 &#038; V215 &#8211; Syst\u00e8me de r\u00e9troviseurs pour le r\u00e9trofit de tracteurs et v\u00e9hicules agricoles"}]},{"@type":"WebSite","@id":"https:\/\/www.wblaserag.ch\/fr\/#website","url":"https:\/\/www.wblaserag.ch\/fr\/","name":"W. Blaser AG","description":"","publisher":{"@id":"https:\/\/www.wblaserag.ch\/fr\/#organization"},"potentialAction":[{"@type":"SearchAction","target":{"@type":"EntryPoint","urlTemplate":"https:\/\/www.wblaserag.ch\/fr\/?s={search_term_string}"},"query-input":{"@type":"PropertyValueSpecification","valueRequired":true,"valueName":"search_term_string"}}],"inLanguage":"fr-FR"},{"@type":"Organization","@id":"https:\/\/www.wblaserag.ch\/fr\/#organization","name":"W. Blaser AG","url":"https:\/\/www.wblaserag.ch\/fr\/","logo":{"@type":"ImageObject","inLanguage":"fr-FR","@id":"https:\/\/www.wblaserag.ch\/fr\/#\/schema\/logo\/image\/","url":"https:\/\/www.wblaserag.ch\/wp-content\/uploads\/2021\/02\/cropped-cropped-Blaser_Mobile_NEG.png","contentUrl":"https:\/\/www.wblaserag.ch\/wp-content\/uploads\/2021\/02\/cropped-cropped-Blaser_Mobile_NEG.png","width":400,"height":55,"caption":"W. Blaser AG"},"image":{"@id":"https:\/\/www.wblaserag.ch\/fr\/#\/schema\/logo\/image\/"},"sameAs":["https:\/\/www.facebook.com\/BlaserVisio-191482694639126","https:\/\/www.instagram.com\/blaservisio\/"]}]}},"_links":{"self":[{"href":"https:\/\/www.wblaserag.ch\/fr\/wp-json\/wp\/v2\/pages\/6531","targetHints":{"allow":["GET"]}}],"collection":[{"href":"https:\/\/www.wblaserag.ch\/fr\/wp-json\/wp\/v2\/pages"}],"about":[{"href":"https:\/\/www.wblaserag.ch\/fr\/wp-json\/wp\/v2\/types\/page"}],"author":[{"embeddable":true,"href":"https:\/\/www.wblaserag.ch\/fr\/wp-json\/wp\/v2\/users\/1"}],"replies":[{"embeddable":true,"href":"https:\/\/www.wblaserag.ch\/fr\/wp-json\/wp\/v2\/comments?post=6531"}],"version-history":[{"count":2,"href":"https:\/\/www.wblaserag.ch\/fr\/wp-json\/wp\/v2\/pages\/6531\/revisions"}],"predecessor-version":[{"id":6536,"href":"https:\/\/www.wblaserag.ch\/fr\/wp-json\/wp\/v2\/pages\/6531\/revisions\/6536"}],"up":[{"embeddable":true,"href":"https:\/\/www.wblaserag.ch\/fr\/wp-json\/wp\/v2\/pages\/3527"}],"wp:attachment":[{"href":"https:\/\/www.wblaserag.ch\/fr\/wp-json\/wp\/v2\/media?parent=6531"}],"curies":[{"name":"wp","href":"https:\/\/api.w.org\/{rel}","templated":true}]}}