{"id":6527,"date":"2021-09-19T12:28:32","date_gmt":"2021-09-19T12:28:32","guid":{"rendered":"https:\/\/www.wblaserag.ch\/?page_id=6527"},"modified":"2021-09-19T12:47:30","modified_gmt":"2021-09-19T12:47:30","slug":"para-p105-retroviseur-en-v-modele-pour-outils-portes-avant","status":"publish","type":"page","link":"https:\/\/www.wblaserag.ch\/fr\/visio\/spiegel-systeme\/para-p105-retroviseur-en-v-modele-pour-outils-portes-avant\/","title":{"rendered":"PARA P105 &#8211; R\u00e9troviseur en V-mod\u00e8le pour outils port\u00e9s avant"},"content":{"rendered":"\n<div style=\"height:10px\" aria-hidden=\"true\" class=\"wp-block-spacer\"><\/div>\n\n\n\n<h1 class=\"wp-block-heading\" id=\"PARA-P105---R\u00e9troviseur-en-V-mod\u00e8le-pour-outils-port\u00e9s-avant\">PARA P105 &#8211; R\u00e9troviseur en V-mod\u00e8le pour outils port\u00e9s avant<\/h1>\n\n\n<div class=\"yoast-breadcrumbs\"><span><span><a href=\"https:\/\/www.wblaserag.ch\/fr\/\">Page d&rsquo;accueil<\/a><\/span> \u00bb <span><a href=\"https:\/\/www.wblaserag.ch\/fr\/visio\/\">BlaserVisio<\/a><\/span> \u00bb <span><a href=\"https:\/\/www.wblaserag.ch\/fr\/visio\/spiegel-systeme\/\">R\u00e9troviseurs, supports de r\u00e9troviseurs et syst\u00e8mes de r\u00e9troviseurs<\/a><\/span> \u00bb <span class=\"breadcrumb_last\" aria-current=\"page\">PARA P105 &#8211; R\u00e9troviseur en V-mod\u00e8le pour outils port\u00e9s avant<\/span><\/span><\/div>\n\n\n<p>Le syst\u00e8me de r\u00e9troviseurs en V-mod\u00e8le BlaserVisio P105 PARA est universel, tr\u00e8s flexible et peut \u00eatre utilis\u00e9 pour tous les outils port\u00e9s avant.<\/p>\n\n\n\n<p>Les deux r\u00e9troviseurs lat\u00e9raux sont conformes aux normes VTS avec une surface r\u00e9fl\u00e9chissante de &gt; 500 cm2 chacun et sont disponibles en version miroir en verre et BRUSI (incassable).<\/p>\n\n\n\n<p>Le support de miroir de r\u00e9troviseur P105 est r\u00e9glable en hauteur, rotatif, inclinable et pivotant. Gr\u00e2ce \u00e0 la base pivotante VisioFoot, il peut \u00eatre mont\u00e9 sur des surfaces inclin\u00e9es de tous les c\u00f4t\u00e9s.<\/p>\n\n\n\n<p>Il sert \u00e9galement \u00e0 accueillir les syst\u00e8mes de cam\u00e9ras de surveillance du trafic transversal (QVK) Blaser.<\/p>\n\n\n\n<p>Le syst\u00e8me de r\u00e9troviseurs en V-mod\u00e8le P105 PARA pour les tracteurs avec outils mont\u00e9s avant, offre une s\u00e9curit\u00e9 lors des croisements et une vue d\u00e9gag\u00e9e sur le trafic transversal venant de la gauche et de la droite.<\/p>\n\n\n\n<p><a href=\"https:\/\/www.wblaserag.ch\/wp-content\/uploads\/2021\/08\/PBC-PARA-P105-V-Spiegelsystem-d-190221BS-FR.pdf\" target=\"_blank\" rel=\"noreferrer noopener\">Fiche produit (PDF)<\/a><\/p>\n\n\n\n<div class=\"wp-block-buttons is-layout-flex wp-block-buttons-is-layout-flex\">\n<div class=\"wp-block-button is-style-outline is-style-outline--1\"><a class=\"wp-block-button__link has-accent-color has-text-color\" href=\"mailto:info@wblaserag.ch\" style=\"border-radius:6px\">Demander un devis<\/a><\/div>\n<\/div>\n\n\n\n<div class=\"wp-block-columns is-layout-flex wp-container-core-columns-is-layout-d0b3c9c8 wp-block-columns-is-layout-flex\">\n<div class=\"wp-block-column is-layout-flow wp-block-column-is-layout-flow\">\n<div class=\"wp-block-image\"><figure class=\"alignleft size-large\"><img loading=\"lazy\" decoding=\"async\" width=\"1000\" height=\"1000\" src=\"https:\/\/www.wblaserag.ch\/wp-content\/uploads\/2021\/04\/Visio-4.png\" alt=\"R\u00e9troviseur en V-mod\u00e8le pour outils port\u00e9s avant\" class=\"wp-image-1532\" title=\"V-Spiegel\" srcset=\"https:\/\/www.wblaserag.ch\/wp-content\/uploads\/2021\/04\/Visio-4.png 1000w, https:\/\/www.wblaserag.ch\/wp-content\/uploads\/2021\/04\/Visio-4-300x300.png 300w, https:\/\/www.wblaserag.ch\/wp-content\/uploads\/2021\/04\/Visio-4-150x150.png 150w, https:\/\/www.wblaserag.ch\/wp-content\/uploads\/2021\/04\/Visio-4-768x768.png 768w\" sizes=\"auto, (max-width: 1000px) 100vw, 1000px\" \/><figcaption>R\u00e9troviseur en V-mod\u00e8le 951.P105.G32<\/figcaption><\/figure><\/div>\n\n\n\n<p><\/p>\n<\/div>\n\n\n\n<div class=\"wp-block-column is-layout-flow wp-block-column-is-layout-flow\">\n<div class=\"wp-block-image\"><figure class=\"alignleft size-large\"><img loading=\"lazy\" decoding=\"async\" width=\"1000\" height=\"1000\" src=\"https:\/\/www.wblaserag.ch\/wp-content\/uploads\/2021\/04\/Visio-4.png\" alt=\"R\u00e9troviseur en V-mod\u00e8le pour outils port\u00e9s avant\" class=\"wp-image-1532\" title=\"V-Spiegel\" srcset=\"https:\/\/www.wblaserag.ch\/wp-content\/uploads\/2021\/04\/Visio-4.png 1000w, https:\/\/www.wblaserag.ch\/wp-content\/uploads\/2021\/04\/Visio-4-300x300.png 300w, https:\/\/www.wblaserag.ch\/wp-content\/uploads\/2021\/04\/Visio-4-150x150.png 150w, https:\/\/www.wblaserag.ch\/wp-content\/uploads\/2021\/04\/Visio-4-768x768.png 768w\" sizes=\"auto, (max-width: 1000px) 100vw, 1000px\" \/><figcaption>R\u00e9troviseur en V-mod\u00e8le 951.P105.M32<\/figcaption><\/figure><\/div>\n\n\n\n<p><\/p>\n<\/div>\n\n\n\n<div class=\"wp-block-column is-layout-flow wp-block-column-is-layout-flow\">\n<div class=\"wp-block-image\"><figure class=\"alignleft size-large\"><img loading=\"lazy\" decoding=\"async\" width=\"1000\" height=\"1000\" src=\"https:\/\/www.wblaserag.ch\/wp-content\/uploads\/2021\/04\/Visio-3.png\" alt=\"R\u00e9troviseur en V-mod\u00e8le pour outils port\u00e9s avant\" class=\"wp-image-1529\" title=\"V-Spiegel\" srcset=\"https:\/\/www.wblaserag.ch\/wp-content\/uploads\/2021\/04\/Visio-3.png 1000w, https:\/\/www.wblaserag.ch\/wp-content\/uploads\/2021\/04\/Visio-3-300x300.png 300w, https:\/\/www.wblaserag.ch\/wp-content\/uploads\/2021\/04\/Visio-3-150x150.png 150w, https:\/\/www.wblaserag.ch\/wp-content\/uploads\/2021\/04\/Visio-3-768x768.png 768w\" sizes=\"auto, (max-width: 1000px) 100vw, 1000px\" \/><figcaption>R\u00e9troviseur en V-mod\u00e8le 951.P105.M05<\/figcaption><\/figure><\/div>\n\n\n\n<p><\/p>\n<\/div>\n<\/div>\n\n\n\n<figure class=\"wp-block-table\"><table><tbody><tr><td><strong>N\u00b0 d&rsquo;article<\/strong><\/td><td><strong>Mod\u00e8le<\/strong><\/td><td><strong>Description<\/strong><\/td><\/tr><tr><td>951.P105.G32<\/td><td>SYST\u00c8ME DE R\u00c9TROVISEURS EN V-MOD\u00c8LE P105 PARA BASE PIVOTANTE EN VERRE<\/td><td>1 support d\u2019adaptateur P105, 2 r\u00e9troviseurs principaux en verre UG320<\/td><\/tr><tr><td>951.P105.M32<\/td><td>SYST\u00c8ME DE R\u00c9TROVISEURS EN V-MOD\u00c8LE P105 PARA BRUSI PIED PIVOTANT<\/td><td>1 support d\u2019adaptateur P105, 2 r\u00e9troviseurs principaux incassables UM320<\/td><\/tr><tr><td>951.P105.M05<\/td><td>SYST\u00c8ME DE R\u00c9TROVISEURS EN V-MOD\u00c8LE P105 PARA BRUSI PANORAMA SF<\/td><td>1 support d\u2019adaptateur P105, 2 r\u00e9troviseurs panoramiques incassables&nbsp;<br>UM005<\/td><\/tr><\/tbody><\/table><figcaption>R\u00e9troviseur&nbsp;en V-mod\u00e8le P105 PARA<\/figcaption><\/figure>\n\n\n\n<div class=\"wp-block-columns is-layout-flex wp-container-core-columns-is-layout-d0b3c9c8 wp-block-columns-is-layout-flex\">\n<div class=\"wp-block-column is-layout-flow wp-block-column-is-layout-flow\">\n<p><strong><strong>Montage du syst\u00e8me de r\u00e9troviseurs en V-mod\u00e8le<\/strong> P105 PARA<\/strong><\/p>\n\n\n\n<figure class=\"wp-block-image size-full\"><img loading=\"lazy\" decoding=\"async\" width=\"443\" height=\"401\" src=\"https:\/\/www.wblaserag.ch\/wp-content\/uploads\/2021\/08\/Fourche.png\" alt=\"Montage du syst\u00e8me de r\u00e9troviseurs En V-mod\u00e8le P105 PARA\" class=\"wp-image-5756\" srcset=\"https:\/\/www.wblaserag.ch\/wp-content\/uploads\/2021\/08\/Fourche.png 443w, https:\/\/www.wblaserag.ch\/wp-content\/uploads\/2021\/08\/Fourche-300x272.png 300w\" sizes=\"auto, (max-width: 443px) 100vw, 443px\" \/><\/figure>\n<\/div>\n\n\n\n<div class=\"wp-block-column is-layout-flow wp-block-column-is-layout-flow\">\n<p><strong><strong>Caract\u00e9ristiques techniques<\/strong><\/strong><\/p>\n\n\n\n<figure class=\"wp-block-image size-large\"><img loading=\"lazy\" decoding=\"async\" width=\"515\" height=\"496\" src=\"https:\/\/www.wblaserag.ch\/wp-content\/uploads\/2021\/05\/PBC-PARA-P105-V-Spiegelsystem-d-190221BS-1.jpg\" alt=\"Caract\u00e9ristiques techniques r\u00e9troviseur en V-mod\u00e8le\" class=\"wp-image-5821\" srcset=\"https:\/\/www.wblaserag.ch\/wp-content\/uploads\/2021\/05\/PBC-PARA-P105-V-Spiegelsystem-d-190221BS-1.jpg 515w, https:\/\/www.wblaserag.ch\/wp-content\/uploads\/2021\/05\/PBC-PARA-P105-V-Spiegelsystem-d-190221BS-1-300x289.jpg 300w\" sizes=\"auto, (max-width: 515px) 100vw, 515px\" \/><\/figure>\n<\/div>\n\n\n\n<div class=\"wp-block-column is-layout-flow wp-block-column-is-layout-flow\"><\/div>\n<\/div>\n\n\n\n<p><strong>1. <strong>Montez la base orientable sur un outil port\u00e9 avant<\/strong><\/strong><\/p>\n\n\n\n<ul class=\"wp-block-list\"><li>Trouvez une surface appropri\u00e9e<\/li><li>Tracez le sch\u00e9ma des trous, coupez 4 filets M8 ou percez 4 trous pour des boulons traversants.<\/li><li>Vissez le pied pivotant, alignez le tube ext\u00e9rieur verticalement et serrez toutes les vis.<\/li><\/ul>\n\n\n\n<p><strong>2. <strong>Montez le r\u00e9troviseur sur la fourche<\/strong><\/strong><\/p>\n\n\n\n<ul class=\"wp-block-list\"><li>Poussez la fourche dans le tube ext\u00e9rieur, alignez la fourche \u00e0 90 \u00b0 par rapport au sens de la marche et serrez les pinces de fourche et de r\u00e9troviseur.<\/li><\/ul>\n\n\n\n<p><strong>3. <strong>Contr\u00f4le final<\/strong><\/strong><\/p>\n\n\n\n<ul class=\"wp-block-list\"><li>Les deux r\u00e9troviseurs doivent \u00eatre mont\u00e9s horizontalement et \u00eatre librement visibles.<\/li><li>Ajustez les r\u00e9troviseurs, du point de vue du conducteur, sur le traffic transversal.<\/li><\/ul>\n","protected":false},"excerpt":{"rendered":"<p>PARA P105 &#8211; R\u00e9troviseur en V-mod\u00e8le pour outils port\u00e9s avant Le syst\u00e8me de r\u00e9troviseurs en V-mod\u00e8le BlaserVisio P105 PARA est universel, tr\u00e8s flexible et peut \u00eatre utilis\u00e9 pour tous les outils port\u00e9s avant. Les deux r\u00e9troviseurs lat\u00e9raux sont conformes aux normes VTS avec une surface r\u00e9fl\u00e9chissante de &gt; 500 cm2 chacun et sont disponibles en&hellip;<\/p>\n","protected":false},"author":1,"featured_media":0,"parent":3527,"menu_order":0,"comment_status":"closed","ping_status":"closed","template":"tw-no-title.php","meta":{"footnotes":""},"class_list":["post-6527","page","type-page","status-publish","hentry"],"yoast_head":"<!-- This site is optimized with the Yoast SEO plugin v27.3 - https:\/\/yoast.com\/product\/yoast-seo-wordpress\/ -->\n<title>PARA P105 - R\u00e9troviseur en V-mod\u00e8le pour outils port\u00e9s avant - W. Blaser AG<\/title>\n<meta name=\"robots\" content=\"index, follow, max-snippet:-1, max-image-preview:large, max-video-preview:-1\" \/>\n<link rel=\"canonical\" href=\"https:\/\/www.wblaserag.ch\/fr\/visio\/spiegel-systeme\/para-p105-retroviseur-en-v-modele-pour-outils-portes-avant\/\" \/>\n<meta property=\"og:locale\" content=\"fr_FR\" \/>\n<meta property=\"og:type\" content=\"article\" \/>\n<meta property=\"og:title\" content=\"PARA P105 - R\u00e9troviseur en V-mod\u00e8le pour outils port\u00e9s avant - W. Blaser AG\" \/>\n<meta property=\"og:description\" content=\"PARA P105 &#8211; R\u00e9troviseur en V-mod\u00e8le pour outils port\u00e9s avant Le syst\u00e8me de r\u00e9troviseurs en V-mod\u00e8le BlaserVisio P105 PARA est universel, tr\u00e8s flexible et peut \u00eatre utilis\u00e9 pour tous les outils port\u00e9s avant. Les deux r\u00e9troviseurs lat\u00e9raux sont conformes aux normes VTS avec une surface r\u00e9fl\u00e9chissante de &gt; 500 cm2 chacun et sont disponibles en&hellip;\" \/>\n<meta property=\"og:url\" content=\"https:\/\/www.wblaserag.ch\/fr\/visio\/spiegel-systeme\/para-p105-retroviseur-en-v-modele-pour-outils-portes-avant\/\" \/>\n<meta property=\"og:site_name\" content=\"W. Blaser AG\" \/>\n<meta property=\"article:publisher\" content=\"https:\/\/www.facebook.com\/BlaserVisio-191482694639126\" \/>\n<meta property=\"article:modified_time\" content=\"2021-09-19T12:47:30+00:00\" \/>\n<meta property=\"og:image\" content=\"https:\/\/www.wblaserag.ch\/wp-content\/uploads\/2021\/04\/Visio-4.png\" \/>\n<meta name=\"twitter:card\" content=\"summary_large_image\" \/>\n<script type=\"application\/ld+json\" class=\"yoast-schema-graph\">{\"@context\":\"https:\\\/\\\/schema.org\",\"@graph\":[{\"@type\":\"WebPage\",\"@id\":\"https:\\\/\\\/www.wblaserag.ch\\\/fr\\\/visio\\\/spiegel-systeme\\\/para-p105-retroviseur-en-v-modele-pour-outils-portes-avant\\\/\",\"url\":\"https:\\\/\\\/www.wblaserag.ch\\\/fr\\\/visio\\\/spiegel-systeme\\\/para-p105-retroviseur-en-v-modele-pour-outils-portes-avant\\\/\",\"name\":\"PARA P105 - R\u00e9troviseur en V-mod\u00e8le pour outils port\u00e9s avant - W. Blaser AG\",\"isPartOf\":{\"@id\":\"https:\\\/\\\/www.wblaserag.ch\\\/fr\\\/#website\"},\"primaryImageOfPage\":{\"@id\":\"https:\\\/\\\/www.wblaserag.ch\\\/fr\\\/visio\\\/spiegel-systeme\\\/para-p105-retroviseur-en-v-modele-pour-outils-portes-avant\\\/#primaryimage\"},\"image\":{\"@id\":\"https:\\\/\\\/www.wblaserag.ch\\\/fr\\\/visio\\\/spiegel-systeme\\\/para-p105-retroviseur-en-v-modele-pour-outils-portes-avant\\\/#primaryimage\"},\"thumbnailUrl\":\"https:\\\/\\\/www.wblaserag.ch\\\/wp-content\\\/uploads\\\/2021\\\/04\\\/Visio-4.png\",\"datePublished\":\"2021-09-19T12:28:32+00:00\",\"dateModified\":\"2021-09-19T12:47:30+00:00\",\"breadcrumb\":{\"@id\":\"https:\\\/\\\/www.wblaserag.ch\\\/fr\\\/visio\\\/spiegel-systeme\\\/para-p105-retroviseur-en-v-modele-pour-outils-portes-avant\\\/#breadcrumb\"},\"inLanguage\":\"fr-FR\",\"potentialAction\":[{\"@type\":\"ReadAction\",\"target\":[\"https:\\\/\\\/www.wblaserag.ch\\\/fr\\\/visio\\\/spiegel-systeme\\\/para-p105-retroviseur-en-v-modele-pour-outils-portes-avant\\\/\"]}]},{\"@type\":\"ImageObject\",\"inLanguage\":\"fr-FR\",\"@id\":\"https:\\\/\\\/www.wblaserag.ch\\\/fr\\\/visio\\\/spiegel-systeme\\\/para-p105-retroviseur-en-v-modele-pour-outils-portes-avant\\\/#primaryimage\",\"url\":\"https:\\\/\\\/www.wblaserag.ch\\\/wp-content\\\/uploads\\\/2021\\\/04\\\/Visio-4.png\",\"contentUrl\":\"https:\\\/\\\/www.wblaserag.ch\\\/wp-content\\\/uploads\\\/2021\\\/04\\\/Visio-4.png\"},{\"@type\":\"BreadcrumbList\",\"@id\":\"https:\\\/\\\/www.wblaserag.ch\\\/fr\\\/visio\\\/spiegel-systeme\\\/para-p105-retroviseur-en-v-modele-pour-outils-portes-avant\\\/#breadcrumb\",\"itemListElement\":[{\"@type\":\"ListItem\",\"position\":1,\"name\":\"Page d'accueil\",\"item\":\"https:\\\/\\\/www.wblaserag.ch\\\/fr\\\/\"},{\"@type\":\"ListItem\",\"position\":2,\"name\":\"BlaserVisio\",\"item\":\"https:\\\/\\\/www.wblaserag.ch\\\/fr\\\/visio\\\/\"},{\"@type\":\"ListItem\",\"position\":3,\"name\":\"R\u00e9troviseurs, supports de r\u00e9troviseurs et syst\u00e8mes de r\u00e9troviseurs\",\"item\":\"https:\\\/\\\/www.wblaserag.ch\\\/fr\\\/visio\\\/spiegel-systeme\\\/\"},{\"@type\":\"ListItem\",\"position\":4,\"name\":\"PARA P105 &#8211; R\u00e9troviseur en V-mod\u00e8le pour outils port\u00e9s avant\"}]},{\"@type\":\"WebSite\",\"@id\":\"https:\\\/\\\/www.wblaserag.ch\\\/fr\\\/#website\",\"url\":\"https:\\\/\\\/www.wblaserag.ch\\\/fr\\\/\",\"name\":\"W. Blaser AG\",\"description\":\"\",\"publisher\":{\"@id\":\"https:\\\/\\\/www.wblaserag.ch\\\/fr\\\/#organization\"},\"potentialAction\":[{\"@type\":\"SearchAction\",\"target\":{\"@type\":\"EntryPoint\",\"urlTemplate\":\"https:\\\/\\\/www.wblaserag.ch\\\/fr\\\/?s={search_term_string}\"},\"query-input\":{\"@type\":\"PropertyValueSpecification\",\"valueRequired\":true,\"valueName\":\"search_term_string\"}}],\"inLanguage\":\"fr-FR\"},{\"@type\":\"Organization\",\"@id\":\"https:\\\/\\\/www.wblaserag.ch\\\/fr\\\/#organization\",\"name\":\"W. Blaser AG\",\"url\":\"https:\\\/\\\/www.wblaserag.ch\\\/fr\\\/\",\"logo\":{\"@type\":\"ImageObject\",\"inLanguage\":\"fr-FR\",\"@id\":\"https:\\\/\\\/www.wblaserag.ch\\\/fr\\\/#\\\/schema\\\/logo\\\/image\\\/\",\"url\":\"https:\\\/\\\/www.wblaserag.ch\\\/wp-content\\\/uploads\\\/2021\\\/02\\\/cropped-cropped-Blaser_Mobile_NEG.png\",\"contentUrl\":\"https:\\\/\\\/www.wblaserag.ch\\\/wp-content\\\/uploads\\\/2021\\\/02\\\/cropped-cropped-Blaser_Mobile_NEG.png\",\"width\":400,\"height\":55,\"caption\":\"W. Blaser AG\"},\"image\":{\"@id\":\"https:\\\/\\\/www.wblaserag.ch\\\/fr\\\/#\\\/schema\\\/logo\\\/image\\\/\"},\"sameAs\":[\"https:\\\/\\\/www.facebook.com\\\/BlaserVisio-191482694639126\",\"https:\\\/\\\/www.instagram.com\\\/blaservisio\\\/\"]}]}<\/script>\n<!-- \/ Yoast SEO plugin. -->","yoast_head_json":{"title":"PARA P105 - R\u00e9troviseur en V-mod\u00e8le pour outils port\u00e9s avant - W. Blaser AG","robots":{"index":"index","follow":"follow","max-snippet":"max-snippet:-1","max-image-preview":"max-image-preview:large","max-video-preview":"max-video-preview:-1"},"canonical":"https:\/\/www.wblaserag.ch\/fr\/visio\/spiegel-systeme\/para-p105-retroviseur-en-v-modele-pour-outils-portes-avant\/","og_locale":"fr_FR","og_type":"article","og_title":"PARA P105 - R\u00e9troviseur en V-mod\u00e8le pour outils port\u00e9s avant - W. Blaser AG","og_description":"PARA P105 &#8211; R\u00e9troviseur en V-mod\u00e8le pour outils port\u00e9s avant Le syst\u00e8me de r\u00e9troviseurs en V-mod\u00e8le BlaserVisio P105 PARA est universel, tr\u00e8s flexible et peut \u00eatre utilis\u00e9 pour tous les outils port\u00e9s avant. Les deux r\u00e9troviseurs lat\u00e9raux sont conformes aux normes VTS avec une surface r\u00e9fl\u00e9chissante de &gt; 500 cm2 chacun et sont disponibles en&hellip;","og_url":"https:\/\/www.wblaserag.ch\/fr\/visio\/spiegel-systeme\/para-p105-retroviseur-en-v-modele-pour-outils-portes-avant\/","og_site_name":"W. Blaser AG","article_publisher":"https:\/\/www.facebook.com\/BlaserVisio-191482694639126","article_modified_time":"2021-09-19T12:47:30+00:00","og_image":[{"url":"https:\/\/www.wblaserag.ch\/wp-content\/uploads\/2021\/04\/Visio-4.png","type":"","width":"","height":""}],"twitter_card":"summary_large_image","schema":{"@context":"https:\/\/schema.org","@graph":[{"@type":"WebPage","@id":"https:\/\/www.wblaserag.ch\/fr\/visio\/spiegel-systeme\/para-p105-retroviseur-en-v-modele-pour-outils-portes-avant\/","url":"https:\/\/www.wblaserag.ch\/fr\/visio\/spiegel-systeme\/para-p105-retroviseur-en-v-modele-pour-outils-portes-avant\/","name":"PARA P105 - R\u00e9troviseur en V-mod\u00e8le pour outils port\u00e9s avant - W. Blaser AG","isPartOf":{"@id":"https:\/\/www.wblaserag.ch\/fr\/#website"},"primaryImageOfPage":{"@id":"https:\/\/www.wblaserag.ch\/fr\/visio\/spiegel-systeme\/para-p105-retroviseur-en-v-modele-pour-outils-portes-avant\/#primaryimage"},"image":{"@id":"https:\/\/www.wblaserag.ch\/fr\/visio\/spiegel-systeme\/para-p105-retroviseur-en-v-modele-pour-outils-portes-avant\/#primaryimage"},"thumbnailUrl":"https:\/\/www.wblaserag.ch\/wp-content\/uploads\/2021\/04\/Visio-4.png","datePublished":"2021-09-19T12:28:32+00:00","dateModified":"2021-09-19T12:47:30+00:00","breadcrumb":{"@id":"https:\/\/www.wblaserag.ch\/fr\/visio\/spiegel-systeme\/para-p105-retroviseur-en-v-modele-pour-outils-portes-avant\/#breadcrumb"},"inLanguage":"fr-FR","potentialAction":[{"@type":"ReadAction","target":["https:\/\/www.wblaserag.ch\/fr\/visio\/spiegel-systeme\/para-p105-retroviseur-en-v-modele-pour-outils-portes-avant\/"]}]},{"@type":"ImageObject","inLanguage":"fr-FR","@id":"https:\/\/www.wblaserag.ch\/fr\/visio\/spiegel-systeme\/para-p105-retroviseur-en-v-modele-pour-outils-portes-avant\/#primaryimage","url":"https:\/\/www.wblaserag.ch\/wp-content\/uploads\/2021\/04\/Visio-4.png","contentUrl":"https:\/\/www.wblaserag.ch\/wp-content\/uploads\/2021\/04\/Visio-4.png"},{"@type":"BreadcrumbList","@id":"https:\/\/www.wblaserag.ch\/fr\/visio\/spiegel-systeme\/para-p105-retroviseur-en-v-modele-pour-outils-portes-avant\/#breadcrumb","itemListElement":[{"@type":"ListItem","position":1,"name":"Page d'accueil","item":"https:\/\/www.wblaserag.ch\/fr\/"},{"@type":"ListItem","position":2,"name":"BlaserVisio","item":"https:\/\/www.wblaserag.ch\/fr\/visio\/"},{"@type":"ListItem","position":3,"name":"R\u00e9troviseurs, supports de r\u00e9troviseurs et syst\u00e8mes de r\u00e9troviseurs","item":"https:\/\/www.wblaserag.ch\/fr\/visio\/spiegel-systeme\/"},{"@type":"ListItem","position":4,"name":"PARA P105 &#8211; R\u00e9troviseur en V-mod\u00e8le pour outils port\u00e9s avant"}]},{"@type":"WebSite","@id":"https:\/\/www.wblaserag.ch\/fr\/#website","url":"https:\/\/www.wblaserag.ch\/fr\/","name":"W. Blaser AG","description":"","publisher":{"@id":"https:\/\/www.wblaserag.ch\/fr\/#organization"},"potentialAction":[{"@type":"SearchAction","target":{"@type":"EntryPoint","urlTemplate":"https:\/\/www.wblaserag.ch\/fr\/?s={search_term_string}"},"query-input":{"@type":"PropertyValueSpecification","valueRequired":true,"valueName":"search_term_string"}}],"inLanguage":"fr-FR"},{"@type":"Organization","@id":"https:\/\/www.wblaserag.ch\/fr\/#organization","name":"W. Blaser AG","url":"https:\/\/www.wblaserag.ch\/fr\/","logo":{"@type":"ImageObject","inLanguage":"fr-FR","@id":"https:\/\/www.wblaserag.ch\/fr\/#\/schema\/logo\/image\/","url":"https:\/\/www.wblaserag.ch\/wp-content\/uploads\/2021\/02\/cropped-cropped-Blaser_Mobile_NEG.png","contentUrl":"https:\/\/www.wblaserag.ch\/wp-content\/uploads\/2021\/02\/cropped-cropped-Blaser_Mobile_NEG.png","width":400,"height":55,"caption":"W. Blaser AG"},"image":{"@id":"https:\/\/www.wblaserag.ch\/fr\/#\/schema\/logo\/image\/"},"sameAs":["https:\/\/www.facebook.com\/BlaserVisio-191482694639126","https:\/\/www.instagram.com\/blaservisio\/"]}]}},"_links":{"self":[{"href":"https:\/\/www.wblaserag.ch\/fr\/wp-json\/wp\/v2\/pages\/6527","targetHints":{"allow":["GET"]}}],"collection":[{"href":"https:\/\/www.wblaserag.ch\/fr\/wp-json\/wp\/v2\/pages"}],"about":[{"href":"https:\/\/www.wblaserag.ch\/fr\/wp-json\/wp\/v2\/types\/page"}],"author":[{"embeddable":true,"href":"https:\/\/www.wblaserag.ch\/fr\/wp-json\/wp\/v2\/users\/1"}],"replies":[{"embeddable":true,"href":"https:\/\/www.wblaserag.ch\/fr\/wp-json\/wp\/v2\/comments?post=6527"}],"version-history":[{"count":3,"href":"https:\/\/www.wblaserag.ch\/fr\/wp-json\/wp\/v2\/pages\/6527\/revisions"}],"predecessor-version":[{"id":6530,"href":"https:\/\/www.wblaserag.ch\/fr\/wp-json\/wp\/v2\/pages\/6527\/revisions\/6530"}],"up":[{"embeddable":true,"href":"https:\/\/www.wblaserag.ch\/fr\/wp-json\/wp\/v2\/pages\/3527"}],"wp:attachment":[{"href":"https:\/\/www.wblaserag.ch\/fr\/wp-json\/wp\/v2\/media?parent=6527"}],"curies":[{"name":"wp","href":"https:\/\/api.w.org\/{rel}","templated":true}]}}