{"id":3735,"date":"2021-02-06T23:37:59","date_gmt":"2021-02-06T23:37:59","guid":{"rendered":"https:\/\/www.wblaserag.ch\/?page_id=3735"},"modified":"2021-08-12T14:32:27","modified_gmt":"2021-08-12T14:32:27","slug":"tabouret-de-laboratoire-classico","status":"publish","type":"page","link":"https:\/\/www.wblaserag.ch\/fr\/chair\/tabouret-de-laboratoire-classico\/","title":{"rendered":"Tabouret de laboratoire Classico"},"content":{"rendered":"\n<div style=\"height:1px\" aria-hidden=\"true\" class=\"wp-block-spacer\"><\/div>\n\n\n\n<p>BlaserClassico<\/p>\n\n\n\n<h1 class=\"wp-block-heading\">Tabouret de laboratoire Classico<\/h1>\n\n\n\n<figure class=\"wp-block-image size-large is-style-default\"><img loading=\"lazy\" decoding=\"async\" width=\"1024\" height=\"1024\" src=\"https:\/\/www.wblaserag.ch\/wp-content\/uploads\/2021\/04\/0520_BlaserChair_SANA_Hocker_1276x1276_72-1024x1024.jpg\" alt=\"Tabouret de laboratoire Classico\" class=\"wp-image-1908\" srcset=\"https:\/\/www.wblaserag.ch\/wp-content\/uploads\/2021\/04\/0520_BlaserChair_SANA_Hocker_1276x1276_72-1024x1024.jpg 1024w, https:\/\/www.wblaserag.ch\/wp-content\/uploads\/2021\/04\/0520_BlaserChair_SANA_Hocker_1276x1276_72-300x300.jpg 300w, https:\/\/www.wblaserag.ch\/wp-content\/uploads\/2021\/04\/0520_BlaserChair_SANA_Hocker_1276x1276_72-150x150.jpg 150w, https:\/\/www.wblaserag.ch\/wp-content\/uploads\/2021\/04\/0520_BlaserChair_SANA_Hocker_1276x1276_72-768x768.jpg 768w, https:\/\/www.wblaserag.ch\/wp-content\/uploads\/2021\/04\/0520_BlaserChair_SANA_Hocker_1276x1276_72-1200x1200.jpg 1200w, https:\/\/www.wblaserag.ch\/wp-content\/uploads\/2021\/04\/0520_BlaserChair_SANA_Hocker_1276x1276_72.jpg 1276w\" sizes=\"auto, (max-width: 1024px) 100vw, 1024px\" \/><\/figure>\n\n\n<div class=\"yoast-breadcrumbs\"><span><span><a href=\"https:\/\/www.wblaserag.ch\/fr\/\">Page d&rsquo;accueil<\/a><\/span> \u00bb <span><a href=\"https:\/\/www.wblaserag.ch\/fr\/chair\/\">BlaserChair<\/a><\/span> \u00bb <span class=\"breadcrumb_last\" aria-current=\"page\">Tabouret de laboratoire Classico<\/span><\/span><\/div>\n\n\n<p>Les tabourets de laboratoire \u00e0 roulettes de la ligne de produits Classico sont assortis aux fauteuils en termes de forme et de fonctionnalit\u00e9. Notre tabouret de laboratoire avec rev\u00eatement bleu de la gamme Classic est devenu un best-seller au cours des derni\u00e8res ann\u00e9es. Toutes les housses sont fabriqu\u00e9es en similicuir r\u00e9sistant, imperm\u00e9able et d\u00e9sinfectant. On reconna\u00eet bien la griffe du designer Cuno Frommherz dans les lignes du tabouret de travail BlaserClassico.<\/p>\n\n\n\n<div class=\"wp-block-buttons is-layout-flex wp-block-buttons-is-layout-flex\">\n<div class=\"wp-block-button is-style-outline is-style-outline--1\"><a class=\"wp-block-button__link has-accent-color has-text-color\" href=\"mailto:info@wblaserag.ch\" style=\"border-radius:6px\">Demander un devis<\/a><\/div>\n<\/div>\n\n\n\n<h2 class=\"wp-block-heading\">Classico &#8211; tabouret de laboratoire \u00e0 roulettes r\u00e9glable en hauteur<\/h2>\n\n\n\n<p>H25.LBH000.H300<\/p>\n\n\n\n<div class=\"wp-block-group\"><div class=\"wp-block-group__inner-container is-layout-flow wp-block-group-is-layout-flow\">\n<h3 class=\"wp-block-heading\">Commande et fonctionnement<\/h3>\n\n\n\n<ul class=\"wp-block-list\"><li>Fonctionnement avec anneau de commande \u00e0 360\u00b0<\/li><li>Hauteur r\u00e9glable en continu<\/li><li>Si\u00e8ge pivotant \u00e0 360\u00b0<\/li><\/ul>\n<\/div><\/div>\n\n\n\n<h3 class=\"wp-block-heading\">Structure<\/h3>\n\n\n\n<ul class=\"wp-block-list\"><li>Pi\u00e8tement m\u00e9tallique chrom\u00e9<\/li><li>Rev\u00eatement en similicuir de qualit\u00e9 (Stamskin top)<\/li><\/ul>\n\n\n\n<h3 class=\"wp-block-heading\">Roulettes<\/h3>\n\n\n\n<ul class=\"wp-block-list\"><li>5 roulettes doubles pivotantes<\/li><\/ul>\n\n\n\n<div class=\"wp-block-group\"><div class=\"wp-block-group__inner-container is-layout-flow wp-block-group-is-layout-flow\">\n<h3 class=\"wp-block-heading\">Dimensions<\/h3>\n\n\n\n<ul class=\"wp-block-list\"><li>Hauteur du si\u00e8ge : 50 &#8211; 70 cm<\/li><li>Si\u00e8ge : \u00d8 37 cm<\/li><li>Espace du si\u00e8ge : \u00d8 52 cm<\/li><\/ul>\n<\/div><\/div>\n\n\n\n<h3 class=\"wp-block-heading\"><strong>Labels<\/strong><\/h3>\n\n\n\n<figure class=\"wp-block-image size-large is-style-default\"><img decoding=\"async\" src=\"https:\/\/www.wblaserag.ch\/wp-content\/uploads\/2021\/04\/1020_BlaserChair_LENTO-R_Datenblatt_D_icons-1.tiff\" alt=\"Laborhocker Swiss made\" class=\"wp-image-1962\"\/><figcaption>Fabriqu\u00e9 en Suisse, 10 ans de garantie sur les pi\u00e8ces d\u00e9tach\u00e9es<\/figcaption><\/figure>\n\n\n\n<figure class=\"wp-block-image size-large is-style-default\"><img decoding=\"async\" src=\"https:\/\/www.wblaserag.ch\/wp-content\/uploads\/2021\/04\/1020_BlaserChair_LENTO-R_Datenblatt_D_icons.tiff\" alt=\"Laborhocker SQS\" class=\"wp-image-1957\"\/><figcaption>Management environnemental certifi\u00e9 et contr\u00f4l\u00e9 en externe<\/figcaption><\/figure>\n\n\n\n<figure class=\"wp-block-image size-large is-style-default\"><img decoding=\"async\" src=\"https:\/\/www.wblaserag.ch\/wp-content\/uploads\/2021\/04\/1020_BlaserChair_LENTO-R_Datenblatt_D_icons-2.tiff\" alt=\"Laborhocker Sanitized\" class=\"wp-image-1968\"\/><figcaption>Fonction d&rsquo;hygi\u00e8ne certifi\u00e9e et contr\u00f4l\u00e9e de l&rsquo;ext\u00e9rieur<\/figcaption><\/figure>\n\n\n\n<h2 class=\"wp-block-heading\" id=\"Qualit\u00e9-des-fauteuils-et-du-mobilier-m\u00e9dical-de-Blaser\">Qualit\u00e9 des fauteuils et du mobilier m\u00e9dical Blaser<\/h2>\n\n\n\n<p>Les&nbsp;<a href=\"https:\/\/www.wblaserag.ch\/fr\/chair\/\">fauteuils m\u00e9dicaux<\/a>&nbsp;et&nbsp;<a href=\"https:\/\/www.wblaserag.ch\/fr\/chair\/\">fauteuils de soins<\/a>&nbsp;Blaser sont conformes \u00e0 la norme CE. Leur conception et d\u00e9veloppement, ainsi que la version commercialis\u00e9e sont conformes aux exigences essentielles de la directive 93\/42\/CEE relative aux dispositifs m\u00e9dicaux. Ils ont \u00e9t\u00e9 fabriqu\u00e9s conform\u00e9ment au label \u00ab&nbsp;Swiss made&nbsp;\u00bb et sont donc de v\u00e9ritables produits suisses. Comme nous fabriquons les produits dans nos propres sites de production, nous sommes en mesure de fournir des pi\u00e8ces de rechange m\u00eame apr\u00e8s 10 ans. Nous nous engageons \u00e0 respecter l\u2019environnement et nous avons obtenu le certificat ISO 14001.<\/p>\n\n\n\n<h2 class=\"wp-block-heading\" id=\"Autres-fauteuils-de-Blaser\">Autres fauteuils Blaser<\/h2>\n\n\n\n<div class=\"wp-block-columns is-layout-flex wp-container-core-columns-is-layout-d0b3c9c8 wp-block-columns-is-layout-flex\">\n<div class=\"wp-block-column is-layout-flow wp-block-column-is-layout-flow\">\n<ul class=\"is-style-tw-arrow wp-block-list\"><li><a href=\"https:\/\/www.wblaserag.ch\/fr\/chair\/fauteuil-medical-medica\/\" target=\"_blank\" rel=\"noreferrer noopener\">Fauteuil m\u00e9dical Medica<\/a><\/li><li><a href=\"https:\/\/www.wblaserag.ch\/fr\/chair\/fauteuil-de-soins-cura\/\" target=\"_blank\" rel=\"noreferrer noopener\">Fauteuil de soins Cura<\/a>&nbsp;<\/li><li><a href=\"https:\/\/www.wblaserag.ch\/fr\/chair\/fauteuil-de-soins-vita-ii\/\" target=\"_blank\" rel=\"noreferrer noopener\">Fauteuil Vita II<\/a>&nbsp;&nbsp;&nbsp;<\/li><li><a href=\"https:\/\/www.wblaserag.ch\/fr\/chair\/fauteuil-de-soins-care\/\" target=\"_blank\" rel=\"noreferrer noopener\">Fauteuil de soins Care<\/a><\/li><li><a href=\"https:\/\/www.wblaserag.ch\/fr\/chair\/fauteuil-de-soins-care-r\/\" target=\"_blank\" rel=\"noreferrer noopener\">Fauteuil de soins Care R<\/a>&nbsp;&nbsp;&nbsp;&nbsp;&nbsp;&nbsp;&nbsp;&nbsp;&nbsp;&nbsp;&nbsp;&nbsp;&nbsp;&nbsp;&nbsp;<\/li><li><a href=\"https:\/\/www.wblaserag.ch\/fr\/chair\/fauteuil-patient-lento-r\/\" target=\"_blank\" rel=\"noreferrer noopener\">Fauteuil patient Lento R<\/a><\/li><li><a href=\"https:\/\/www.wblaserag.ch\/fr\/chair\/fauteuil-patient-lento\/\" target=\"_blank\" rel=\"noreferrer noopener\">Fauteuil patient Lento<\/a><\/li><\/ul>\n<\/div>\n\n\n\n<div class=\"wp-block-column is-layout-flow wp-block-column-is-layout-flow\">\n<ul class=\"is-style-tw-arrow wp-block-list\"><li><a href=\"https:\/\/www.wblaserag.ch\/fr\/chair\/tabouret-de-laboratoire-classico\/\" target=\"_blank\" rel=\"noreferrer noopener\">Tabouret de laboratoire Classico<\/a><\/li><li><a href=\"https:\/\/www.wblaserag.ch\/fr\/chair\/tabouret-de-travail-isola\/\" target=\"_blank\" rel=\"noreferrer noopener\">Tabouret de travail Isola angulaire et rond<\/a>&nbsp;&nbsp;<\/li><li><a href=\"https:\/\/www.wblaserag.ch\/fr\/chair\/caisson-cura-m\/\" target=\"_blank\" rel=\"noreferrer noopener\">Caisson Cura M<\/a><\/li><li><a href=\"https:\/\/www.wblaserag.ch\/fr\/chair\/mobilier-pour-hopitaux-maisons-de-retraite-et-developpements-individuels\/\" target=\"_blank\" rel=\"noreferrer noopener\">Mobilier hospitalier et mobilier de cabinet m\u00e9dical<\/a><\/li><\/ul>\n<\/div>\n\n\n\n<div class=\"wp-block-column is-layout-flow wp-block-column-is-layout-flow\"><\/div>\n<\/div>\n","protected":false},"excerpt":{"rendered":"<p>BlaserClassico Tabouret de laboratoire Classico Les tabourets de laboratoire \u00e0 roulettes de la ligne de produits Classico sont assortis aux fauteuils en termes de forme et de fonctionnalit\u00e9. Notre tabouret de laboratoire avec rev\u00eatement bleu de la gamme Classic est devenu un best-seller au cours des derni\u00e8res ann\u00e9es. Toutes les housses sont fabriqu\u00e9es en similicuir&hellip;<\/p>\n","protected":false},"author":1,"featured_media":0,"parent":3322,"menu_order":0,"comment_status":"closed","ping_status":"closed","template":"tw-no-title.php","meta":{"footnotes":""},"class_list":["post-3735","page","type-page","status-publish","hentry"],"yoast_head":"<!-- This site is optimized with the Yoast SEO plugin v27.3 - https:\/\/yoast.com\/product\/yoast-seo-wordpress\/ -->\n<title>Tabouret de laboratoire Classico - W. Blaser AG<\/title>\n<meta name=\"robots\" content=\"index, follow, max-snippet:-1, max-image-preview:large, max-video-preview:-1\" \/>\n<link rel=\"canonical\" href=\"https:\/\/www.wblaserag.ch\/fr\/chair\/tabouret-de-laboratoire-classico\/\" \/>\n<meta property=\"og:locale\" content=\"fr_FR\" \/>\n<meta property=\"og:type\" content=\"article\" \/>\n<meta property=\"og:title\" content=\"Tabouret de laboratoire Classico - W. Blaser AG\" \/>\n<meta property=\"og:description\" content=\"BlaserClassico Tabouret de laboratoire Classico Les tabourets de laboratoire \u00e0 roulettes de la ligne de produits Classico sont assortis aux fauteuils en termes de forme et de fonctionnalit\u00e9. Notre tabouret de laboratoire avec rev\u00eatement bleu de la gamme Classic est devenu un best-seller au cours des derni\u00e8res ann\u00e9es. Toutes les housses sont fabriqu\u00e9es en similicuir&hellip;\" \/>\n<meta property=\"og:url\" content=\"https:\/\/www.wblaserag.ch\/fr\/chair\/tabouret-de-laboratoire-classico\/\" \/>\n<meta property=\"og:site_name\" content=\"W. Blaser AG\" \/>\n<meta property=\"article:publisher\" content=\"https:\/\/www.facebook.com\/BlaserVisio-191482694639126\" \/>\n<meta property=\"article:modified_time\" content=\"2021-08-12T14:32:27+00:00\" \/>\n<meta property=\"og:image\" content=\"https:\/\/www.wblaserag.ch\/wp-content\/uploads\/2021\/04\/0520_BlaserChair_SANA_Hocker_1276x1276_72-1024x1024.jpg\" \/>\n<meta name=\"twitter:card\" content=\"summary_large_image\" \/>\n<script type=\"application\/ld+json\" class=\"yoast-schema-graph\">{\"@context\":\"https:\\\/\\\/schema.org\",\"@graph\":[{\"@type\":\"WebPage\",\"@id\":\"https:\\\/\\\/www.wblaserag.ch\\\/fr\\\/chair\\\/tabouret-de-laboratoire-classico\\\/\",\"url\":\"https:\\\/\\\/www.wblaserag.ch\\\/fr\\\/chair\\\/tabouret-de-laboratoire-classico\\\/\",\"name\":\"Tabouret de laboratoire Classico - W. Blaser AG\",\"isPartOf\":{\"@id\":\"https:\\\/\\\/www.wblaserag.ch\\\/fr\\\/#website\"},\"primaryImageOfPage\":{\"@id\":\"https:\\\/\\\/www.wblaserag.ch\\\/fr\\\/chair\\\/tabouret-de-laboratoire-classico\\\/#primaryimage\"},\"image\":{\"@id\":\"https:\\\/\\\/www.wblaserag.ch\\\/fr\\\/chair\\\/tabouret-de-laboratoire-classico\\\/#primaryimage\"},\"thumbnailUrl\":\"https:\\\/\\\/www.wblaserag.ch\\\/wp-content\\\/uploads\\\/2021\\\/04\\\/0520_BlaserChair_SANA_Hocker_1276x1276_72-1024x1024.jpg\",\"datePublished\":\"2021-02-06T23:37:59+00:00\",\"dateModified\":\"2021-08-12T14:32:27+00:00\",\"breadcrumb\":{\"@id\":\"https:\\\/\\\/www.wblaserag.ch\\\/fr\\\/chair\\\/tabouret-de-laboratoire-classico\\\/#breadcrumb\"},\"inLanguage\":\"fr-FR\",\"potentialAction\":[{\"@type\":\"ReadAction\",\"target\":[\"https:\\\/\\\/www.wblaserag.ch\\\/fr\\\/chair\\\/tabouret-de-laboratoire-classico\\\/\"]}]},{\"@type\":\"ImageObject\",\"inLanguage\":\"fr-FR\",\"@id\":\"https:\\\/\\\/www.wblaserag.ch\\\/fr\\\/chair\\\/tabouret-de-laboratoire-classico\\\/#primaryimage\",\"url\":\"https:\\\/\\\/www.wblaserag.ch\\\/wp-content\\\/uploads\\\/2021\\\/04\\\/0520_BlaserChair_SANA_Hocker_1276x1276_72-1024x1024.jpg\",\"contentUrl\":\"https:\\\/\\\/www.wblaserag.ch\\\/wp-content\\\/uploads\\\/2021\\\/04\\\/0520_BlaserChair_SANA_Hocker_1276x1276_72-1024x1024.jpg\"},{\"@type\":\"BreadcrumbList\",\"@id\":\"https:\\\/\\\/www.wblaserag.ch\\\/fr\\\/chair\\\/tabouret-de-laboratoire-classico\\\/#breadcrumb\",\"itemListElement\":[{\"@type\":\"ListItem\",\"position\":1,\"name\":\"Page d'accueil\",\"item\":\"https:\\\/\\\/www.wblaserag.ch\\\/fr\\\/\"},{\"@type\":\"ListItem\",\"position\":2,\"name\":\"BlaserChair\",\"item\":\"https:\\\/\\\/www.wblaserag.ch\\\/fr\\\/chair\\\/\"},{\"@type\":\"ListItem\",\"position\":3,\"name\":\"Tabouret de laboratoire Classico\"}]},{\"@type\":\"WebSite\",\"@id\":\"https:\\\/\\\/www.wblaserag.ch\\\/fr\\\/#website\",\"url\":\"https:\\\/\\\/www.wblaserag.ch\\\/fr\\\/\",\"name\":\"W. Blaser AG\",\"description\":\"\",\"publisher\":{\"@id\":\"https:\\\/\\\/www.wblaserag.ch\\\/fr\\\/#organization\"},\"potentialAction\":[{\"@type\":\"SearchAction\",\"target\":{\"@type\":\"EntryPoint\",\"urlTemplate\":\"https:\\\/\\\/www.wblaserag.ch\\\/fr\\\/?s={search_term_string}\"},\"query-input\":{\"@type\":\"PropertyValueSpecification\",\"valueRequired\":true,\"valueName\":\"search_term_string\"}}],\"inLanguage\":\"fr-FR\"},{\"@type\":\"Organization\",\"@id\":\"https:\\\/\\\/www.wblaserag.ch\\\/fr\\\/#organization\",\"name\":\"W. Blaser AG\",\"url\":\"https:\\\/\\\/www.wblaserag.ch\\\/fr\\\/\",\"logo\":{\"@type\":\"ImageObject\",\"inLanguage\":\"fr-FR\",\"@id\":\"https:\\\/\\\/www.wblaserag.ch\\\/fr\\\/#\\\/schema\\\/logo\\\/image\\\/\",\"url\":\"https:\\\/\\\/www.wblaserag.ch\\\/wp-content\\\/uploads\\\/2021\\\/02\\\/cropped-cropped-Blaser_Mobile_NEG.png\",\"contentUrl\":\"https:\\\/\\\/www.wblaserag.ch\\\/wp-content\\\/uploads\\\/2021\\\/02\\\/cropped-cropped-Blaser_Mobile_NEG.png\",\"width\":400,\"height\":55,\"caption\":\"W. Blaser AG\"},\"image\":{\"@id\":\"https:\\\/\\\/www.wblaserag.ch\\\/fr\\\/#\\\/schema\\\/logo\\\/image\\\/\"},\"sameAs\":[\"https:\\\/\\\/www.facebook.com\\\/BlaserVisio-191482694639126\",\"https:\\\/\\\/www.instagram.com\\\/blaservisio\\\/\"]}]}<\/script>\n<!-- \/ Yoast SEO plugin. -->","yoast_head_json":{"title":"Tabouret de laboratoire Classico - W. Blaser AG","robots":{"index":"index","follow":"follow","max-snippet":"max-snippet:-1","max-image-preview":"max-image-preview:large","max-video-preview":"max-video-preview:-1"},"canonical":"https:\/\/www.wblaserag.ch\/fr\/chair\/tabouret-de-laboratoire-classico\/","og_locale":"fr_FR","og_type":"article","og_title":"Tabouret de laboratoire Classico - W. Blaser AG","og_description":"BlaserClassico Tabouret de laboratoire Classico Les tabourets de laboratoire \u00e0 roulettes de la ligne de produits Classico sont assortis aux fauteuils en termes de forme et de fonctionnalit\u00e9. Notre tabouret de laboratoire avec rev\u00eatement bleu de la gamme Classic est devenu un best-seller au cours des derni\u00e8res ann\u00e9es. Toutes les housses sont fabriqu\u00e9es en similicuir&hellip;","og_url":"https:\/\/www.wblaserag.ch\/fr\/chair\/tabouret-de-laboratoire-classico\/","og_site_name":"W. Blaser AG","article_publisher":"https:\/\/www.facebook.com\/BlaserVisio-191482694639126","article_modified_time":"2021-08-12T14:32:27+00:00","og_image":[{"url":"https:\/\/www.wblaserag.ch\/wp-content\/uploads\/2021\/04\/0520_BlaserChair_SANA_Hocker_1276x1276_72-1024x1024.jpg","type":"","width":"","height":""}],"twitter_card":"summary_large_image","schema":{"@context":"https:\/\/schema.org","@graph":[{"@type":"WebPage","@id":"https:\/\/www.wblaserag.ch\/fr\/chair\/tabouret-de-laboratoire-classico\/","url":"https:\/\/www.wblaserag.ch\/fr\/chair\/tabouret-de-laboratoire-classico\/","name":"Tabouret de laboratoire Classico - W. Blaser AG","isPartOf":{"@id":"https:\/\/www.wblaserag.ch\/fr\/#website"},"primaryImageOfPage":{"@id":"https:\/\/www.wblaserag.ch\/fr\/chair\/tabouret-de-laboratoire-classico\/#primaryimage"},"image":{"@id":"https:\/\/www.wblaserag.ch\/fr\/chair\/tabouret-de-laboratoire-classico\/#primaryimage"},"thumbnailUrl":"https:\/\/www.wblaserag.ch\/wp-content\/uploads\/2021\/04\/0520_BlaserChair_SANA_Hocker_1276x1276_72-1024x1024.jpg","datePublished":"2021-02-06T23:37:59+00:00","dateModified":"2021-08-12T14:32:27+00:00","breadcrumb":{"@id":"https:\/\/www.wblaserag.ch\/fr\/chair\/tabouret-de-laboratoire-classico\/#breadcrumb"},"inLanguage":"fr-FR","potentialAction":[{"@type":"ReadAction","target":["https:\/\/www.wblaserag.ch\/fr\/chair\/tabouret-de-laboratoire-classico\/"]}]},{"@type":"ImageObject","inLanguage":"fr-FR","@id":"https:\/\/www.wblaserag.ch\/fr\/chair\/tabouret-de-laboratoire-classico\/#primaryimage","url":"https:\/\/www.wblaserag.ch\/wp-content\/uploads\/2021\/04\/0520_BlaserChair_SANA_Hocker_1276x1276_72-1024x1024.jpg","contentUrl":"https:\/\/www.wblaserag.ch\/wp-content\/uploads\/2021\/04\/0520_BlaserChair_SANA_Hocker_1276x1276_72-1024x1024.jpg"},{"@type":"BreadcrumbList","@id":"https:\/\/www.wblaserag.ch\/fr\/chair\/tabouret-de-laboratoire-classico\/#breadcrumb","itemListElement":[{"@type":"ListItem","position":1,"name":"Page d'accueil","item":"https:\/\/www.wblaserag.ch\/fr\/"},{"@type":"ListItem","position":2,"name":"BlaserChair","item":"https:\/\/www.wblaserag.ch\/fr\/chair\/"},{"@type":"ListItem","position":3,"name":"Tabouret de laboratoire Classico"}]},{"@type":"WebSite","@id":"https:\/\/www.wblaserag.ch\/fr\/#website","url":"https:\/\/www.wblaserag.ch\/fr\/","name":"W. Blaser AG","description":"","publisher":{"@id":"https:\/\/www.wblaserag.ch\/fr\/#organization"},"potentialAction":[{"@type":"SearchAction","target":{"@type":"EntryPoint","urlTemplate":"https:\/\/www.wblaserag.ch\/fr\/?s={search_term_string}"},"query-input":{"@type":"PropertyValueSpecification","valueRequired":true,"valueName":"search_term_string"}}],"inLanguage":"fr-FR"},{"@type":"Organization","@id":"https:\/\/www.wblaserag.ch\/fr\/#organization","name":"W. Blaser AG","url":"https:\/\/www.wblaserag.ch\/fr\/","logo":{"@type":"ImageObject","inLanguage":"fr-FR","@id":"https:\/\/www.wblaserag.ch\/fr\/#\/schema\/logo\/image\/","url":"https:\/\/www.wblaserag.ch\/wp-content\/uploads\/2021\/02\/cropped-cropped-Blaser_Mobile_NEG.png","contentUrl":"https:\/\/www.wblaserag.ch\/wp-content\/uploads\/2021\/02\/cropped-cropped-Blaser_Mobile_NEG.png","width":400,"height":55,"caption":"W. Blaser AG"},"image":{"@id":"https:\/\/www.wblaserag.ch\/fr\/#\/schema\/logo\/image\/"},"sameAs":["https:\/\/www.facebook.com\/BlaserVisio-191482694639126","https:\/\/www.instagram.com\/blaservisio\/"]}]}},"_links":{"self":[{"href":"https:\/\/www.wblaserag.ch\/fr\/wp-json\/wp\/v2\/pages\/3735","targetHints":{"allow":["GET"]}}],"collection":[{"href":"https:\/\/www.wblaserag.ch\/fr\/wp-json\/wp\/v2\/pages"}],"about":[{"href":"https:\/\/www.wblaserag.ch\/fr\/wp-json\/wp\/v2\/types\/page"}],"author":[{"embeddable":true,"href":"https:\/\/www.wblaserag.ch\/fr\/wp-json\/wp\/v2\/users\/1"}],"replies":[{"embeddable":true,"href":"https:\/\/www.wblaserag.ch\/fr\/wp-json\/wp\/v2\/comments?post=3735"}],"version-history":[{"count":9,"href":"https:\/\/www.wblaserag.ch\/fr\/wp-json\/wp\/v2\/pages\/3735\/revisions"}],"predecessor-version":[{"id":5626,"href":"https:\/\/www.wblaserag.ch\/fr\/wp-json\/wp\/v2\/pages\/3735\/revisions\/5626"}],"up":[{"embeddable":true,"href":"https:\/\/www.wblaserag.ch\/fr\/wp-json\/wp\/v2\/pages\/3322"}],"wp:attachment":[{"href":"https:\/\/www.wblaserag.ch\/fr\/wp-json\/wp\/v2\/media?parent=3735"}],"curies":[{"name":"wp","href":"https:\/\/api.w.org\/{rel}","templated":true}]}}