{"id":3322,"date":"2021-02-06T18:59:47","date_gmt":"2021-02-06T18:59:47","guid":{"rendered":"https:\/\/www.wblaserag.ch\/?page_id=3322"},"modified":"2025-11-15T12:54:52","modified_gmt":"2025-11-15T12:54:52","slug":"chair","status":"publish","type":"page","link":"https:\/\/www.wblaserag.ch\/fr\/chair\/","title":{"rendered":"BlaserChair"},"content":{"rendered":"\n<div style=\"height:1px\" aria-hidden=\"true\" class=\"wp-block-spacer\"><\/div>\n\n\n\n<h1 class=\"wp-block-heading\" style=\"font-size:36px\">Fauteuils m\u00e9dicaux, de soins et de repos suisses<\/h1>\n\n\n<div class=\"yoast-breadcrumbs\"><span><span><a href=\"https:\/\/www.wblaserag.ch\/fr\/\">Page d&rsquo;accueil<\/a><\/span> \u00bb <span class=\"breadcrumb_last\" aria-current=\"page\">BlaserChair<\/span><\/span><\/div>\n\n\n<p>Les produits suisses authentiques Blaser sont pr\u00e9cis, polyvalents et de haute qualit\u00e9. \u00c9quip\u00e9s de la fonction hygi\u00e9nique antimicrobienne Sanitized\u00ae. Chaque syst\u00e8me d\u2019assise et de couchage repose sur un mod\u00e8le basique solide disponible dans diff\u00e9rentes variantes et configurable individuellement. Tous les fauteuils m\u00e9dicaux, les fauteuils de soins ou de repos conviennent parfaitement aux personnes \u00e2g\u00e9es qui ne sont plus aussi mobiles ou qui sont prises en charge par l\u2019Ehpad ou la&nbsp;maison de retraite. Gr\u00e2ce \u00e0 une hauteur d\u2019assise optimale, les fauteuils m\u00e9dicaux et de soins Blaser peuvent \u00eatre utilis\u00e9s \u00e0 la table \u00e0 manger. Les roulettes permettent un d\u00e9placement facile et s\u00e9curis\u00e9. La stabilit\u00e9 des accoudoirs est garantie. Gr\u00e2ce \u00e0 la hauteur d\u2019assise de 52 cm, les fauteuils vous assistent en station debout et offrent \u00e9galement un confort d\u2019assise et de couchage pour le repos et la relaxation. Tous les fauteuils et les tabourets de travail sont disponibles \u00e0 l\u2019achat ou \u00e0 la location.<\/p>\n\n\n\n<div class=\"wp-block-columns alignwide is-layout-flex wp-container-core-columns-is-layout-d0b3c9c8 wp-block-columns-is-layout-flex\">\n<div class=\"wp-block-column is-layout-flow wp-block-column-is-layout-flow\">\n<figure class=\"wp-block-image size-large\"><a href=\"https:\/\/www.wblaserag.ch\/fr\/chair\/fauteuil-medical-medica\/\"><img loading=\"lazy\" decoding=\"async\" width=\"640\" height=\"720\" src=\"https:\/\/www.wblaserag.ch\/wp-content\/uploads\/2021\/06\/Design-ohne-Titel-115.png\" alt=\"Fauteuil m\u00e9dical Medica\" class=\"wp-image-3327\" srcset=\"https:\/\/www.wblaserag.ch\/wp-content\/uploads\/2021\/06\/Design-ohne-Titel-115.png 640w, https:\/\/www.wblaserag.ch\/wp-content\/uploads\/2021\/06\/Design-ohne-Titel-115-267x300.png 267w\" sizes=\"auto, (max-width: 640px) 100vw, 640px\" \/><\/a><figcaption class=\"wp-element-caption\">BlaserIsola<\/figcaption><\/figure>\n\n\n\n<h3 class=\"wp-block-heading\">Medica N15<\/h3>\n\n\n\n<p class=\"has-normal-font-size\"><a href=\"https:\/\/www.wblaserag.ch\/fr\/chair\/fauteuil-medical-medica\/\">Fauteuil m\u00e9dical pour les h\u00f4pitaux, les cabinets m\u00e9dicaux et les laboratoires<\/a><\/p>\n\n\n\n<div class=\"wp-block-buttons is-layout-flex wp-block-buttons-is-layout-flex\">\n<div class=\"wp-block-button is-style-outline is-style-outline--1\"><a class=\"wp-block-button__link has-accent-color has-text-color wp-element-button\" href=\"https:\/\/www.wblaserag.ch\/fr\/chair\/fauteuil-medical-medica\/\" style=\"border-radius:6px\"><strong>D\u00c9TAILS<\/strong><\/a><\/div>\n<\/div>\n<\/div>\n\n\n\n<div class=\"wp-block-column is-layout-flow wp-block-column-is-layout-flow\">\n<figure class=\"wp-block-image size-full is-style-default\"><a href=\"https:\/\/www.wblaserag.ch\/fr\/chair\/fauteuil-de-soins-vita-ii\/\"><img loading=\"lazy\" decoding=\"async\" width=\"640\" height=\"720\" src=\"https:\/\/www.wblaserag.ch\/wp-content\/uploads\/2024\/02\/vita-II_fr.jpg\" alt=\"\" class=\"wp-image-10499\" srcset=\"https:\/\/www.wblaserag.ch\/wp-content\/uploads\/2024\/02\/vita-II_fr.jpg 640w, https:\/\/www.wblaserag.ch\/wp-content\/uploads\/2024\/02\/vita-II_fr-267x300.jpg 267w\" sizes=\"auto, (max-width: 640px) 100vw, 640px\" \/><\/a><figcaption class=\"wp-element-caption\">BlaserIsola<\/figcaption><\/figure>\n\n\n\n<h3 class=\"wp-block-heading\">Vita II<\/h3>\n\n\n\n<p class=\"has-normal-font-size\"><a href=\"https:\/\/www.wblaserag.ch\/fr\/chair\/fauteuil-de-soins-vita-ii\/\">Fauteuil de soins pour les soins et la r\u00e9habilitation<\/a><\/p>\n\n\n\n<div class=\"wp-block-buttons is-layout-flex wp-block-buttons-is-layout-flex\">\n<div class=\"wp-block-button is-style-outline is-style-outline--2\"><a class=\"wp-block-button__link has-accent-color has-text-color wp-element-button\" href=\"https:\/\/www.wblaserag.ch\/fr\/chair\/fauteuil-de-soins-vita-ii\/\" style=\"border-radius:6px\">D\u00e9tails<\/a><\/div>\n<\/div>\n<\/div>\n<\/div>\n\n\n\n<div class=\"wp-block-columns alignwide is-layout-flex wp-container-core-columns-is-layout-d0b3c9c8 wp-block-columns-is-layout-flex\">\n<div class=\"wp-block-column is-layout-flow wp-block-column-is-layout-flow\">\n<figure class=\"wp-block-image size-full is-style-default\"><a href=\"https:\/\/www.wblaserag.ch\/fr\/chair\/fauteuil-de-soins-care\/\"><img loading=\"lazy\" decoding=\"async\" width=\"640\" height=\"720\" src=\"https:\/\/www.wblaserag.ch\/wp-content\/uploads\/2023\/02\/care_h16_titelbild_fr.jpg\" alt=\"\" class=\"wp-image-9364\" srcset=\"https:\/\/www.wblaserag.ch\/wp-content\/uploads\/2023\/02\/care_h16_titelbild_fr.jpg 640w, https:\/\/www.wblaserag.ch\/wp-content\/uploads\/2023\/02\/care_h16_titelbild_fr-267x300.jpg 267w\" sizes=\"auto, (max-width: 640px) 100vw, 640px\" \/><\/a><figcaption class=\"wp-element-caption\">BlaserIsola<\/figcaption><\/figure>\n\n\n\n<h3 class=\"wp-block-heading\">Care H16<\/h3>\n\n\n\n<p class=\"has-normal-font-size\"><a href=\"https:\/\/www.wblaserag.ch\/fr\/chair\/fauteuil-de-soins-care\/\">Fauteuil pour les soins et la r\u00e9habilitation<\/a><\/p>\n\n\n\n<div class=\"wp-block-buttons is-layout-flex wp-block-buttons-is-layout-flex\">\n<div class=\"wp-block-button is-style-outline is-style-outline--3\"><a class=\"wp-block-button__link has-accent-color has-text-color wp-element-button\" href=\"https:\/\/www.wblaserag.ch\/fr\/chair\/fauteuil-de-soins-care\/\" style=\"border-radius:6px\">D\u00e9tails<\/a><\/div>\n<\/div>\n<\/div>\n\n\n\n<div class=\"wp-block-column is-layout-flow wp-block-column-is-layout-flow\">\n<figure class=\"wp-block-image size-full is-style-default\"><a href=\"https:\/\/www.wblaserag.ch\/fr\/chair\/fauteuil-patient-lento\/\"><img loading=\"lazy\" decoding=\"async\" width=\"640\" height=\"720\" src=\"https:\/\/www.wblaserag.ch\/wp-content\/uploads\/2023\/02\/lento_h16_titelbild_fr.jpg\" alt=\"Fauteuil patient Lento H16\" class=\"wp-image-9371\" srcset=\"https:\/\/www.wblaserag.ch\/wp-content\/uploads\/2023\/02\/lento_h16_titelbild_fr.jpg 640w, https:\/\/www.wblaserag.ch\/wp-content\/uploads\/2023\/02\/lento_h16_titelbild_fr-267x300.jpg 267w\" sizes=\"auto, (max-width: 640px) 100vw, 640px\" \/><\/a><figcaption class=\"wp-element-caption\">BlaserClassico<\/figcaption><\/figure>\n\n\n\n<h3 class=\"wp-block-heading\">Lento H16<\/h3>\n\n\n\n<p class=\"has-normal-font-size\"><a href=\"https:\/\/www.wblaserag.ch\/fr\/chair\/fauteuil-patient-lento\/\">Fauteuil patient pour les repos et la r\u00e9habilitation<\/a><\/p>\n\n\n\n<div class=\"wp-block-buttons is-layout-flex wp-block-buttons-is-layout-flex\">\n<div class=\"wp-block-button is-style-outline is-style-outline--4\"><a class=\"wp-block-button__link has-accent-color has-text-color wp-element-button\" href=\"https:\/\/www.wblaserag.ch\/fr\/chair\/fauteuil-patient-lento\/\" style=\"border-radius:6px\">D\u00e9tails<\/a><\/div>\n<\/div>\n<\/div>\n<\/div>\n","protected":false},"excerpt":{"rendered":"<p>Fauteuils m\u00e9dicaux, de soins et de repos suisses Les produits suisses authentiques Blaser sont pr\u00e9cis, polyvalents et de haute qualit\u00e9. \u00c9quip\u00e9s de la fonction hygi\u00e9nique antimicrobienne Sanitized\u00ae. Chaque syst\u00e8me d\u2019assise et de couchage repose sur un mod\u00e8le basique solide disponible dans diff\u00e9rentes variantes et configurable individuellement. Tous les fauteuils m\u00e9dicaux, les fauteuils de soins ou&hellip;<\/p>\n","protected":false},"author":1,"featured_media":0,"parent":0,"menu_order":0,"comment_status":"closed","ping_status":"closed","template":"tw-no-title.php","meta":{"footnotes":""},"class_list":["post-3322","page","type-page","status-publish","hentry"],"yoast_head":"<!-- This site is optimized with the Yoast SEO plugin v27.3 - https:\/\/yoast.com\/product\/yoast-seo-wordpress\/ -->\n<title>Fauteuil m\u00e9dical - Fauteuils m\u00e9dicaux - Fauteuils de soins - Fauteuils de repos - Fauteuil m\u00e9dical - W. Blaser AG<\/title>\n<meta name=\"robots\" content=\"index, follow, max-snippet:-1, max-image-preview:large, max-video-preview:-1\" \/>\n<link rel=\"canonical\" href=\"https:\/\/www.wblaserag.ch\/fr\/chair\/\" \/>\n<meta property=\"og:locale\" content=\"fr_FR\" \/>\n<meta property=\"og:type\" content=\"article\" \/>\n<meta property=\"og:title\" content=\"Fauteuil m\u00e9dical - Fauteuils m\u00e9dicaux - Fauteuils de soins - Fauteuils de repos - Fauteuil m\u00e9dical - W. Blaser AG\" \/>\n<meta property=\"og:description\" content=\"Fauteuils m\u00e9dicaux, de soins et de repos suisses Les produits suisses authentiques Blaser sont pr\u00e9cis, polyvalents et de haute qualit\u00e9. \u00c9quip\u00e9s de la fonction hygi\u00e9nique antimicrobienne Sanitized\u00ae. Chaque syst\u00e8me d\u2019assise et de couchage repose sur un mod\u00e8le basique solide disponible dans diff\u00e9rentes variantes et configurable individuellement. Tous les fauteuils m\u00e9dicaux, les fauteuils de soins ou&hellip;\" \/>\n<meta property=\"og:url\" content=\"https:\/\/www.wblaserag.ch\/fr\/chair\/\" \/>\n<meta property=\"og:site_name\" content=\"W. Blaser AG\" \/>\n<meta property=\"article:publisher\" content=\"https:\/\/www.facebook.com\/BlaserVisio-191482694639126\" \/>\n<meta property=\"article:modified_time\" content=\"2025-11-15T12:54:52+00:00\" \/>\n<meta property=\"og:image\" content=\"https:\/\/www.wblaserag.ch\/wp-content\/uploads\/2021\/06\/Design-ohne-Titel-115.png\" \/>\n\t<meta property=\"og:image:width\" content=\"640\" \/>\n\t<meta property=\"og:image:height\" content=\"720\" \/>\n\t<meta property=\"og:image:type\" content=\"image\/png\" \/>\n<meta name=\"twitter:card\" content=\"summary_large_image\" \/>\n<script type=\"application\/ld+json\" class=\"yoast-schema-graph\">{\"@context\":\"https:\\\/\\\/schema.org\",\"@graph\":[{\"@type\":\"WebPage\",\"@id\":\"https:\\\/\\\/www.wblaserag.ch\\\/fr\\\/chair\\\/\",\"url\":\"https:\\\/\\\/www.wblaserag.ch\\\/fr\\\/chair\\\/\",\"name\":\"Fauteuil m\u00e9dical - Fauteuils m\u00e9dicaux - Fauteuils de soins - Fauteuils de repos - Fauteuil m\u00e9dical - W. Blaser AG\",\"isPartOf\":{\"@id\":\"https:\\\/\\\/www.wblaserag.ch\\\/fr\\\/#website\"},\"primaryImageOfPage\":{\"@id\":\"https:\\\/\\\/www.wblaserag.ch\\\/fr\\\/chair\\\/#primaryimage\"},\"image\":{\"@id\":\"https:\\\/\\\/www.wblaserag.ch\\\/fr\\\/chair\\\/#primaryimage\"},\"thumbnailUrl\":\"https:\\\/\\\/www.wblaserag.ch\\\/wp-content\\\/uploads\\\/2021\\\/06\\\/Design-ohne-Titel-115.png\",\"datePublished\":\"2021-02-06T18:59:47+00:00\",\"dateModified\":\"2025-11-15T12:54:52+00:00\",\"breadcrumb\":{\"@id\":\"https:\\\/\\\/www.wblaserag.ch\\\/fr\\\/chair\\\/#breadcrumb\"},\"inLanguage\":\"fr-FR\",\"potentialAction\":[{\"@type\":\"ReadAction\",\"target\":[\"https:\\\/\\\/www.wblaserag.ch\\\/fr\\\/chair\\\/\"]}]},{\"@type\":\"ImageObject\",\"inLanguage\":\"fr-FR\",\"@id\":\"https:\\\/\\\/www.wblaserag.ch\\\/fr\\\/chair\\\/#primaryimage\",\"url\":\"https:\\\/\\\/www.wblaserag.ch\\\/wp-content\\\/uploads\\\/2021\\\/06\\\/Design-ohne-Titel-115.png\",\"contentUrl\":\"https:\\\/\\\/www.wblaserag.ch\\\/wp-content\\\/uploads\\\/2021\\\/06\\\/Design-ohne-Titel-115.png\"},{\"@type\":\"BreadcrumbList\",\"@id\":\"https:\\\/\\\/www.wblaserag.ch\\\/fr\\\/chair\\\/#breadcrumb\",\"itemListElement\":[{\"@type\":\"ListItem\",\"position\":1,\"name\":\"Page d'accueil\",\"item\":\"https:\\\/\\\/www.wblaserag.ch\\\/fr\\\/\"},{\"@type\":\"ListItem\",\"position\":2,\"name\":\"BlaserChair\"}]},{\"@type\":\"WebSite\",\"@id\":\"https:\\\/\\\/www.wblaserag.ch\\\/fr\\\/#website\",\"url\":\"https:\\\/\\\/www.wblaserag.ch\\\/fr\\\/\",\"name\":\"W. Blaser AG\",\"description\":\"\",\"publisher\":{\"@id\":\"https:\\\/\\\/www.wblaserag.ch\\\/fr\\\/#organization\"},\"potentialAction\":[{\"@type\":\"SearchAction\",\"target\":{\"@type\":\"EntryPoint\",\"urlTemplate\":\"https:\\\/\\\/www.wblaserag.ch\\\/fr\\\/?s={search_term_string}\"},\"query-input\":{\"@type\":\"PropertyValueSpecification\",\"valueRequired\":true,\"valueName\":\"search_term_string\"}}],\"inLanguage\":\"fr-FR\"},{\"@type\":\"Organization\",\"@id\":\"https:\\\/\\\/www.wblaserag.ch\\\/fr\\\/#organization\",\"name\":\"W. Blaser AG\",\"url\":\"https:\\\/\\\/www.wblaserag.ch\\\/fr\\\/\",\"logo\":{\"@type\":\"ImageObject\",\"inLanguage\":\"fr-FR\",\"@id\":\"https:\\\/\\\/www.wblaserag.ch\\\/fr\\\/#\\\/schema\\\/logo\\\/image\\\/\",\"url\":\"https:\\\/\\\/www.wblaserag.ch\\\/wp-content\\\/uploads\\\/2021\\\/02\\\/cropped-cropped-Blaser_Mobile_NEG.png\",\"contentUrl\":\"https:\\\/\\\/www.wblaserag.ch\\\/wp-content\\\/uploads\\\/2021\\\/02\\\/cropped-cropped-Blaser_Mobile_NEG.png\",\"width\":400,\"height\":55,\"caption\":\"W. Blaser AG\"},\"image\":{\"@id\":\"https:\\\/\\\/www.wblaserag.ch\\\/fr\\\/#\\\/schema\\\/logo\\\/image\\\/\"},\"sameAs\":[\"https:\\\/\\\/www.facebook.com\\\/BlaserVisio-191482694639126\",\"https:\\\/\\\/www.instagram.com\\\/blaservisio\\\/\"]}]}<\/script>\n<!-- \/ Yoast SEO plugin. -->","yoast_head_json":{"title":"Fauteuil m\u00e9dical - Fauteuils m\u00e9dicaux - Fauteuils de soins - Fauteuils de repos - Fauteuil m\u00e9dical - W. Blaser AG","robots":{"index":"index","follow":"follow","max-snippet":"max-snippet:-1","max-image-preview":"max-image-preview:large","max-video-preview":"max-video-preview:-1"},"canonical":"https:\/\/www.wblaserag.ch\/fr\/chair\/","og_locale":"fr_FR","og_type":"article","og_title":"Fauteuil m\u00e9dical - Fauteuils m\u00e9dicaux - Fauteuils de soins - Fauteuils de repos - Fauteuil m\u00e9dical - W. Blaser AG","og_description":"Fauteuils m\u00e9dicaux, de soins et de repos suisses Les produits suisses authentiques Blaser sont pr\u00e9cis, polyvalents et de haute qualit\u00e9. \u00c9quip\u00e9s de la fonction hygi\u00e9nique antimicrobienne Sanitized\u00ae. Chaque syst\u00e8me d\u2019assise et de couchage repose sur un mod\u00e8le basique solide disponible dans diff\u00e9rentes variantes et configurable individuellement. Tous les fauteuils m\u00e9dicaux, les fauteuils de soins ou&hellip;","og_url":"https:\/\/www.wblaserag.ch\/fr\/chair\/","og_site_name":"W. Blaser AG","article_publisher":"https:\/\/www.facebook.com\/BlaserVisio-191482694639126","article_modified_time":"2025-11-15T12:54:52+00:00","og_image":[{"width":640,"height":720,"url":"https:\/\/www.wblaserag.ch\/wp-content\/uploads\/2021\/06\/Design-ohne-Titel-115.png","type":"image\/png"}],"twitter_card":"summary_large_image","schema":{"@context":"https:\/\/schema.org","@graph":[{"@type":"WebPage","@id":"https:\/\/www.wblaserag.ch\/fr\/chair\/","url":"https:\/\/www.wblaserag.ch\/fr\/chair\/","name":"Fauteuil m\u00e9dical - Fauteuils m\u00e9dicaux - Fauteuils de soins - Fauteuils de repos - Fauteuil m\u00e9dical - W. Blaser AG","isPartOf":{"@id":"https:\/\/www.wblaserag.ch\/fr\/#website"},"primaryImageOfPage":{"@id":"https:\/\/www.wblaserag.ch\/fr\/chair\/#primaryimage"},"image":{"@id":"https:\/\/www.wblaserag.ch\/fr\/chair\/#primaryimage"},"thumbnailUrl":"https:\/\/www.wblaserag.ch\/wp-content\/uploads\/2021\/06\/Design-ohne-Titel-115.png","datePublished":"2021-02-06T18:59:47+00:00","dateModified":"2025-11-15T12:54:52+00:00","breadcrumb":{"@id":"https:\/\/www.wblaserag.ch\/fr\/chair\/#breadcrumb"},"inLanguage":"fr-FR","potentialAction":[{"@type":"ReadAction","target":["https:\/\/www.wblaserag.ch\/fr\/chair\/"]}]},{"@type":"ImageObject","inLanguage":"fr-FR","@id":"https:\/\/www.wblaserag.ch\/fr\/chair\/#primaryimage","url":"https:\/\/www.wblaserag.ch\/wp-content\/uploads\/2021\/06\/Design-ohne-Titel-115.png","contentUrl":"https:\/\/www.wblaserag.ch\/wp-content\/uploads\/2021\/06\/Design-ohne-Titel-115.png"},{"@type":"BreadcrumbList","@id":"https:\/\/www.wblaserag.ch\/fr\/chair\/#breadcrumb","itemListElement":[{"@type":"ListItem","position":1,"name":"Page d'accueil","item":"https:\/\/www.wblaserag.ch\/fr\/"},{"@type":"ListItem","position":2,"name":"BlaserChair"}]},{"@type":"WebSite","@id":"https:\/\/www.wblaserag.ch\/fr\/#website","url":"https:\/\/www.wblaserag.ch\/fr\/","name":"W. Blaser AG","description":"","publisher":{"@id":"https:\/\/www.wblaserag.ch\/fr\/#organization"},"potentialAction":[{"@type":"SearchAction","target":{"@type":"EntryPoint","urlTemplate":"https:\/\/www.wblaserag.ch\/fr\/?s={search_term_string}"},"query-input":{"@type":"PropertyValueSpecification","valueRequired":true,"valueName":"search_term_string"}}],"inLanguage":"fr-FR"},{"@type":"Organization","@id":"https:\/\/www.wblaserag.ch\/fr\/#organization","name":"W. Blaser AG","url":"https:\/\/www.wblaserag.ch\/fr\/","logo":{"@type":"ImageObject","inLanguage":"fr-FR","@id":"https:\/\/www.wblaserag.ch\/fr\/#\/schema\/logo\/image\/","url":"https:\/\/www.wblaserag.ch\/wp-content\/uploads\/2021\/02\/cropped-cropped-Blaser_Mobile_NEG.png","contentUrl":"https:\/\/www.wblaserag.ch\/wp-content\/uploads\/2021\/02\/cropped-cropped-Blaser_Mobile_NEG.png","width":400,"height":55,"caption":"W. Blaser AG"},"image":{"@id":"https:\/\/www.wblaserag.ch\/fr\/#\/schema\/logo\/image\/"},"sameAs":["https:\/\/www.facebook.com\/BlaserVisio-191482694639126","https:\/\/www.instagram.com\/blaservisio\/"]}]}},"_links":{"self":[{"href":"https:\/\/www.wblaserag.ch\/fr\/wp-json\/wp\/v2\/pages\/3322","targetHints":{"allow":["GET"]}}],"collection":[{"href":"https:\/\/www.wblaserag.ch\/fr\/wp-json\/wp\/v2\/pages"}],"about":[{"href":"https:\/\/www.wblaserag.ch\/fr\/wp-json\/wp\/v2\/types\/page"}],"author":[{"embeddable":true,"href":"https:\/\/www.wblaserag.ch\/fr\/wp-json\/wp\/v2\/users\/1"}],"replies":[{"embeddable":true,"href":"https:\/\/www.wblaserag.ch\/fr\/wp-json\/wp\/v2\/comments?post=3322"}],"version-history":[{"count":44,"href":"https:\/\/www.wblaserag.ch\/fr\/wp-json\/wp\/v2\/pages\/3322\/revisions"}],"predecessor-version":[{"id":11368,"href":"https:\/\/www.wblaserag.ch\/fr\/wp-json\/wp\/v2\/pages\/3322\/revisions\/11368"}],"wp:attachment":[{"href":"https:\/\/www.wblaserag.ch\/fr\/wp-json\/wp\/v2\/media?parent=3322"}],"curies":[{"name":"wp","href":"https:\/\/api.w.org\/{rel}","templated":true}]}}