{"id":3319,"date":"2021-02-06T21:24:30","date_gmt":"2021-02-06T21:24:30","guid":{"rendered":"https:\/\/www.wblaserag.ch\/?page_id=3319"},"modified":"2024-03-10T17:46:05","modified_gmt":"2024-03-10T17:46:05","slug":"equipement-de-signalisation","status":"publish","type":"page","link":"https:\/\/www.wblaserag.ch\/fr\/visio\/equipement-de-signalisation\/","title":{"rendered":"Equipement de signalisation"},"content":{"rendered":"\n<div style=\"height:1px\" aria-hidden=\"true\" class=\"wp-block-spacer\"><\/div>\n\n\n\n<h1 class=\"wp-block-heading\"><strong>Equipement de signalisation<\/strong><\/h1>\n\n\n<div class=\"yoast-breadcrumbs\"><span><span><a href=\"https:\/\/www.wblaserag.ch\/fr\/\">Page d&rsquo;accueil<\/a><\/span> \u00bb <span><a href=\"https:\/\/www.wblaserag.ch\/fr\/visio\/\">BlaserVisio<\/a><\/span> \u00bb <span class=\"breadcrumb_last\" aria-current=\"page\">Equipement de signalisation<\/span><\/span><\/div>\n\n\n<p>Nous proposons aux constructeurs automobiles et aux revendeurs de pi\u00e8ces d\u00e9tach\u00e9es une gamme compl\u00e8te et des conseils comp\u00e9tents. Depuis 1947, nous fabriquons des kits de signalisation surlargeur, l\u2019equipement de signalisation LED pour roues jumel\u00e9es et des feux arri\u00e8re universels et robustes pour les v\u00e9hicules agricoles, municipaux, de la construction, sp\u00e9ciaux et commerciaux.<\/p>\n\n\n\n<div class=\"wp-block-columns alignwide is-layout-flex wp-container-core-columns-is-layout-d0b3c9c8 wp-block-columns-is-layout-flex\">\n<div class=\"wp-block-column is-layout-flow wp-block-column-is-layout-flow\">\n<figure class=\"wp-block-image size-full is-style-default\"><a href=\"https:\/\/www.wblaserag.ch\/fr\/visio\/equipement-de-signalisation\/equipement-de-signalisation-et-declairage-pour-roues-jumelees\/\"><img loading=\"lazy\" decoding=\"async\" width=\"641\" height=\"721\" src=\"https:\/\/www.wblaserag.ch\/wp-content\/uploads\/2024\/01\/ch-markierungen.jpg\" alt=\"Doppelradmarkierung &amp; Doppelradbeleuchtung\" class=\"wp-image-10286\" srcset=\"https:\/\/www.wblaserag.ch\/wp-content\/uploads\/2024\/01\/ch-markierungen.jpg 641w, https:\/\/www.wblaserag.ch\/wp-content\/uploads\/2024\/01\/ch-markierungen-267x300.jpg 267w\" sizes=\"auto, (max-width: 641px) 100vw, 641px\" \/><\/a><\/figure>\n\n\n\n<p class=\"has-small-font-size\">BlaserVisio CH<\/p>\n\n\n\n<p><a href=\"https:\/\/www.wblaserag.ch\/fr\/visio\/equipement-de-signalisation\/equipement-de-signalisation-et-declairage-pour-roues-jumelees\/\">\u00c9quipement de signalisation et d\u2019\u00e9clairage pour les v\u00e9hicules agricoles (Suisse)<\/a><\/p>\n\n\n\n<div class=\"wp-block-buttons is-layout-flex wp-block-buttons-is-layout-flex\">\n<div class=\"wp-block-button is-style-outline is-style-outline--1\"><a class=\"wp-block-button__link has-accent-color has-text-color wp-element-button\" href=\"https:\/\/www.wblaserag.ch\/fr\/visio\/equipement-de-signalisation\/equipement-de-signalisation-et-declairage-pour-roues-jumelees\/\" style=\"border-radius:6px\"><strong>en savoir plus<\/strong><\/a><\/div>\n<\/div>\n<\/div>\n\n\n\n<div class=\"wp-block-column is-layout-flow wp-block-column-is-layout-flow\">\n<figure class=\"wp-block-image size-full\"><a href=\"https:\/\/www.wblaserag.ch\/fr\/visio\/markierungs-systeme\/ece-equipement-de-signalisation-et-declairage-pour-les-vehicules-agricoles\/\"><img loading=\"lazy\" decoding=\"async\" width=\"641\" height=\"721\" src=\"https:\/\/www.wblaserag.ch\/wp-content\/uploads\/2024\/01\/ch-markierungen-2.jpg\" alt=\"Warntafeln f\u00fcr landwirtschaftliche Fahrzeuge ECE\" class=\"wp-image-10291\" srcset=\"https:\/\/www.wblaserag.ch\/wp-content\/uploads\/2024\/01\/ch-markierungen-2.jpg 641w, https:\/\/www.wblaserag.ch\/wp-content\/uploads\/2024\/01\/ch-markierungen-2-267x300.jpg 267w\" sizes=\"auto, (max-width: 641px) 100vw, 641px\" \/><\/a><\/figure>\n\n\n\n<p class=\"has-small-font-size\">BlaserVisio ECE<\/p>\n\n\n\n<p><a href=\"https:\/\/www.wblaserag.ch\/fr\/visio\/markierungs-systeme\/ece-equipement-de-signalisation-et-declairage-pour-les-vehicules-agricoles\/\">Panneaux de signalisation pour v\u00e9hicules agricoles &#8211; Allemagne &amp; Autriche (ECE)<\/a><\/p>\n\n\n\n<div class=\"wp-block-buttons is-layout-flex wp-block-buttons-is-layout-flex\">\n<div class=\"wp-block-button is-style-outline is-style-outline--2\"><a class=\"wp-block-button__link has-accent-color has-text-color wp-element-button\" href=\"https:\/\/www.wblaserag.ch\/fr\/visio\/markierungs-systeme\/ece-equipement-de-signalisation-et-declairage-pour-les-vehicules-agricoles\/\" style=\"border-radius:6px\"><strong>en savoir plus<\/strong><\/a><\/div>\n<\/div>\n<\/div>\n\n\n\n<div class=\"wp-block-column is-layout-flow wp-block-column-is-layout-flow\">\n<figure class=\"wp-block-image is-style-default\"><a href=\"https:\/\/www.wblaserag.ch\/assets\/produktbilder\/Visio\/Markierungen\/0420_BUL_Richtig_Markieren.pdf\"><img decoding=\"async\" src=\"https:\/\/wblaserag.ch\/assets\/produktbilder\/Visio\/Markierungen\/0420_BUL_Richtig_Markieren.jpg\" alt=\"0420 Bul Richtig Markieren\"\/><\/a><\/figure>\n\n\n\n<p class=\"has-small-font-size\">Manuel BUL \/ Guide de la circulation routi\u00e8re agricole<\/p>\n\n\n\n<p><a href=\"https:\/\/www.wblaserag.ch\/assets\/produktbilder\/Visio\/Markierungen\/0420_BUL_Richtig_Markieren.pdf\">Signalisation, protection et \u00e9clairage corrects<\/a><\/p>\n\n\n\n<div class=\"wp-block-buttons is-layout-flex wp-block-buttons-is-layout-flex\">\n<div class=\"wp-block-button is-style-outline is-style-outline--3\"><a class=\"wp-block-button__link has-accent-color has-text-color wp-element-button\" href=\"https:\/\/www.wblaserag.ch\/assets\/produktbilder\/Visio\/Markierungen\/0420_BUL_Richtig_Markieren.pdf\" style=\"border-radius:6px\"><strong>PLUS D\u2019INFORMATIONS<\/strong><\/a><\/div>\n<\/div>\n<\/div>\n<\/div>\n","protected":false},"excerpt":{"rendered":"<p>Equipement de signalisation Nous proposons aux constructeurs automobiles et aux revendeurs de pi\u00e8ces d\u00e9tach\u00e9es une gamme compl\u00e8te et des conseils comp\u00e9tents. Depuis 1947, nous fabriquons des kits de signalisation surlargeur, l\u2019equipement de signalisation LED pour roues jumel\u00e9es et des feux arri\u00e8re universels et robustes pour les v\u00e9hicules agricoles, municipaux, de la construction, sp\u00e9ciaux et commerciaux.&hellip;<\/p>\n","protected":false},"author":1,"featured_media":0,"parent":3252,"menu_order":0,"comment_status":"closed","ping_status":"closed","template":"tw-no-title.php","meta":{"footnotes":""},"class_list":["post-3319","page","type-page","status-publish","hentry"],"yoast_head":"<!-- This site is optimized with the Yoast SEO plugin v27.3 - https:\/\/yoast.com\/product\/yoast-seo-wordpress\/ -->\n<title>Equipement de signalisation - W. Blaser AG<\/title>\n<meta name=\"robots\" content=\"index, follow, max-snippet:-1, max-image-preview:large, max-video-preview:-1\" \/>\n<link rel=\"canonical\" href=\"https:\/\/www.wblaserag.ch\/fr\/visio\/equipement-de-signalisation\/\" \/>\n<meta property=\"og:locale\" content=\"fr_FR\" \/>\n<meta property=\"og:type\" content=\"article\" \/>\n<meta property=\"og:title\" content=\"Equipement de signalisation - W. Blaser AG\" \/>\n<meta property=\"og:description\" content=\"Equipement de signalisation Nous proposons aux constructeurs automobiles et aux revendeurs de pi\u00e8ces d\u00e9tach\u00e9es une gamme compl\u00e8te et des conseils comp\u00e9tents. Depuis 1947, nous fabriquons des kits de signalisation surlargeur, l\u2019equipement de signalisation LED pour roues jumel\u00e9es et des feux arri\u00e8re universels et robustes pour les v\u00e9hicules agricoles, municipaux, de la construction, sp\u00e9ciaux et commerciaux.&hellip;\" \/>\n<meta property=\"og:url\" content=\"https:\/\/www.wblaserag.ch\/fr\/visio\/equipement-de-signalisation\/\" \/>\n<meta property=\"og:site_name\" content=\"W. Blaser AG\" \/>\n<meta property=\"article:publisher\" content=\"https:\/\/www.facebook.com\/BlaserVisio-191482694639126\" \/>\n<meta property=\"article:modified_time\" content=\"2024-03-10T17:46:05+00:00\" \/>\n<meta property=\"og:image\" content=\"https:\/\/www.wblaserag.ch\/wp-content\/uploads\/2024\/01\/ch-markierungen.jpg\" \/>\n<meta name=\"twitter:card\" content=\"summary_large_image\" \/>\n<script type=\"application\/ld+json\" class=\"yoast-schema-graph\">{\"@context\":\"https:\\\/\\\/schema.org\",\"@graph\":[{\"@type\":\"WebPage\",\"@id\":\"https:\\\/\\\/www.wblaserag.ch\\\/fr\\\/visio\\\/equipement-de-signalisation\\\/\",\"url\":\"https:\\\/\\\/www.wblaserag.ch\\\/fr\\\/visio\\\/equipement-de-signalisation\\\/\",\"name\":\"Equipement de signalisation - W. Blaser AG\",\"isPartOf\":{\"@id\":\"https:\\\/\\\/www.wblaserag.ch\\\/fr\\\/#website\"},\"primaryImageOfPage\":{\"@id\":\"https:\\\/\\\/www.wblaserag.ch\\\/fr\\\/visio\\\/equipement-de-signalisation\\\/#primaryimage\"},\"image\":{\"@id\":\"https:\\\/\\\/www.wblaserag.ch\\\/fr\\\/visio\\\/equipement-de-signalisation\\\/#primaryimage\"},\"thumbnailUrl\":\"https:\\\/\\\/www.wblaserag.ch\\\/wp-content\\\/uploads\\\/2024\\\/01\\\/ch-markierungen.jpg\",\"datePublished\":\"2021-02-06T21:24:30+00:00\",\"dateModified\":\"2024-03-10T17:46:05+00:00\",\"breadcrumb\":{\"@id\":\"https:\\\/\\\/www.wblaserag.ch\\\/fr\\\/visio\\\/equipement-de-signalisation\\\/#breadcrumb\"},\"inLanguage\":\"fr-FR\",\"potentialAction\":[{\"@type\":\"ReadAction\",\"target\":[\"https:\\\/\\\/www.wblaserag.ch\\\/fr\\\/visio\\\/equipement-de-signalisation\\\/\"]}]},{\"@type\":\"ImageObject\",\"inLanguage\":\"fr-FR\",\"@id\":\"https:\\\/\\\/www.wblaserag.ch\\\/fr\\\/visio\\\/equipement-de-signalisation\\\/#primaryimage\",\"url\":\"https:\\\/\\\/www.wblaserag.ch\\\/wp-content\\\/uploads\\\/2024\\\/01\\\/ch-markierungen.jpg\",\"contentUrl\":\"https:\\\/\\\/www.wblaserag.ch\\\/wp-content\\\/uploads\\\/2024\\\/01\\\/ch-markierungen.jpg\"},{\"@type\":\"BreadcrumbList\",\"@id\":\"https:\\\/\\\/www.wblaserag.ch\\\/fr\\\/visio\\\/equipement-de-signalisation\\\/#breadcrumb\",\"itemListElement\":[{\"@type\":\"ListItem\",\"position\":1,\"name\":\"Page d'accueil\",\"item\":\"https:\\\/\\\/www.wblaserag.ch\\\/fr\\\/\"},{\"@type\":\"ListItem\",\"position\":2,\"name\":\"BlaserVisio\",\"item\":\"https:\\\/\\\/www.wblaserag.ch\\\/fr\\\/visio\\\/\"},{\"@type\":\"ListItem\",\"position\":3,\"name\":\"Equipement de signalisation\"}]},{\"@type\":\"WebSite\",\"@id\":\"https:\\\/\\\/www.wblaserag.ch\\\/fr\\\/#website\",\"url\":\"https:\\\/\\\/www.wblaserag.ch\\\/fr\\\/\",\"name\":\"W. Blaser AG\",\"description\":\"\",\"publisher\":{\"@id\":\"https:\\\/\\\/www.wblaserag.ch\\\/fr\\\/#organization\"},\"potentialAction\":[{\"@type\":\"SearchAction\",\"target\":{\"@type\":\"EntryPoint\",\"urlTemplate\":\"https:\\\/\\\/www.wblaserag.ch\\\/fr\\\/?s={search_term_string}\"},\"query-input\":{\"@type\":\"PropertyValueSpecification\",\"valueRequired\":true,\"valueName\":\"search_term_string\"}}],\"inLanguage\":\"fr-FR\"},{\"@type\":\"Organization\",\"@id\":\"https:\\\/\\\/www.wblaserag.ch\\\/fr\\\/#organization\",\"name\":\"W. Blaser AG\",\"url\":\"https:\\\/\\\/www.wblaserag.ch\\\/fr\\\/\",\"logo\":{\"@type\":\"ImageObject\",\"inLanguage\":\"fr-FR\",\"@id\":\"https:\\\/\\\/www.wblaserag.ch\\\/fr\\\/#\\\/schema\\\/logo\\\/image\\\/\",\"url\":\"https:\\\/\\\/www.wblaserag.ch\\\/wp-content\\\/uploads\\\/2021\\\/02\\\/cropped-cropped-Blaser_Mobile_NEG.png\",\"contentUrl\":\"https:\\\/\\\/www.wblaserag.ch\\\/wp-content\\\/uploads\\\/2021\\\/02\\\/cropped-cropped-Blaser_Mobile_NEG.png\",\"width\":400,\"height\":55,\"caption\":\"W. Blaser AG\"},\"image\":{\"@id\":\"https:\\\/\\\/www.wblaserag.ch\\\/fr\\\/#\\\/schema\\\/logo\\\/image\\\/\"},\"sameAs\":[\"https:\\\/\\\/www.facebook.com\\\/BlaserVisio-191482694639126\",\"https:\\\/\\\/www.instagram.com\\\/blaservisio\\\/\"]}]}<\/script>\n<!-- \/ Yoast SEO plugin. -->","yoast_head_json":{"title":"Equipement de signalisation - W. Blaser AG","robots":{"index":"index","follow":"follow","max-snippet":"max-snippet:-1","max-image-preview":"max-image-preview:large","max-video-preview":"max-video-preview:-1"},"canonical":"https:\/\/www.wblaserag.ch\/fr\/visio\/equipement-de-signalisation\/","og_locale":"fr_FR","og_type":"article","og_title":"Equipement de signalisation - W. Blaser AG","og_description":"Equipement de signalisation Nous proposons aux constructeurs automobiles et aux revendeurs de pi\u00e8ces d\u00e9tach\u00e9es une gamme compl\u00e8te et des conseils comp\u00e9tents. Depuis 1947, nous fabriquons des kits de signalisation surlargeur, l\u2019equipement de signalisation LED pour roues jumel\u00e9es et des feux arri\u00e8re universels et robustes pour les v\u00e9hicules agricoles, municipaux, de la construction, sp\u00e9ciaux et commerciaux.&hellip;","og_url":"https:\/\/www.wblaserag.ch\/fr\/visio\/equipement-de-signalisation\/","og_site_name":"W. Blaser AG","article_publisher":"https:\/\/www.facebook.com\/BlaserVisio-191482694639126","article_modified_time":"2024-03-10T17:46:05+00:00","og_image":[{"url":"https:\/\/www.wblaserag.ch\/wp-content\/uploads\/2024\/01\/ch-markierungen.jpg","type":"","width":"","height":""}],"twitter_card":"summary_large_image","schema":{"@context":"https:\/\/schema.org","@graph":[{"@type":"WebPage","@id":"https:\/\/www.wblaserag.ch\/fr\/visio\/equipement-de-signalisation\/","url":"https:\/\/www.wblaserag.ch\/fr\/visio\/equipement-de-signalisation\/","name":"Equipement de signalisation - W. Blaser AG","isPartOf":{"@id":"https:\/\/www.wblaserag.ch\/fr\/#website"},"primaryImageOfPage":{"@id":"https:\/\/www.wblaserag.ch\/fr\/visio\/equipement-de-signalisation\/#primaryimage"},"image":{"@id":"https:\/\/www.wblaserag.ch\/fr\/visio\/equipement-de-signalisation\/#primaryimage"},"thumbnailUrl":"https:\/\/www.wblaserag.ch\/wp-content\/uploads\/2024\/01\/ch-markierungen.jpg","datePublished":"2021-02-06T21:24:30+00:00","dateModified":"2024-03-10T17:46:05+00:00","breadcrumb":{"@id":"https:\/\/www.wblaserag.ch\/fr\/visio\/equipement-de-signalisation\/#breadcrumb"},"inLanguage":"fr-FR","potentialAction":[{"@type":"ReadAction","target":["https:\/\/www.wblaserag.ch\/fr\/visio\/equipement-de-signalisation\/"]}]},{"@type":"ImageObject","inLanguage":"fr-FR","@id":"https:\/\/www.wblaserag.ch\/fr\/visio\/equipement-de-signalisation\/#primaryimage","url":"https:\/\/www.wblaserag.ch\/wp-content\/uploads\/2024\/01\/ch-markierungen.jpg","contentUrl":"https:\/\/www.wblaserag.ch\/wp-content\/uploads\/2024\/01\/ch-markierungen.jpg"},{"@type":"BreadcrumbList","@id":"https:\/\/www.wblaserag.ch\/fr\/visio\/equipement-de-signalisation\/#breadcrumb","itemListElement":[{"@type":"ListItem","position":1,"name":"Page d'accueil","item":"https:\/\/www.wblaserag.ch\/fr\/"},{"@type":"ListItem","position":2,"name":"BlaserVisio","item":"https:\/\/www.wblaserag.ch\/fr\/visio\/"},{"@type":"ListItem","position":3,"name":"Equipement de signalisation"}]},{"@type":"WebSite","@id":"https:\/\/www.wblaserag.ch\/fr\/#website","url":"https:\/\/www.wblaserag.ch\/fr\/","name":"W. Blaser AG","description":"","publisher":{"@id":"https:\/\/www.wblaserag.ch\/fr\/#organization"},"potentialAction":[{"@type":"SearchAction","target":{"@type":"EntryPoint","urlTemplate":"https:\/\/www.wblaserag.ch\/fr\/?s={search_term_string}"},"query-input":{"@type":"PropertyValueSpecification","valueRequired":true,"valueName":"search_term_string"}}],"inLanguage":"fr-FR"},{"@type":"Organization","@id":"https:\/\/www.wblaserag.ch\/fr\/#organization","name":"W. Blaser AG","url":"https:\/\/www.wblaserag.ch\/fr\/","logo":{"@type":"ImageObject","inLanguage":"fr-FR","@id":"https:\/\/www.wblaserag.ch\/fr\/#\/schema\/logo\/image\/","url":"https:\/\/www.wblaserag.ch\/wp-content\/uploads\/2021\/02\/cropped-cropped-Blaser_Mobile_NEG.png","contentUrl":"https:\/\/www.wblaserag.ch\/wp-content\/uploads\/2021\/02\/cropped-cropped-Blaser_Mobile_NEG.png","width":400,"height":55,"caption":"W. Blaser AG"},"image":{"@id":"https:\/\/www.wblaserag.ch\/fr\/#\/schema\/logo\/image\/"},"sameAs":["https:\/\/www.facebook.com\/BlaserVisio-191482694639126","https:\/\/www.instagram.com\/blaservisio\/"]}]}},"_links":{"self":[{"href":"https:\/\/www.wblaserag.ch\/fr\/wp-json\/wp\/v2\/pages\/3319","targetHints":{"allow":["GET"]}}],"collection":[{"href":"https:\/\/www.wblaserag.ch\/fr\/wp-json\/wp\/v2\/pages"}],"about":[{"href":"https:\/\/www.wblaserag.ch\/fr\/wp-json\/wp\/v2\/types\/page"}],"author":[{"embeddable":true,"href":"https:\/\/www.wblaserag.ch\/fr\/wp-json\/wp\/v2\/users\/1"}],"replies":[{"embeddable":true,"href":"https:\/\/www.wblaserag.ch\/fr\/wp-json\/wp\/v2\/comments?post=3319"}],"version-history":[{"count":8,"href":"https:\/\/www.wblaserag.ch\/fr\/wp-json\/wp\/v2\/pages\/3319\/revisions"}],"predecessor-version":[{"id":10551,"href":"https:\/\/www.wblaserag.ch\/fr\/wp-json\/wp\/v2\/pages\/3319\/revisions\/10551"}],"up":[{"embeddable":true,"href":"https:\/\/www.wblaserag.ch\/fr\/wp-json\/wp\/v2\/pages\/3252"}],"wp:attachment":[{"href":"https:\/\/www.wblaserag.ch\/fr\/wp-json\/wp\/v2\/media?parent=3319"}],"curies":[{"name":"wp","href":"https:\/\/api.w.org\/{rel}","templated":true}]}}