{"id":3252,"date":"2021-02-06T18:58:05","date_gmt":"2021-02-06T17:58:05","guid":{"rendered":"https:\/\/www.wblaserag.ch\/?page_id=3252"},"modified":"2025-12-16T14:28:51","modified_gmt":"2025-12-16T13:28:51","slug":"visio","status":"publish","type":"page","link":"https:\/\/www.wblaserag.ch\/fr\/visio\/","title":{"rendered":"BlaserVisio"},"content":{"rendered":"\n<div style=\"height:1px\" aria-hidden=\"true\" class=\"wp-block-spacer\"><\/div>\n\n\n\n<h1 class=\"wp-block-heading\" style=\"font-size:36px\">Syst\u00e8mes de vision et de s\u00e9curit\u00e9<\/h1>\n\n\n<div class=\"yoast-breadcrumbs\"><span><span><a href=\"https:\/\/www.wblaserag.ch\/fr\/\">Page d&rsquo;accueil<\/a><\/span> \u00bb <span class=\"breadcrumb_last\" aria-current=\"page\">BlaserVisio<\/span><\/span><\/div>\n\n\n<p>Nous sommes un leader du march\u00e9 suisse des syst\u00e8mes de visibilit\u00e9, de s\u00e9curit\u00e9 et de marquage pour les v\u00e9hicules agricoles, municipaux, de construction, sp\u00e9ciaux et commerciaux et nous offrons des produits innovants et des conseils comp\u00e9tents aux constructeurs de v\u00e9hicules et aux revendeurs de pi\u00e8ces de rechange.<\/p>\n\n\n\n<div class=\"wp-block-group alignwide\"><div class=\"wp-block-group__inner-container is-layout-flow wp-block-group-is-layout-flow\">\n<div class=\"wp-block-columns alignwide is-layout-flex wp-container-core-columns-is-layout-d0b3c9c8 wp-block-columns-is-layout-flex\">\n<div class=\"wp-block-column is-layout-flow wp-block-column-is-layout-flow\">\n<figure class=\"wp-block-image size-full\"><a href=\"https:\/\/www.wblaserag.ch\/fr\/visio\/spiegel-systeme\/\"><img loading=\"lazy\" decoding=\"async\" width=\"640\" height=\"640\" src=\"https:\/\/www.wblaserag.ch\/wp-content\/uploads\/2024\/01\/spiegel.jpg\" alt=\"\" class=\"wp-image-10264\" srcset=\"https:\/\/www.wblaserag.ch\/wp-content\/uploads\/2024\/01\/spiegel.jpg 640w, https:\/\/www.wblaserag.ch\/wp-content\/uploads\/2024\/01\/spiegel-300x300.jpg 300w, https:\/\/www.wblaserag.ch\/wp-content\/uploads\/2024\/01\/spiegel-150x150.jpg 150w\" sizes=\"auto, (max-width: 640px) 100vw, 640px\" \/><\/a><figcaption class=\"wp-element-caption\">Blaser WBC, Mekra &amp; UNITRUCK<\/figcaption><\/figure>\n\n\n\n<p><a href=\"https:\/\/www.wblaserag.ch\/fr\/visio\/spiegel-systeme\/\">R\u00e9troviseurs, supports de r\u00e9troviseurs et syst\u00e8mes de r\u00e9troviseurs<\/a><\/p>\n\n\n\n<div class=\"wp-block-buttons is-layout-flex wp-block-buttons-is-layout-flex\">\n<div class=\"wp-block-button is-style-outline is-style-outline--1\"><a class=\"wp-block-button__link has-accent-color has-text-color wp-element-button\" href=\"https:\/\/www.wblaserag.ch\/fr\/visio\/spiegel-systeme\/\" style=\"border-radius:6px\">en savoir plus<\/a><\/div>\n<\/div>\n<\/div>\n\n\n\n<div class=\"wp-block-column is-layout-flow wp-block-column-is-layout-flow\">\n<figure class=\"wp-block-image size-large is-resized\"><a href=\"https:\/\/www.wblaserag.ch\/fr\/visio\/cameras-iot-mobile-et-systemes-dassistance\/\"><img loading=\"lazy\" decoding=\"async\" width=\"640\" height=\"640\" src=\"https:\/\/www.wblaserag.ch\/wp-content\/uploads\/2021\/04\/1020_Titelbild_Kameras_und_Kamerasysteme.jpg\" alt=\"Kameras, mobile-IoT und Assistenzsysteme\" class=\"wp-image-1727\" style=\"width:378px;height:auto\" srcset=\"https:\/\/www.wblaserag.ch\/wp-content\/uploads\/2021\/04\/1020_Titelbild_Kameras_und_Kamerasysteme.jpg 640w, https:\/\/www.wblaserag.ch\/wp-content\/uploads\/2021\/04\/1020_Titelbild_Kameras_und_Kamerasysteme-300x300.jpg 300w, https:\/\/www.wblaserag.ch\/wp-content\/uploads\/2021\/04\/1020_Titelbild_Kameras_und_Kamerasysteme-150x150.jpg 150w\" sizes=\"auto, (max-width: 640px) 100vw, 640px\" \/><\/a><figcaption class=\"wp-element-caption\">BlaserVisio &amp; Mekra<\/figcaption><\/figure>\n\n\n\n<p><a href=\"https:\/\/www.wblaserag.ch\/fr\/visio\/cameras-iot-mobile-et-systemes-dassistance\/\">Cam\u00e9ras, IoT mobile et syst\u00e8mes d\u2019assistance<\/a><\/p>\n\n\n\n<div class=\"wp-block-buttons is-layout-flex wp-block-buttons-is-layout-flex\">\n<div class=\"wp-block-button is-style-outline is-style-outline--2\"><a class=\"wp-block-button__link has-accent-color has-text-color wp-element-button\" href=\"https:\/\/www.wblaserag.ch\/fr\/visio\/cameras-iot-mobile-et-systemes-dassistance\/\" style=\"border-radius:6px\">en savoir plus<\/a><\/div>\n<\/div>\n<\/div>\n\n\n\n<div class=\"wp-block-column is-layout-flow wp-block-column-is-layout-flow\">\n<figure class=\"wp-block-image size-full\"><a href=\"https:\/\/www.wblaserag.ch\/fr\/visio\/equipement-de-signalisation\/\"><img loading=\"lazy\" decoding=\"async\" width=\"640\" height=\"640\" src=\"https:\/\/www.wblaserag.ch\/wp-content\/uploads\/2024\/01\/ch_markierungen.jpg\" alt=\"\" class=\"wp-image-10275\" srcset=\"https:\/\/www.wblaserag.ch\/wp-content\/uploads\/2024\/01\/ch_markierungen.jpg 640w, https:\/\/www.wblaserag.ch\/wp-content\/uploads\/2024\/01\/ch_markierungen-300x300.jpg 300w, https:\/\/www.wblaserag.ch\/wp-content\/uploads\/2024\/01\/ch_markierungen-150x150.jpg 150w\" sizes=\"auto, (max-width: 640px) 100vw, 640px\" \/><\/a><figcaption class=\"wp-element-caption\">BlaserVisio CH &amp; ECE<\/figcaption><\/figure>\n\n\n\n<p><a href=\"https:\/\/www.wblaserag.ch\/fr\/visio\/equipement-de-signalisation\/\">Equipement de signalisation (CH &amp; ECE)<\/a><\/p>\n\n\n\n<div class=\"wp-block-buttons is-layout-flex wp-block-buttons-is-layout-flex\">\n<div class=\"wp-block-button is-style-outline is-style-outline--3\"><a class=\"wp-block-button__link has-accent-color has-text-color wp-element-button\" href=\"https:\/\/www.wblaserag.ch\/fr\/visio\/equipement-de-signalisation\/\" style=\"border-radius:6px\">en savoir plus<\/a><\/div>\n<\/div>\n<\/div>\n<\/div>\n<\/div><\/div>\n\n\n\n<div class=\"wp-block-group alignwide\"><div class=\"wp-block-group__inner-container is-layout-flow wp-block-group-is-layout-flow\">\n<div class=\"wp-block-columns alignwide is-layout-flex wp-container-core-columns-is-layout-d0b3c9c8 wp-block-columns-is-layout-flex\">\n<div class=\"wp-block-column is-layout-flow wp-block-column-is-layout-flow\">\n<figure class=\"wp-block-image size-full\"><a href=\"https:\/\/www.wblaserag.ch\/fr\/visio\/feux-arriere-clignotants-et-feux-de-position-wbc\/\"><img loading=\"lazy\" decoding=\"async\" width=\"640\" height=\"640\" src=\"https:\/\/www.wblaserag.ch\/wp-content\/uploads\/2024\/01\/schlussleuchten.jpg\" alt=\"Schlussleuchten, Blinkleuchten &amp; Positionsleuchten\" class=\"wp-image-10270\" srcset=\"https:\/\/www.wblaserag.ch\/wp-content\/uploads\/2024\/01\/schlussleuchten.jpg 640w, https:\/\/www.wblaserag.ch\/wp-content\/uploads\/2024\/01\/schlussleuchten-300x300.jpg 300w, https:\/\/www.wblaserag.ch\/wp-content\/uploads\/2024\/01\/schlussleuchten-150x150.jpg 150w\" sizes=\"auto, (max-width: 640px) 100vw, 640px\" \/><\/a><figcaption class=\"wp-element-caption\">BlaserVisio Classic<\/figcaption><\/figure>\n\n\n\n<p><a href=\"https:\/\/www.wblaserag.ch\/fr\/visio\/feux-arriere-clignotants-et-feux-de-position-wbc\/\">Feux arri\u00e8re, clignotants et feux de position<\/a><\/p>\n\n\n\n<div class=\"wp-block-buttons is-layout-flex wp-block-buttons-is-layout-flex\">\n<div class=\"wp-block-button is-style-outline is-style-outline--4\"><a class=\"wp-block-button__link has-accent-color has-text-color wp-element-button\" href=\"https:\/\/www.wblaserag.ch\/fr\/visio\/feux-arriere-clignotants-et-feux-de-position-wbc\/\" style=\"border-radius:6px\">en savoir plus<\/a><\/div>\n<\/div>\n<\/div>\n\n\n\n<div class=\"wp-block-column is-layout-flow wp-block-column-is-layout-flow\">\n<figure class=\"wp-block-image size-full\"><a href=\"https:\/\/www.wblaserag.ch\/fr\/visio\/flexfix-la-fixation-du-bateau-flexible-sur-le-poteau\/\"><img loading=\"lazy\" decoding=\"async\" width=\"640\" height=\"640\" src=\"https:\/\/www.wblaserag.ch\/wp-content\/uploads\/2021\/09\/Flexfix-start-640x640-3.png\" alt=\"Boot an Pfahl, Dalben festmachen\" class=\"wp-image-6230\" srcset=\"https:\/\/www.wblaserag.ch\/wp-content\/uploads\/2021\/09\/Flexfix-start-640x640-3.png 640w, https:\/\/www.wblaserag.ch\/wp-content\/uploads\/2021\/09\/Flexfix-start-640x640-3-300x300.png 300w, https:\/\/www.wblaserag.ch\/wp-content\/uploads\/2021\/09\/Flexfix-start-640x640-3-150x150.png 150w\" sizes=\"auto, (max-width: 640px) 100vw, 640px\" \/><\/a><figcaption class=\"wp-element-caption\">Flexfix<\/figcaption><\/figure>\n\n\n\n<p><a href=\"https:\/\/www.wblaserag.ch\/fr\/visio\/flexfix-la-fixation-du-bateau-flexible-sur-le-poteau\/\">Fixation du bateau sur le poteau \u00e0 quai ou dans le port<\/a><\/p>\n\n\n\n<div class=\"wp-block-buttons is-layout-flex wp-block-buttons-is-layout-flex\">\n<div class=\"wp-block-button is-style-outline is-style-outline--5\"><a class=\"wp-block-button__link has-accent-color has-text-color wp-element-button\" href=\"https:\/\/www.wblaserag.ch\/fr\/visio\/flexfix-la-fixation-du-bateau-flexible-sur-le-poteau\/\" style=\"border-radius:6px\">En savoir plus<\/a><\/div>\n<\/div>\n<\/div>\n\n\n\n<div class=\"wp-block-column is-layout-flow wp-block-column-is-layout-flow\">\n<p><\/p>\n<\/div>\n<\/div>\n<\/div><\/div>\n","protected":false},"excerpt":{"rendered":"<p>Syst\u00e8mes de vision et de s\u00e9curit\u00e9 Nous sommes un leader du march\u00e9 suisse des syst\u00e8mes de visibilit\u00e9, de s\u00e9curit\u00e9 et de marquage pour les v\u00e9hicules agricoles, municipaux, de construction, sp\u00e9ciaux et commerciaux et nous offrons des produits innovants et des conseils comp\u00e9tents aux constructeurs de v\u00e9hicules et aux revendeurs de pi\u00e8ces de rechange. R\u00e9troviseurs, supports&hellip;<\/p>\n","protected":false},"author":1,"featured_media":0,"parent":0,"menu_order":0,"comment_status":"closed","ping_status":"closed","template":"tw-no-title.php","meta":{"footnotes":""},"class_list":["post-3252","page","type-page","status-publish","hentry"],"yoast_head":"<!-- This site is optimized with the Yoast SEO plugin v27.3 - https:\/\/yoast.com\/product\/yoast-seo-wordpress\/ -->\n<title>BlaserVisio - W. Blaser AG<\/title>\n<meta name=\"robots\" content=\"index, follow, max-snippet:-1, max-image-preview:large, max-video-preview:-1\" \/>\n<link rel=\"canonical\" href=\"https:\/\/www.wblaserag.ch\/fr\/visio\/\" \/>\n<meta property=\"og:locale\" content=\"fr_FR\" \/>\n<meta property=\"og:type\" content=\"article\" \/>\n<meta property=\"og:title\" content=\"BlaserVisio - W. Blaser AG\" \/>\n<meta property=\"og:description\" content=\"Syst\u00e8mes de vision et de s\u00e9curit\u00e9 Nous sommes un leader du march\u00e9 suisse des syst\u00e8mes de visibilit\u00e9, de s\u00e9curit\u00e9 et de marquage pour les v\u00e9hicules agricoles, municipaux, de construction, sp\u00e9ciaux et commerciaux et nous offrons des produits innovants et des conseils comp\u00e9tents aux constructeurs de v\u00e9hicules et aux revendeurs de pi\u00e8ces de rechange. R\u00e9troviseurs, supports&hellip;\" \/>\n<meta property=\"og:url\" content=\"https:\/\/www.wblaserag.ch\/fr\/visio\/\" \/>\n<meta property=\"og:site_name\" content=\"W. Blaser AG\" \/>\n<meta property=\"article:publisher\" content=\"https:\/\/www.facebook.com\/BlaserVisio-191482694639126\" \/>\n<meta property=\"article:modified_time\" content=\"2025-12-16T13:28:51+00:00\" \/>\n<meta property=\"og:image\" content=\"https:\/\/www.wblaserag.ch\/wp-content\/uploads\/2024\/01\/spiegel.jpg\" \/>\n\t<meta property=\"og:image:width\" content=\"640\" \/>\n\t<meta property=\"og:image:height\" content=\"640\" \/>\n\t<meta property=\"og:image:type\" content=\"image\/jpeg\" \/>\n<meta name=\"twitter:card\" content=\"summary_large_image\" \/>\n<script type=\"application\/ld+json\" class=\"yoast-schema-graph\">{\"@context\":\"https:\\\/\\\/schema.org\",\"@graph\":[{\"@type\":\"WebPage\",\"@id\":\"https:\\\/\\\/www.wblaserag.ch\\\/fr\\\/visio\\\/\",\"url\":\"https:\\\/\\\/www.wblaserag.ch\\\/fr\\\/visio\\\/\",\"name\":\"BlaserVisio - W. Blaser AG\",\"isPartOf\":{\"@id\":\"https:\\\/\\\/www.wblaserag.ch\\\/fr\\\/#website\"},\"primaryImageOfPage\":{\"@id\":\"https:\\\/\\\/www.wblaserag.ch\\\/fr\\\/visio\\\/#primaryimage\"},\"image\":{\"@id\":\"https:\\\/\\\/www.wblaserag.ch\\\/fr\\\/visio\\\/#primaryimage\"},\"thumbnailUrl\":\"https:\\\/\\\/www.wblaserag.ch\\\/wp-content\\\/uploads\\\/2024\\\/01\\\/spiegel.jpg\",\"datePublished\":\"2021-02-06T17:58:05+00:00\",\"dateModified\":\"2025-12-16T13:28:51+00:00\",\"breadcrumb\":{\"@id\":\"https:\\\/\\\/www.wblaserag.ch\\\/fr\\\/visio\\\/#breadcrumb\"},\"inLanguage\":\"fr-FR\",\"potentialAction\":[{\"@type\":\"ReadAction\",\"target\":[\"https:\\\/\\\/www.wblaserag.ch\\\/fr\\\/visio\\\/\"]}]},{\"@type\":\"ImageObject\",\"inLanguage\":\"fr-FR\",\"@id\":\"https:\\\/\\\/www.wblaserag.ch\\\/fr\\\/visio\\\/#primaryimage\",\"url\":\"https:\\\/\\\/www.wblaserag.ch\\\/wp-content\\\/uploads\\\/2024\\\/01\\\/spiegel.jpg\",\"contentUrl\":\"https:\\\/\\\/www.wblaserag.ch\\\/wp-content\\\/uploads\\\/2024\\\/01\\\/spiegel.jpg\"},{\"@type\":\"BreadcrumbList\",\"@id\":\"https:\\\/\\\/www.wblaserag.ch\\\/fr\\\/visio\\\/#breadcrumb\",\"itemListElement\":[{\"@type\":\"ListItem\",\"position\":1,\"name\":\"Page d'accueil\",\"item\":\"https:\\\/\\\/www.wblaserag.ch\\\/fr\\\/\"},{\"@type\":\"ListItem\",\"position\":2,\"name\":\"BlaserVisio\"}]},{\"@type\":\"WebSite\",\"@id\":\"https:\\\/\\\/www.wblaserag.ch\\\/fr\\\/#website\",\"url\":\"https:\\\/\\\/www.wblaserag.ch\\\/fr\\\/\",\"name\":\"W. Blaser AG\",\"description\":\"\",\"publisher\":{\"@id\":\"https:\\\/\\\/www.wblaserag.ch\\\/fr\\\/#organization\"},\"potentialAction\":[{\"@type\":\"SearchAction\",\"target\":{\"@type\":\"EntryPoint\",\"urlTemplate\":\"https:\\\/\\\/www.wblaserag.ch\\\/fr\\\/?s={search_term_string}\"},\"query-input\":{\"@type\":\"PropertyValueSpecification\",\"valueRequired\":true,\"valueName\":\"search_term_string\"}}],\"inLanguage\":\"fr-FR\"},{\"@type\":\"Organization\",\"@id\":\"https:\\\/\\\/www.wblaserag.ch\\\/fr\\\/#organization\",\"name\":\"W. Blaser AG\",\"url\":\"https:\\\/\\\/www.wblaserag.ch\\\/fr\\\/\",\"logo\":{\"@type\":\"ImageObject\",\"inLanguage\":\"fr-FR\",\"@id\":\"https:\\\/\\\/www.wblaserag.ch\\\/fr\\\/#\\\/schema\\\/logo\\\/image\\\/\",\"url\":\"https:\\\/\\\/www.wblaserag.ch\\\/wp-content\\\/uploads\\\/2021\\\/02\\\/cropped-cropped-Blaser_Mobile_NEG.png\",\"contentUrl\":\"https:\\\/\\\/www.wblaserag.ch\\\/wp-content\\\/uploads\\\/2021\\\/02\\\/cropped-cropped-Blaser_Mobile_NEG.png\",\"width\":400,\"height\":55,\"caption\":\"W. Blaser AG\"},\"image\":{\"@id\":\"https:\\\/\\\/www.wblaserag.ch\\\/fr\\\/#\\\/schema\\\/logo\\\/image\\\/\"},\"sameAs\":[\"https:\\\/\\\/www.facebook.com\\\/BlaserVisio-191482694639126\",\"https:\\\/\\\/www.instagram.com\\\/blaservisio\\\/\"]}]}<\/script>\n<!-- \/ Yoast SEO plugin. -->","yoast_head_json":{"title":"BlaserVisio - W. Blaser AG","robots":{"index":"index","follow":"follow","max-snippet":"max-snippet:-1","max-image-preview":"max-image-preview:large","max-video-preview":"max-video-preview:-1"},"canonical":"https:\/\/www.wblaserag.ch\/fr\/visio\/","og_locale":"fr_FR","og_type":"article","og_title":"BlaserVisio - W. Blaser AG","og_description":"Syst\u00e8mes de vision et de s\u00e9curit\u00e9 Nous sommes un leader du march\u00e9 suisse des syst\u00e8mes de visibilit\u00e9, de s\u00e9curit\u00e9 et de marquage pour les v\u00e9hicules agricoles, municipaux, de construction, sp\u00e9ciaux et commerciaux et nous offrons des produits innovants et des conseils comp\u00e9tents aux constructeurs de v\u00e9hicules et aux revendeurs de pi\u00e8ces de rechange. R\u00e9troviseurs, supports&hellip;","og_url":"https:\/\/www.wblaserag.ch\/fr\/visio\/","og_site_name":"W. Blaser AG","article_publisher":"https:\/\/www.facebook.com\/BlaserVisio-191482694639126","article_modified_time":"2025-12-16T13:28:51+00:00","og_image":[{"width":640,"height":640,"url":"https:\/\/www.wblaserag.ch\/wp-content\/uploads\/2024\/01\/spiegel.jpg","type":"image\/jpeg"}],"twitter_card":"summary_large_image","schema":{"@context":"https:\/\/schema.org","@graph":[{"@type":"WebPage","@id":"https:\/\/www.wblaserag.ch\/fr\/visio\/","url":"https:\/\/www.wblaserag.ch\/fr\/visio\/","name":"BlaserVisio - W. Blaser AG","isPartOf":{"@id":"https:\/\/www.wblaserag.ch\/fr\/#website"},"primaryImageOfPage":{"@id":"https:\/\/www.wblaserag.ch\/fr\/visio\/#primaryimage"},"image":{"@id":"https:\/\/www.wblaserag.ch\/fr\/visio\/#primaryimage"},"thumbnailUrl":"https:\/\/www.wblaserag.ch\/wp-content\/uploads\/2024\/01\/spiegel.jpg","datePublished":"2021-02-06T17:58:05+00:00","dateModified":"2025-12-16T13:28:51+00:00","breadcrumb":{"@id":"https:\/\/www.wblaserag.ch\/fr\/visio\/#breadcrumb"},"inLanguage":"fr-FR","potentialAction":[{"@type":"ReadAction","target":["https:\/\/www.wblaserag.ch\/fr\/visio\/"]}]},{"@type":"ImageObject","inLanguage":"fr-FR","@id":"https:\/\/www.wblaserag.ch\/fr\/visio\/#primaryimage","url":"https:\/\/www.wblaserag.ch\/wp-content\/uploads\/2024\/01\/spiegel.jpg","contentUrl":"https:\/\/www.wblaserag.ch\/wp-content\/uploads\/2024\/01\/spiegel.jpg"},{"@type":"BreadcrumbList","@id":"https:\/\/www.wblaserag.ch\/fr\/visio\/#breadcrumb","itemListElement":[{"@type":"ListItem","position":1,"name":"Page d'accueil","item":"https:\/\/www.wblaserag.ch\/fr\/"},{"@type":"ListItem","position":2,"name":"BlaserVisio"}]},{"@type":"WebSite","@id":"https:\/\/www.wblaserag.ch\/fr\/#website","url":"https:\/\/www.wblaserag.ch\/fr\/","name":"W. Blaser AG","description":"","publisher":{"@id":"https:\/\/www.wblaserag.ch\/fr\/#organization"},"potentialAction":[{"@type":"SearchAction","target":{"@type":"EntryPoint","urlTemplate":"https:\/\/www.wblaserag.ch\/fr\/?s={search_term_string}"},"query-input":{"@type":"PropertyValueSpecification","valueRequired":true,"valueName":"search_term_string"}}],"inLanguage":"fr-FR"},{"@type":"Organization","@id":"https:\/\/www.wblaserag.ch\/fr\/#organization","name":"W. Blaser AG","url":"https:\/\/www.wblaserag.ch\/fr\/","logo":{"@type":"ImageObject","inLanguage":"fr-FR","@id":"https:\/\/www.wblaserag.ch\/fr\/#\/schema\/logo\/image\/","url":"https:\/\/www.wblaserag.ch\/wp-content\/uploads\/2021\/02\/cropped-cropped-Blaser_Mobile_NEG.png","contentUrl":"https:\/\/www.wblaserag.ch\/wp-content\/uploads\/2021\/02\/cropped-cropped-Blaser_Mobile_NEG.png","width":400,"height":55,"caption":"W. Blaser AG"},"image":{"@id":"https:\/\/www.wblaserag.ch\/fr\/#\/schema\/logo\/image\/"},"sameAs":["https:\/\/www.facebook.com\/BlaserVisio-191482694639126","https:\/\/www.instagram.com\/blaservisio\/"]}]}},"_links":{"self":[{"href":"https:\/\/www.wblaserag.ch\/fr\/wp-json\/wp\/v2\/pages\/3252","targetHints":{"allow":["GET"]}}],"collection":[{"href":"https:\/\/www.wblaserag.ch\/fr\/wp-json\/wp\/v2\/pages"}],"about":[{"href":"https:\/\/www.wblaserag.ch\/fr\/wp-json\/wp\/v2\/types\/page"}],"author":[{"embeddable":true,"href":"https:\/\/www.wblaserag.ch\/fr\/wp-json\/wp\/v2\/users\/1"}],"replies":[{"embeddable":true,"href":"https:\/\/www.wblaserag.ch\/fr\/wp-json\/wp\/v2\/comments?post=3252"}],"version-history":[{"count":24,"href":"https:\/\/www.wblaserag.ch\/fr\/wp-json\/wp\/v2\/pages\/3252\/revisions"}],"predecessor-version":[{"id":11283,"href":"https:\/\/www.wblaserag.ch\/fr\/wp-json\/wp\/v2\/pages\/3252\/revisions\/11283"}],"wp:attachment":[{"href":"https:\/\/www.wblaserag.ch\/fr\/wp-json\/wp\/v2\/media?parent=3252"}],"curies":[{"name":"wp","href":"https:\/\/api.w.org\/{rel}","templated":true}]}}