{"id":3248,"date":"2021-02-06T17:25:18","date_gmt":"2021-02-06T16:25:18","guid":{"rendered":"https:\/\/www.wblaserag.ch\/?page_id=3248"},"modified":"2026-03-30T17:29:20","modified_gmt":"2026-03-30T16:29:20","slug":"w-blaser-ag","status":"publish","type":"page","link":"https:\/\/www.wblaserag.ch\/fr\/","title":{"rendered":"W. Blaser AG"},"content":{"rendered":"\n<div style=\"height:1px\" aria-hidden=\"true\" class=\"wp-block-spacer\"><\/div>\n\n\n\n<div class=\"wp-block-columns alignwide is-layout-flex wp-container-core-columns-is-layout-d0b3c9c8 wp-block-columns-is-layout-flex\">\n<div class=\"wp-block-column is-layout-flow wp-block-column-is-layout-flow\">\n<figure class=\"wp-block-image size-large\"><a href=\"https:\/\/www.wblaserag.ch\/fr\/visio\/\"><img loading=\"lazy\" decoding=\"async\" width=\"1024\" height=\"883\" src=\"https:\/\/www.wblaserag.ch\/wp-content\/uploads\/2021\/02\/1020_Titelbild_BlaserVisio-1024x883.jpg\" alt=\"\" class=\"wp-image-4700\" srcset=\"https:\/\/www.wblaserag.ch\/wp-content\/uploads\/2021\/02\/1020_Titelbild_BlaserVisio-1024x883.jpg 1024w, https:\/\/www.wblaserag.ch\/wp-content\/uploads\/2021\/02\/1020_Titelbild_BlaserVisio-300x259.jpg 300w, https:\/\/www.wblaserag.ch\/wp-content\/uploads\/2021\/02\/1020_Titelbild_BlaserVisio-768x662.jpg 768w, https:\/\/www.wblaserag.ch\/wp-content\/uploads\/2021\/02\/1020_Titelbild_BlaserVisio.jpg 1160w\" sizes=\"auto, (max-width: 1024px) 100vw, 1024px\" \/><\/a><figcaption class=\"wp-element-caption\">BlaserVisio<\/figcaption><\/figure>\n\n\n\n<h2 class=\"wp-block-heading has-large-font-size\">Syst\u00e8mes de vision et de s\u00e9curit\u00e9 <\/h2>\n\n\n\n<p class=\"has-normal-font-size\"><a href=\"https:\/\/www.wblaserag.ch\/fr\/visio\/spiegel-systeme\/\">&gt; R\u00e9troviseurs et syst\u00e8mes de r\u00e9troviseurs<\/a><\/p>\n\n\n\n<p class=\"has-normal-font-size\"><a href=\"https:\/\/www.wblaserag.ch\/fr\/visio\/cameras-iot-mobile-et-systemes-dassistance\/\">&gt; Cam\u00e9ras, IoT mobile et syst\u00e8mes d&rsquo;assistance<\/a><\/p>\n\n\n\n<p class=\"has-normal-font-size\"><a href=\"https:\/\/www.wblaserag.ch\/fr\/visio\/equipement-de-signalisation-lampes\/\">&gt; Syst\u00e8mes de signalisation et lampes<\/a><\/p>\n\n\n\n<p><a href=\"https:\/\/www.wblaserag.ch\/fr\/visio\/flexfix-la-fixation-du-bateau-flexible-sur-le-poteau\/\">&gt; Flexfix &#8211; fixation du bateau flexible sur le poteau<\/a><\/p>\n\n\n\n<div class=\"wp-block-buttons is-layout-flex wp-block-buttons-is-layout-flex\">\n<div class=\"wp-block-button is-style-outline is-style-outline--1\"><a class=\"wp-block-button__link has-accent-color has-text-color wp-element-button\" href=\"https:\/\/www.wblaserag.ch\/fr\/visio\/\" style=\"border-radius:6px\">Aper\u00e7u<\/a><\/div>\n<\/div>\n<\/div>\n\n\n\n<div class=\"wp-block-column is-layout-flow wp-block-column-is-layout-flow\">\n<figure class=\"wp-block-image size-large size-full\"><a href=\"https:\/\/www.wblaserag.ch\/fr\/chair\/\"><img loading=\"lazy\" decoding=\"async\" width=\"1024\" height=\"883\" src=\"https:\/\/www.wblaserag.ch\/wp-content\/uploads\/2021\/02\/1020_Titelbild_BlaserChair-1024x883.jpg\" alt=\"BlaserChair\" class=\"wp-image-4699\" srcset=\"https:\/\/www.wblaserag.ch\/wp-content\/uploads\/2021\/02\/1020_Titelbild_BlaserChair-1024x883.jpg 1024w, https:\/\/www.wblaserag.ch\/wp-content\/uploads\/2021\/02\/1020_Titelbild_BlaserChair-300x259.jpg 300w, https:\/\/www.wblaserag.ch\/wp-content\/uploads\/2021\/02\/1020_Titelbild_BlaserChair-768x662.jpg 768w, https:\/\/www.wblaserag.ch\/wp-content\/uploads\/2021\/02\/1020_Titelbild_BlaserChair.jpg 1160w\" sizes=\"auto, (max-width: 1024px) 100vw, 1024px\" \/><\/a><figcaption class=\"wp-element-caption\">BlaserChair<\/figcaption><\/figure>\n\n\n\n<h2 class=\"wp-block-heading has-large-font-size\">Fauteuils m\u00e9dicaux suisses<\/h2>\n\n\n\n<p class=\"has-normal-font-size\"><a href=\"https:\/\/www.wblaserag.ch\/fr\/chair\/fauteuil-medical-medica\/\">> Fauteuils de soins pour h\u00f4pitaux, cabinets m\u00e9dicaux et laboratoires<\/a><\/p>\n\n\n\n<p><a href=\"https:\/\/www.wblaserag.ch\/fr\/chair\/\" type=\"page\" id=\"3322\">> Fauteuils de soins et la r\u00e9\u00e9ducation<\/a><\/p>\n\n\n\n<p class=\"has-normal-font-size\"><a href=\"https:\/\/www.wblaserag.ch\/fr\/chair\/\" type=\"page\" id=\"3322\">> Fauteuils pour le transport des patients<\/a><\/p>\n\n\n\n<div class=\"wp-block-buttons is-layout-flex wp-block-buttons-is-layout-flex\">\n<div class=\"wp-block-button is-style-outline is-style-outline--2\"><a class=\"wp-block-button__link has-accent-color has-text-color wp-element-button\" href=\"https:\/\/www.wblaserag.ch\/fr\/chair\/\" style=\"border-radius:6px\">Aper\u00e7u<\/a><\/div>\n<\/div>\n<\/div>\n<\/div>\n\n\n\n<div class=\"wp-block-group alignfull\"><div class=\"wp-block-group__inner-container is-layout-flow wp-block-group-is-layout-flow\">\n<h2 class=\"wp-block-heading has-text-align-center\">Actualit\u00e9s <\/h2>\n\n\n<ul class=\"wp-block-latest-posts__list is-grid columns-2 has-dates alignwide tw-mt-8 tw-img-ratio-3-2 tw-stretched-link wp-block-latest-posts\"><li><div class=\"wp-block-latest-posts__featured-image alignleft\"><img loading=\"lazy\" decoding=\"async\" width=\"300\" height=\"198\" src=\"https:\/\/www.wblaserag.ch\/wp-content\/uploads\/2025\/11\/AVS-Spiegelersatzsystem-300x198.png\" class=\"attachment-medium size-medium wp-post-image\" alt=\"AVS-Spiegelersatzsystem\" style=\"\" srcset=\"https:\/\/www.wblaserag.ch\/wp-content\/uploads\/2025\/11\/AVS-Spiegelersatzsystem-300x198.png 300w, https:\/\/www.wblaserag.ch\/wp-content\/uploads\/2025\/11\/AVS-Spiegelersatzsystem-768x508.png 768w, https:\/\/www.wblaserag.ch\/wp-content\/uploads\/2025\/11\/AVS-Spiegelersatzsystem.png 885w\" sizes=\"auto, (max-width: 300px) 100vw, 300px\" \/><\/div><a class=\"wp-block-latest-posts__post-title\" href=\"https:\/\/www.wblaserag.ch\/fr\/actualites-blaservisio\/systeme-de-remplacement-de-retroviseurs-avs-innovant-utilise-pour-la-premiere-fois-en-suisse-sur-un-camping-car-morelo\/\">Syst\u00e8me de remplacement de r\u00e9troviseurs AVS innovant utilis\u00e9 pour la premi\u00e8re fois en Suisse sur un camping-car MORELO<\/a><time datetime=\"2025-11-17T00:13:09+01:00\" class=\"wp-block-latest-posts__post-date\">17 novembre 2025<\/time><\/li>\n<li><div class=\"wp-block-latest-posts__featured-image alignleft\"><img loading=\"lazy\" decoding=\"async\" width=\"300\" height=\"198\" src=\"https:\/\/www.wblaserag.ch\/wp-content\/uploads\/2025\/11\/Carthago-2-300x198.png\" class=\"attachment-medium size-medium wp-post-image\" alt=\"R\u00fcckspiegel f\u00fcr Lieferwagen und Transporter Carthago\" style=\"\" srcset=\"https:\/\/www.wblaserag.ch\/wp-content\/uploads\/2025\/11\/Carthago-2-300x198.png 300w, https:\/\/www.wblaserag.ch\/wp-content\/uploads\/2025\/11\/Carthago-2-768x508.png 768w, https:\/\/www.wblaserag.ch\/wp-content\/uploads\/2025\/11\/Carthago-2.png 885w\" sizes=\"auto, (max-width: 300px) 100vw, 300px\" \/><\/div><a class=\"wp-block-latest-posts__post-title\" href=\"https:\/\/www.wblaserag.ch\/fr\/actualites-blaservisio\/nouveaute-dans-notre-assortiment-retroviseurs-pour-utilitaires-et-transporteurs\/\">Nouveaut\u00e9 dans notre assortiment : r\u00e9troviseurs pour utilitaires et transporteurs<\/a><time datetime=\"2025-11-14T10:29:00+01:00\" class=\"wp-block-latest-posts__post-date\">14 novembre 2025<\/time><\/li>\n<li><div class=\"wp-block-latest-posts__featured-image alignleft\"><img loading=\"lazy\" decoding=\"async\" width=\"300\" height=\"184\" src=\"https:\/\/www.wblaserag.ch\/wp-content\/uploads\/2024\/08\/fr-300x184.png\" class=\"attachment-medium size-medium wp-post-image\" alt=\"Miroirs, capteurs et cam\u00e9ras pour \u00e9liminer les angles morts\" style=\"\" srcset=\"https:\/\/www.wblaserag.ch\/wp-content\/uploads\/2024\/08\/fr-300x184.png 300w, https:\/\/www.wblaserag.ch\/wp-content\/uploads\/2024\/08\/fr-768x470.png 768w, https:\/\/www.wblaserag.ch\/wp-content\/uploads\/2024\/08\/fr.png 980w\" sizes=\"auto, (max-width: 300px) 100vw, 300px\" \/><\/div><a class=\"wp-block-latest-posts__post-title\" href=\"https:\/\/www.wblaserag.ch\/fr\/actualites-blaservisio\/miroirs-capteurs-et-cameras-pour-eliminer-les-angles-morts\/\">R\u00e9troviseurs, capteurs &#038; cam\u00e9ras pour \u00e9liminer les angles morts<\/a><time datetime=\"2024-08-16T12:52:01+01:00\" class=\"wp-block-latest-posts__post-date\">16 ao\u00fbt 2024<\/time><\/li>\n<li><div class=\"wp-block-latest-posts__featured-image alignleft\"><img loading=\"lazy\" decoding=\"async\" width=\"300\" height=\"179\" src=\"https:\/\/www.wblaserag.ch\/wp-content\/uploads\/2024\/01\/Blaser_VTS_2024-300x179.jpg\" class=\"attachment-medium size-medium wp-post-image\" alt=\"Teilrevision Verordnung u\u0308ber die technischen Anforderungen an\nStrassenfahrzeuge (VTS)\" style=\"\" srcset=\"https:\/\/www.wblaserag.ch\/wp-content\/uploads\/2024\/01\/Blaser_VTS_2024-300x179.jpg 300w, https:\/\/www.wblaserag.ch\/wp-content\/uploads\/2024\/01\/Blaser_VTS_2024-768x458.jpg 768w, https:\/\/www.wblaserag.ch\/wp-content\/uploads\/2024\/01\/Blaser_VTS_2024.jpg 822w\" sizes=\"auto, (max-width: 300px) 100vw, 300px\" \/><\/div><a class=\"wp-block-latest-posts__post-title\" href=\"https:\/\/www.wblaserag.ch\/fr\/actualites-blaservisio\/vehicules-a-moteur-ayant-un-porte-a-faux-avant-de-plus-de-3-metres-entreront-en-vigueur-le-1er-avril-2024\/\">Les r\u00e8gles d&rsquo;adaptation pour les v\u00e9hicules \u00e0 moteur ayant un porte-\u00e0-faux avant de plus de 3 m\u00e8tres entreront en vigueur le 1er avril 2024<\/a><time datetime=\"2024-01-07T17:07:07+01:00\" class=\"wp-block-latest-posts__post-date\">7 janvier 2024<\/time><\/li>\n<\/ul><\/div><\/div>\n\n\n\n<p class=\"has-text-align-center\"><a href=\"https:\/\/www.wblaserag.ch\/fr\/?page_id=3250\">Toutes les actualit\u00e9s<\/a><\/p>\n\n\n\n<hr class=\"wp-block-separator has-css-opacity is-style-dots\"\/>\n\n\n\n<h2 class=\"wp-block-heading has-text-align-center\">Vid\u00e9oth\u00e8que W. Blaser<\/h2>\n\n\n\n<div class=\"wp-block-columns is-layout-flex wp-container-core-columns-is-layout-d0b3c9c8 wp-block-columns-is-layout-flex\">\n<div class=\"wp-block-column is-layout-flow wp-block-column-is-layout-flow\">\n<figure class=\"wp-block-embed is-type-video is-provider-youtube wp-block-embed-youtube wp-embed-aspect-16-9 wp-has-aspect-ratio\"><div class=\"wp-block-embed__wrapper\">\n<iframe loading=\"lazy\" title=\"Schlussleuchte WBC 122 f\u00fcr Saurer-LKW - ein Moment im Produktionsprozess\" width=\"580\" height=\"326\" src=\"https:\/\/www.youtube.com\/embed\/GH7gAHarh3s?feature=oembed\" frameborder=\"0\" allow=\"accelerometer; autoplay; clipboard-write; encrypted-media; gyroscope; picture-in-picture; web-share\" referrerpolicy=\"strict-origin-when-cross-origin\" allowfullscreen><\/iframe>\n<\/div><figcaption class=\"wp-element-caption\">Production de feux arri\u00e8re WBC 122 pour les l\u00e9gendaires camions Saurer<\/figcaption><\/figure>\n<\/div>\n\n\n\n<div class=\"wp-block-column is-layout-flow wp-block-column-is-layout-flow\">\n<figure class=\"wp-block-embed is-type-video is-provider-youtube wp-block-embed-youtube wp-embed-aspect-16-9 wp-has-aspect-ratio\"><div class=\"wp-block-embed__wrapper\">\n<iframe loading=\"lazy\" title=\"Wie wir einen Blaser-Stuhl herstellen\" width=\"580\" height=\"326\" src=\"https:\/\/www.youtube.com\/embed\/qr45AKVYTo0?feature=oembed\" frameborder=\"0\" allow=\"accelerometer; autoplay; clipboard-write; encrypted-media; gyroscope; picture-in-picture; web-share\" referrerpolicy=\"strict-origin-when-cross-origin\" allowfullscreen><\/iframe>\n<\/div><figcaption class=\"wp-element-caption\">Production d&rsquo;un fauteuil Blaser<\/figcaption><\/figure>\n<\/div>\n<\/div>\n\n\n\n<hr class=\"wp-block-separator has-css-opacity is-style-dots\"\/>\n\n\n\n<h2 class=\"wp-block-heading has-text-align-center\">Retour aux sources<\/h2>\n\n\n\n<p><\/p>\n\n\n\n<div class=\"wp-block-media-text alignwide is-stacked-on-mobile\" style=\"grid-template-columns:19% auto\"><figure class=\"wp-block-media-text__media\"><a href=\"https:\/\/www.wblaserag.ch\/assets\/produktbilder\/ueber_uns\/1020_Portrait_Walter_Blaser.pdf\"><img loading=\"lazy\" decoding=\"async\" width=\"233\" height=\"360\" src=\"https:\/\/www.wblaserag.ch\/wp-content\/uploads\/2021\/03\/1020_Portrait_Walter_Blaser.jpg\" alt=\"\" class=\"wp-image-1113 size-full\" srcset=\"https:\/\/www.wblaserag.ch\/wp-content\/uploads\/2021\/03\/1020_Portrait_Walter_Blaser.jpg 233w, https:\/\/www.wblaserag.ch\/wp-content\/uploads\/2021\/03\/1020_Portrait_Walter_Blaser-194x300.jpg 194w\" sizes=\"auto, (max-width: 233px) 100vw, 233px\" \/><\/a><\/figure><div class=\"wp-block-media-text__content\">\n<p><strong>Walter Blaser. La cr\u00e9ativit\u00e9 rencontre l&rsquo;esprit d&rsquo;innovation<\/strong><\/p>\n\n\n\n<p>Walter Blaser, le cr\u00e9ateur et concepteur de l&rsquo;Emmental, a connu deux guerres mondiales et de nombreux d\u00e9veloppements techniques au cours des 80 ann\u00e9es de sa vie.<\/p>\n\n\n\n<p><a href=\"https:\/\/www.wblaserag.ch\/assets\/produktbilder\/ueber_uns\/1020_Portrait_Walter_Blaser.pdf\">Lire l&rsquo;article (PDF)<\/a><\/p>\n<\/div><\/div>\n","protected":false},"excerpt":{"rendered":"<p>Syst\u00e8mes de vision et de s\u00e9curit\u00e9 &gt; R\u00e9troviseurs et syst\u00e8mes de r\u00e9troviseurs &gt; Cam\u00e9ras, IoT mobile et syst\u00e8mes d&rsquo;assistance &gt; Syst\u00e8mes de signalisation et lampes &gt; Flexfix &#8211; fixation du bateau flexible sur le poteau Fauteuils m\u00e9dicaux suisses > Fauteuils de soins pour h\u00f4pitaux, cabinets m\u00e9dicaux et laboratoires > Fauteuils de soins et la r\u00e9\u00e9ducation&hellip;<\/p>\n","protected":false},"author":1,"featured_media":0,"parent":0,"menu_order":0,"comment_status":"closed","ping_status":"closed","template":"tw-no-title.php","meta":{"footnotes":""},"class_list":["post-3248","page","type-page","status-publish","hentry"],"yoast_head":"<!-- This site is optimized with the Yoast SEO plugin v27.3 - https:\/\/yoast.com\/product\/yoast-seo-wordpress\/ -->\n<title>W. Blaser AG \u2013 syst\u00e8mes de vision et de s\u00e9curit\u00e9 BlaserVisio et des fauteuils et meubles m\u00e9dical BlaserChair - W. Blaser AG<\/title>\n<meta name=\"robots\" content=\"index, follow, max-snippet:-1, max-image-preview:large, max-video-preview:-1\" \/>\n<link rel=\"canonical\" href=\"https:\/\/www.wblaserag.ch\/fr\/\" \/>\n<meta property=\"og:locale\" content=\"fr_FR\" \/>\n<meta property=\"og:type\" content=\"article\" \/>\n<meta property=\"og:title\" content=\"W. Blaser AG \u2013 syst\u00e8mes de vision et de s\u00e9curit\u00e9 BlaserVisio et des fauteuils et meubles m\u00e9dical BlaserChair - W. Blaser AG\" \/>\n<meta property=\"og:description\" content=\"Syst\u00e8mes de vision et de s\u00e9curit\u00e9 &gt; R\u00e9troviseurs et syst\u00e8mes de r\u00e9troviseurs &gt; Cam\u00e9ras, IoT mobile et syst\u00e8mes d&rsquo;assistance &gt; Syst\u00e8mes de signalisation et lampes &gt; Flexfix &#8211; fixation du bateau flexible sur le poteau Fauteuils m\u00e9dicaux suisses &gt; Fauteuils de soins pour h\u00f4pitaux, cabinets m\u00e9dicaux et laboratoires &gt; Fauteuils de soins et la r\u00e9\u00e9ducation&hellip;\" \/>\n<meta property=\"og:url\" content=\"https:\/\/www.wblaserag.ch\/fr\/\" \/>\n<meta property=\"og:site_name\" content=\"W. Blaser AG\" \/>\n<meta property=\"article:publisher\" content=\"https:\/\/www.facebook.com\/BlaserVisio-191482694639126\" \/>\n<meta property=\"article:modified_time\" content=\"2026-03-30T16:29:20+00:00\" \/>\n<meta property=\"og:image\" content=\"https:\/\/www.wblaserag.ch\/wp-content\/uploads\/2021\/02\/1020_Titelbild_BlaserVisio.jpg\" \/>\n\t<meta property=\"og:image:width\" content=\"1160\" \/>\n\t<meta property=\"og:image:height\" content=\"1000\" \/>\n\t<meta property=\"og:image:type\" content=\"image\/jpeg\" \/>\n<meta name=\"twitter:card\" content=\"summary_large_image\" \/>\n<script type=\"application\/ld+json\" class=\"yoast-schema-graph\">{\"@context\":\"https:\\\/\\\/schema.org\",\"@graph\":[{\"@type\":\"WebPage\",\"@id\":\"https:\\\/\\\/www.wblaserag.ch\\\/fr\\\/\",\"url\":\"https:\\\/\\\/www.wblaserag.ch\\\/fr\\\/\",\"name\":\"W. Blaser AG \u2013 syst\u00e8mes de vision et de s\u00e9curit\u00e9 BlaserVisio et des fauteuils et meubles m\u00e9dical BlaserChair - W. Blaser AG\",\"isPartOf\":{\"@id\":\"https:\\\/\\\/www.wblaserag.ch\\\/fr\\\/#website\"},\"primaryImageOfPage\":{\"@id\":\"https:\\\/\\\/www.wblaserag.ch\\\/fr\\\/#primaryimage\"},\"image\":{\"@id\":\"https:\\\/\\\/www.wblaserag.ch\\\/fr\\\/#primaryimage\"},\"thumbnailUrl\":\"https:\\\/\\\/www.wblaserag.ch\\\/wp-content\\\/uploads\\\/2021\\\/02\\\/1020_Titelbild_BlaserVisio-1024x883.jpg\",\"datePublished\":\"2021-02-06T16:25:18+00:00\",\"dateModified\":\"2026-03-30T16:29:20+00:00\",\"breadcrumb\":{\"@id\":\"https:\\\/\\\/www.wblaserag.ch\\\/fr\\\/#breadcrumb\"},\"inLanguage\":\"fr-FR\",\"potentialAction\":[{\"@type\":\"ReadAction\",\"target\":[\"https:\\\/\\\/www.wblaserag.ch\\\/fr\\\/\"]}]},{\"@type\":\"ImageObject\",\"inLanguage\":\"fr-FR\",\"@id\":\"https:\\\/\\\/www.wblaserag.ch\\\/fr\\\/#primaryimage\",\"url\":\"https:\\\/\\\/www.wblaserag.ch\\\/wp-content\\\/uploads\\\/2021\\\/02\\\/1020_Titelbild_BlaserVisio-1024x883.jpg\",\"contentUrl\":\"https:\\\/\\\/www.wblaserag.ch\\\/wp-content\\\/uploads\\\/2021\\\/02\\\/1020_Titelbild_BlaserVisio-1024x883.jpg\"},{\"@type\":\"BreadcrumbList\",\"@id\":\"https:\\\/\\\/www.wblaserag.ch\\\/fr\\\/#breadcrumb\",\"itemListElement\":[{\"@type\":\"ListItem\",\"position\":1,\"name\":\"Page d'accueil\",\"item\":\"https:\\\/\\\/www.wblaserag.ch\\\/fr\\\/\"},{\"@type\":\"ListItem\",\"position\":2,\"name\":\"W. Blaser AG\"}]},{\"@type\":\"WebSite\",\"@id\":\"https:\\\/\\\/www.wblaserag.ch\\\/fr\\\/#website\",\"url\":\"https:\\\/\\\/www.wblaserag.ch\\\/fr\\\/\",\"name\":\"W. Blaser AG\",\"description\":\"\",\"publisher\":{\"@id\":\"https:\\\/\\\/www.wblaserag.ch\\\/fr\\\/#organization\"},\"potentialAction\":[{\"@type\":\"SearchAction\",\"target\":{\"@type\":\"EntryPoint\",\"urlTemplate\":\"https:\\\/\\\/www.wblaserag.ch\\\/fr\\\/?s={search_term_string}\"},\"query-input\":{\"@type\":\"PropertyValueSpecification\",\"valueRequired\":true,\"valueName\":\"search_term_string\"}}],\"inLanguage\":\"fr-FR\"},{\"@type\":\"Organization\",\"@id\":\"https:\\\/\\\/www.wblaserag.ch\\\/fr\\\/#organization\",\"name\":\"W. Blaser AG\",\"url\":\"https:\\\/\\\/www.wblaserag.ch\\\/fr\\\/\",\"logo\":{\"@type\":\"ImageObject\",\"inLanguage\":\"fr-FR\",\"@id\":\"https:\\\/\\\/www.wblaserag.ch\\\/fr\\\/#\\\/schema\\\/logo\\\/image\\\/\",\"url\":\"https:\\\/\\\/www.wblaserag.ch\\\/wp-content\\\/uploads\\\/2021\\\/02\\\/cropped-cropped-Blaser_Mobile_NEG.png\",\"contentUrl\":\"https:\\\/\\\/www.wblaserag.ch\\\/wp-content\\\/uploads\\\/2021\\\/02\\\/cropped-cropped-Blaser_Mobile_NEG.png\",\"width\":400,\"height\":55,\"caption\":\"W. Blaser AG\"},\"image\":{\"@id\":\"https:\\\/\\\/www.wblaserag.ch\\\/fr\\\/#\\\/schema\\\/logo\\\/image\\\/\"},\"sameAs\":[\"https:\\\/\\\/www.facebook.com\\\/BlaserVisio-191482694639126\",\"https:\\\/\\\/www.instagram.com\\\/blaservisio\\\/\"]}]}<\/script>\n<!-- \/ Yoast SEO plugin. -->","yoast_head_json":{"title":"W. Blaser AG \u2013 syst\u00e8mes de vision et de s\u00e9curit\u00e9 BlaserVisio et des fauteuils et meubles m\u00e9dical BlaserChair - W. Blaser AG","robots":{"index":"index","follow":"follow","max-snippet":"max-snippet:-1","max-image-preview":"max-image-preview:large","max-video-preview":"max-video-preview:-1"},"canonical":"https:\/\/www.wblaserag.ch\/fr\/","og_locale":"fr_FR","og_type":"article","og_title":"W. Blaser AG \u2013 syst\u00e8mes de vision et de s\u00e9curit\u00e9 BlaserVisio et des fauteuils et meubles m\u00e9dical BlaserChair - W. Blaser AG","og_description":"Syst\u00e8mes de vision et de s\u00e9curit\u00e9 &gt; R\u00e9troviseurs et syst\u00e8mes de r\u00e9troviseurs &gt; Cam\u00e9ras, IoT mobile et syst\u00e8mes d&rsquo;assistance &gt; Syst\u00e8mes de signalisation et lampes &gt; Flexfix &#8211; fixation du bateau flexible sur le poteau Fauteuils m\u00e9dicaux suisses > Fauteuils de soins pour h\u00f4pitaux, cabinets m\u00e9dicaux et laboratoires > Fauteuils de soins et la r\u00e9\u00e9ducation&hellip;","og_url":"https:\/\/www.wblaserag.ch\/fr\/","og_site_name":"W. Blaser AG","article_publisher":"https:\/\/www.facebook.com\/BlaserVisio-191482694639126","article_modified_time":"2026-03-30T16:29:20+00:00","og_image":[{"width":1160,"height":1000,"url":"https:\/\/www.wblaserag.ch\/wp-content\/uploads\/2021\/02\/1020_Titelbild_BlaserVisio.jpg","type":"image\/jpeg"}],"twitter_card":"summary_large_image","schema":{"@context":"https:\/\/schema.org","@graph":[{"@type":"WebPage","@id":"https:\/\/www.wblaserag.ch\/fr\/","url":"https:\/\/www.wblaserag.ch\/fr\/","name":"W. Blaser AG \u2013 syst\u00e8mes de vision et de s\u00e9curit\u00e9 BlaserVisio et des fauteuils et meubles m\u00e9dical BlaserChair - W. Blaser AG","isPartOf":{"@id":"https:\/\/www.wblaserag.ch\/fr\/#website"},"primaryImageOfPage":{"@id":"https:\/\/www.wblaserag.ch\/fr\/#primaryimage"},"image":{"@id":"https:\/\/www.wblaserag.ch\/fr\/#primaryimage"},"thumbnailUrl":"https:\/\/www.wblaserag.ch\/wp-content\/uploads\/2021\/02\/1020_Titelbild_BlaserVisio-1024x883.jpg","datePublished":"2021-02-06T16:25:18+00:00","dateModified":"2026-03-30T16:29:20+00:00","breadcrumb":{"@id":"https:\/\/www.wblaserag.ch\/fr\/#breadcrumb"},"inLanguage":"fr-FR","potentialAction":[{"@type":"ReadAction","target":["https:\/\/www.wblaserag.ch\/fr\/"]}]},{"@type":"ImageObject","inLanguage":"fr-FR","@id":"https:\/\/www.wblaserag.ch\/fr\/#primaryimage","url":"https:\/\/www.wblaserag.ch\/wp-content\/uploads\/2021\/02\/1020_Titelbild_BlaserVisio-1024x883.jpg","contentUrl":"https:\/\/www.wblaserag.ch\/wp-content\/uploads\/2021\/02\/1020_Titelbild_BlaserVisio-1024x883.jpg"},{"@type":"BreadcrumbList","@id":"https:\/\/www.wblaserag.ch\/fr\/#breadcrumb","itemListElement":[{"@type":"ListItem","position":1,"name":"Page d'accueil","item":"https:\/\/www.wblaserag.ch\/fr\/"},{"@type":"ListItem","position":2,"name":"W. Blaser AG"}]},{"@type":"WebSite","@id":"https:\/\/www.wblaserag.ch\/fr\/#website","url":"https:\/\/www.wblaserag.ch\/fr\/","name":"W. Blaser AG","description":"","publisher":{"@id":"https:\/\/www.wblaserag.ch\/fr\/#organization"},"potentialAction":[{"@type":"SearchAction","target":{"@type":"EntryPoint","urlTemplate":"https:\/\/www.wblaserag.ch\/fr\/?s={search_term_string}"},"query-input":{"@type":"PropertyValueSpecification","valueRequired":true,"valueName":"search_term_string"}}],"inLanguage":"fr-FR"},{"@type":"Organization","@id":"https:\/\/www.wblaserag.ch\/fr\/#organization","name":"W. Blaser AG","url":"https:\/\/www.wblaserag.ch\/fr\/","logo":{"@type":"ImageObject","inLanguage":"fr-FR","@id":"https:\/\/www.wblaserag.ch\/fr\/#\/schema\/logo\/image\/","url":"https:\/\/www.wblaserag.ch\/wp-content\/uploads\/2021\/02\/cropped-cropped-Blaser_Mobile_NEG.png","contentUrl":"https:\/\/www.wblaserag.ch\/wp-content\/uploads\/2021\/02\/cropped-cropped-Blaser_Mobile_NEG.png","width":400,"height":55,"caption":"W. Blaser AG"},"image":{"@id":"https:\/\/www.wblaserag.ch\/fr\/#\/schema\/logo\/image\/"},"sameAs":["https:\/\/www.facebook.com\/BlaserVisio-191482694639126","https:\/\/www.instagram.com\/blaservisio\/"]}]}},"_links":{"self":[{"href":"https:\/\/www.wblaserag.ch\/fr\/wp-json\/wp\/v2\/pages\/3248","targetHints":{"allow":["GET"]}}],"collection":[{"href":"https:\/\/www.wblaserag.ch\/fr\/wp-json\/wp\/v2\/pages"}],"about":[{"href":"https:\/\/www.wblaserag.ch\/fr\/wp-json\/wp\/v2\/types\/page"}],"author":[{"embeddable":true,"href":"https:\/\/www.wblaserag.ch\/fr\/wp-json\/wp\/v2\/users\/1"}],"replies":[{"embeddable":true,"href":"https:\/\/www.wblaserag.ch\/fr\/wp-json\/wp\/v2\/comments?post=3248"}],"version-history":[{"count":19,"href":"https:\/\/www.wblaserag.ch\/fr\/wp-json\/wp\/v2\/pages\/3248\/revisions"}],"predecessor-version":[{"id":11365,"href":"https:\/\/www.wblaserag.ch\/fr\/wp-json\/wp\/v2\/pages\/3248\/revisions\/11365"}],"wp:attachment":[{"href":"https:\/\/www.wblaserag.ch\/fr\/wp-json\/wp\/v2\/media?parent=3248"}],"curies":[{"name":"wp","href":"https:\/\/api.w.org\/{rel}","templated":true}]}}