{"id":10045,"date":"2023-08-20T14:22:46","date_gmt":"2023-08-20T14:22:46","guid":{"rendered":"https:\/\/www.wblaserag.ch\/visio\/cameras-iot-mobile-et-systemes-dassistance\/cameras-de-recul\/camera-laterale-130\/"},"modified":"2023-09-03T14:38:41","modified_gmt":"2023-09-03T14:38:41","slug":"camera-laterale-130","status":"publish","type":"page","link":"https:\/\/www.wblaserag.ch\/fr\/visio\/cameras-iot-mobile-et-systemes-dassistance\/cameras-de-recul\/camera-laterale-130\/","title":{"rendered":"Cam\u00e9ra lat\u00e9rale 130\u00b0"},"content":{"rendered":"\n<div style=\"height:20px\" aria-hidden=\"true\" class=\"wp-block-spacer\"><\/div>\n\n<h1 class=\"wp-block-heading\">Cam\u00e9ra lat\u00e9rale 130\u00b0<\/h1>\n<div class=\"yoast-breadcrumbs\"><span><span><a href=\"https:\/\/www.wblaserag.ch\/fr\/\">Page d&rsquo;accueil<\/a><\/span> \u00bb <span><a href=\"https:\/\/www.wblaserag.ch\/fr\/visio\/\">BlaserVisio<\/a><\/span> \u00bb <span><a href=\"https:\/\/www.wblaserag.ch\/fr\/visio\/cameras-iot-mobile-et-systemes-dassistance\/\">Cam\u00e9ras, IoT mobile et syst\u00e8mes d&rsquo;assistance<\/a><\/span> \u00bb <span><a href=\"https:\/\/www.wblaserag.ch\/fr\/visio\/cameras-iot-mobile-et-systemes-dassistance\/cameras-de-recul\/\">Cam\u00e9ras de recul<\/a><\/span> \u00bb <span class=\"breadcrumb_last\" aria-current=\"page\">Cam\u00e9ra lat\u00e9rale 130\u00b0<\/span><\/span><\/div>\n<div class=\"wp-block-columns is-layout-flex wp-container-core-columns-is-layout-d0b3c9c8 wp-block-columns-is-layout-flex\">\n<div class=\"wp-block-column is-layout-flow wp-block-column-is-layout-flow\">\n<figure class=\"wp-block-image size-full\"><img loading=\"lazy\" decoding=\"async\" width=\"641\" height=\"721\" src=\"https:\/\/www.wblaserag.ch\/wp-content\/uploads\/2023\/08\/9.png\" alt=\"\" class=\"wp-image-9731\" srcset=\"https:\/\/www.wblaserag.ch\/wp-content\/uploads\/2023\/08\/9.png 641w, https:\/\/www.wblaserag.ch\/wp-content\/uploads\/2023\/08\/9-267x300.png 267w\" sizes=\"auto, (max-width: 641px) 100vw, 641px\" \/><\/figure>\n<\/div>\n\n\n\n<div class=\"wp-block-column is-layout-flow wp-block-column-is-layout-flow\">\n<p><strong>Cam\u00e9ra lat\u00e9rale 130\u00b0<\/strong><\/p>\n\n\n\n<p>K98.C410.130<\/p>\n\n\n\n<ul class=\"wp-block-list\">\n<li>R\u00e9solution de la cam\u00e9ra : Full HD 1080P<\/li>\n\n\n\n<li>R\u00e9sistance aux vibrations : 10G<\/li>\n\n\n\n<li>Distance de vision nocturne : 3-5 m<\/li>\n\n\n\n<li>Classe de protection : IP69K<\/li>\n\n\n\n<li>Temp\u00e9rature : -20 \u00e0 +70\u00baC, RH95<\/li>\n\n\n\n<li>Bo\u00eetier de la cam\u00e9ra : aluminium moul\u00e9 sous pression<\/li>\n\n\n\n<li>Connecteur \u00d8 15 mm<\/li>\n<\/ul>\n\n\n\n<div class=\"wp-block-buttons is-layout-flex wp-block-buttons-is-layout-flex\">\n<div class=\"wp-block-button is-style-outline is-style-outline--1\"><a class=\"wp-block-button__link has-accent-color has-text-color wp-element-button\" href=\"mailto:info@wblaserag.ch\" style=\"border-radius:6px\">DEMANDER DEVIS<\/a><\/div>\n<\/div>\n<\/div>\n<\/div>\n","protected":false},"excerpt":{"rendered":"<p>Cam\u00e9ra lat\u00e9rale 130\u00b0 Cam\u00e9ra lat\u00e9rale 130\u00b0 K98.C410.130<\/p>\n","protected":false},"author":1,"featured_media":0,"parent":10013,"menu_order":0,"comment_status":"closed","ping_status":"closed","template":"tw-no-title.php","meta":{"footnotes":""},"class_list":["post-10045","page","type-page","status-publish","hentry"],"yoast_head":"<!-- This site is optimized with the Yoast SEO plugin v27.3 - https:\/\/yoast.com\/product\/yoast-seo-wordpress\/ -->\n<title>Cam\u00e9ra lat\u00e9rale 130\u00b0 - W. Blaser AG<\/title>\n<meta name=\"robots\" content=\"index, follow, max-snippet:-1, max-image-preview:large, max-video-preview:-1\" \/>\n<link rel=\"canonical\" href=\"https:\/\/www.wblaserag.ch\/fr\/visio\/cameras-iot-mobile-et-systemes-dassistance\/cameras-de-recul\/camera-laterale-130\/\" \/>\n<meta property=\"og:locale\" content=\"fr_FR\" \/>\n<meta property=\"og:type\" content=\"article\" \/>\n<meta property=\"og:title\" content=\"Cam\u00e9ra lat\u00e9rale 130\u00b0 - W. Blaser AG\" \/>\n<meta property=\"og:description\" content=\"Cam\u00e9ra lat\u00e9rale 130\u00b0 Cam\u00e9ra lat\u00e9rale 130\u00b0 K98.C410.130\" \/>\n<meta property=\"og:url\" content=\"https:\/\/www.wblaserag.ch\/fr\/visio\/cameras-iot-mobile-et-systemes-dassistance\/cameras-de-recul\/camera-laterale-130\/\" \/>\n<meta property=\"og:site_name\" content=\"W. Blaser AG\" \/>\n<meta property=\"article:publisher\" content=\"https:\/\/www.facebook.com\/BlaserVisio-191482694639126\" \/>\n<meta property=\"article:modified_time\" content=\"2023-09-03T14:38:41+00:00\" \/>\n<meta property=\"og:image\" content=\"https:\/\/www.wblaserag.ch\/wp-content\/uploads\/2023\/08\/9.png\" \/>\n<meta name=\"twitter:card\" content=\"summary_large_image\" \/>\n<script type=\"application\/ld+json\" class=\"yoast-schema-graph\">{\"@context\":\"https:\\\/\\\/schema.org\",\"@graph\":[{\"@type\":\"WebPage\",\"@id\":\"https:\\\/\\\/www.wblaserag.ch\\\/fr\\\/visio\\\/cameras-iot-mobile-et-systemes-dassistance\\\/cameras-de-recul\\\/camera-laterale-130\\\/\",\"url\":\"https:\\\/\\\/www.wblaserag.ch\\\/fr\\\/visio\\\/cameras-iot-mobile-et-systemes-dassistance\\\/cameras-de-recul\\\/camera-laterale-130\\\/\",\"name\":\"Cam\u00e9ra lat\u00e9rale 130\u00b0 - W. Blaser AG\",\"isPartOf\":{\"@id\":\"https:\\\/\\\/www.wblaserag.ch\\\/fr\\\/#website\"},\"primaryImageOfPage\":{\"@id\":\"https:\\\/\\\/www.wblaserag.ch\\\/fr\\\/visio\\\/cameras-iot-mobile-et-systemes-dassistance\\\/cameras-de-recul\\\/camera-laterale-130\\\/#primaryimage\"},\"image\":{\"@id\":\"https:\\\/\\\/www.wblaserag.ch\\\/fr\\\/visio\\\/cameras-iot-mobile-et-systemes-dassistance\\\/cameras-de-recul\\\/camera-laterale-130\\\/#primaryimage\"},\"thumbnailUrl\":\"https:\\\/\\\/www.wblaserag.ch\\\/wp-content\\\/uploads\\\/2023\\\/08\\\/9.png\",\"datePublished\":\"2023-08-20T14:22:46+00:00\",\"dateModified\":\"2023-09-03T14:38:41+00:00\",\"breadcrumb\":{\"@id\":\"https:\\\/\\\/www.wblaserag.ch\\\/fr\\\/visio\\\/cameras-iot-mobile-et-systemes-dassistance\\\/cameras-de-recul\\\/camera-laterale-130\\\/#breadcrumb\"},\"inLanguage\":\"fr-FR\",\"potentialAction\":[{\"@type\":\"ReadAction\",\"target\":[\"https:\\\/\\\/www.wblaserag.ch\\\/fr\\\/visio\\\/cameras-iot-mobile-et-systemes-dassistance\\\/cameras-de-recul\\\/camera-laterale-130\\\/\"]}]},{\"@type\":\"ImageObject\",\"inLanguage\":\"fr-FR\",\"@id\":\"https:\\\/\\\/www.wblaserag.ch\\\/fr\\\/visio\\\/cameras-iot-mobile-et-systemes-dassistance\\\/cameras-de-recul\\\/camera-laterale-130\\\/#primaryimage\",\"url\":\"https:\\\/\\\/www.wblaserag.ch\\\/wp-content\\\/uploads\\\/2023\\\/08\\\/9.png\",\"contentUrl\":\"https:\\\/\\\/www.wblaserag.ch\\\/wp-content\\\/uploads\\\/2023\\\/08\\\/9.png\"},{\"@type\":\"BreadcrumbList\",\"@id\":\"https:\\\/\\\/www.wblaserag.ch\\\/fr\\\/visio\\\/cameras-iot-mobile-et-systemes-dassistance\\\/cameras-de-recul\\\/camera-laterale-130\\\/#breadcrumb\",\"itemListElement\":[{\"@type\":\"ListItem\",\"position\":1,\"name\":\"Page d'accueil\",\"item\":\"https:\\\/\\\/www.wblaserag.ch\\\/fr\\\/\"},{\"@type\":\"ListItem\",\"position\":2,\"name\":\"BlaserVisio\",\"item\":\"https:\\\/\\\/www.wblaserag.ch\\\/fr\\\/visio\\\/\"},{\"@type\":\"ListItem\",\"position\":3,\"name\":\"Cam\u00e9ras, IoT mobile et syst\u00e8mes d&rsquo;assistance\",\"item\":\"https:\\\/\\\/www.wblaserag.ch\\\/fr\\\/visio\\\/cameras-iot-mobile-et-systemes-dassistance\\\/\"},{\"@type\":\"ListItem\",\"position\":4,\"name\":\"Cam\u00e9ras de recul\",\"item\":\"https:\\\/\\\/www.wblaserag.ch\\\/fr\\\/visio\\\/cameras-iot-mobile-et-systemes-dassistance\\\/cameras-de-recul\\\/\"},{\"@type\":\"ListItem\",\"position\":5,\"name\":\"Cam\u00e9ra lat\u00e9rale 130\u00b0\"}]},{\"@type\":\"WebSite\",\"@id\":\"https:\\\/\\\/www.wblaserag.ch\\\/fr\\\/#website\",\"url\":\"https:\\\/\\\/www.wblaserag.ch\\\/fr\\\/\",\"name\":\"W. Blaser AG\",\"description\":\"\",\"publisher\":{\"@id\":\"https:\\\/\\\/www.wblaserag.ch\\\/fr\\\/#organization\"},\"potentialAction\":[{\"@type\":\"SearchAction\",\"target\":{\"@type\":\"EntryPoint\",\"urlTemplate\":\"https:\\\/\\\/www.wblaserag.ch\\\/fr\\\/?s={search_term_string}\"},\"query-input\":{\"@type\":\"PropertyValueSpecification\",\"valueRequired\":true,\"valueName\":\"search_term_string\"}}],\"inLanguage\":\"fr-FR\"},{\"@type\":\"Organization\",\"@id\":\"https:\\\/\\\/www.wblaserag.ch\\\/fr\\\/#organization\",\"name\":\"W. Blaser AG\",\"url\":\"https:\\\/\\\/www.wblaserag.ch\\\/fr\\\/\",\"logo\":{\"@type\":\"ImageObject\",\"inLanguage\":\"fr-FR\",\"@id\":\"https:\\\/\\\/www.wblaserag.ch\\\/fr\\\/#\\\/schema\\\/logo\\\/image\\\/\",\"url\":\"https:\\\/\\\/www.wblaserag.ch\\\/wp-content\\\/uploads\\\/2021\\\/02\\\/cropped-cropped-Blaser_Mobile_NEG.png\",\"contentUrl\":\"https:\\\/\\\/www.wblaserag.ch\\\/wp-content\\\/uploads\\\/2021\\\/02\\\/cropped-cropped-Blaser_Mobile_NEG.png\",\"width\":400,\"height\":55,\"caption\":\"W. Blaser AG\"},\"image\":{\"@id\":\"https:\\\/\\\/www.wblaserag.ch\\\/fr\\\/#\\\/schema\\\/logo\\\/image\\\/\"},\"sameAs\":[\"https:\\\/\\\/www.facebook.com\\\/BlaserVisio-191482694639126\",\"https:\\\/\\\/www.instagram.com\\\/blaservisio\\\/\"]}]}<\/script>\n<!-- \/ Yoast SEO plugin. -->","yoast_head_json":{"title":"Cam\u00e9ra lat\u00e9rale 130\u00b0 - W. Blaser AG","robots":{"index":"index","follow":"follow","max-snippet":"max-snippet:-1","max-image-preview":"max-image-preview:large","max-video-preview":"max-video-preview:-1"},"canonical":"https:\/\/www.wblaserag.ch\/fr\/visio\/cameras-iot-mobile-et-systemes-dassistance\/cameras-de-recul\/camera-laterale-130\/","og_locale":"fr_FR","og_type":"article","og_title":"Cam\u00e9ra lat\u00e9rale 130\u00b0 - W. Blaser AG","og_description":"Cam\u00e9ra lat\u00e9rale 130\u00b0 Cam\u00e9ra lat\u00e9rale 130\u00b0 K98.C410.130","og_url":"https:\/\/www.wblaserag.ch\/fr\/visio\/cameras-iot-mobile-et-systemes-dassistance\/cameras-de-recul\/camera-laterale-130\/","og_site_name":"W. Blaser AG","article_publisher":"https:\/\/www.facebook.com\/BlaserVisio-191482694639126","article_modified_time":"2023-09-03T14:38:41+00:00","og_image":[{"url":"https:\/\/www.wblaserag.ch\/wp-content\/uploads\/2023\/08\/9.png","type":"","width":"","height":""}],"twitter_card":"summary_large_image","schema":{"@context":"https:\/\/schema.org","@graph":[{"@type":"WebPage","@id":"https:\/\/www.wblaserag.ch\/fr\/visio\/cameras-iot-mobile-et-systemes-dassistance\/cameras-de-recul\/camera-laterale-130\/","url":"https:\/\/www.wblaserag.ch\/fr\/visio\/cameras-iot-mobile-et-systemes-dassistance\/cameras-de-recul\/camera-laterale-130\/","name":"Cam\u00e9ra lat\u00e9rale 130\u00b0 - W. Blaser AG","isPartOf":{"@id":"https:\/\/www.wblaserag.ch\/fr\/#website"},"primaryImageOfPage":{"@id":"https:\/\/www.wblaserag.ch\/fr\/visio\/cameras-iot-mobile-et-systemes-dassistance\/cameras-de-recul\/camera-laterale-130\/#primaryimage"},"image":{"@id":"https:\/\/www.wblaserag.ch\/fr\/visio\/cameras-iot-mobile-et-systemes-dassistance\/cameras-de-recul\/camera-laterale-130\/#primaryimage"},"thumbnailUrl":"https:\/\/www.wblaserag.ch\/wp-content\/uploads\/2023\/08\/9.png","datePublished":"2023-08-20T14:22:46+00:00","dateModified":"2023-09-03T14:38:41+00:00","breadcrumb":{"@id":"https:\/\/www.wblaserag.ch\/fr\/visio\/cameras-iot-mobile-et-systemes-dassistance\/cameras-de-recul\/camera-laterale-130\/#breadcrumb"},"inLanguage":"fr-FR","potentialAction":[{"@type":"ReadAction","target":["https:\/\/www.wblaserag.ch\/fr\/visio\/cameras-iot-mobile-et-systemes-dassistance\/cameras-de-recul\/camera-laterale-130\/"]}]},{"@type":"ImageObject","inLanguage":"fr-FR","@id":"https:\/\/www.wblaserag.ch\/fr\/visio\/cameras-iot-mobile-et-systemes-dassistance\/cameras-de-recul\/camera-laterale-130\/#primaryimage","url":"https:\/\/www.wblaserag.ch\/wp-content\/uploads\/2023\/08\/9.png","contentUrl":"https:\/\/www.wblaserag.ch\/wp-content\/uploads\/2023\/08\/9.png"},{"@type":"BreadcrumbList","@id":"https:\/\/www.wblaserag.ch\/fr\/visio\/cameras-iot-mobile-et-systemes-dassistance\/cameras-de-recul\/camera-laterale-130\/#breadcrumb","itemListElement":[{"@type":"ListItem","position":1,"name":"Page d'accueil","item":"https:\/\/www.wblaserag.ch\/fr\/"},{"@type":"ListItem","position":2,"name":"BlaserVisio","item":"https:\/\/www.wblaserag.ch\/fr\/visio\/"},{"@type":"ListItem","position":3,"name":"Cam\u00e9ras, IoT mobile et syst\u00e8mes d&rsquo;assistance","item":"https:\/\/www.wblaserag.ch\/fr\/visio\/cameras-iot-mobile-et-systemes-dassistance\/"},{"@type":"ListItem","position":4,"name":"Cam\u00e9ras de recul","item":"https:\/\/www.wblaserag.ch\/fr\/visio\/cameras-iot-mobile-et-systemes-dassistance\/cameras-de-recul\/"},{"@type":"ListItem","position":5,"name":"Cam\u00e9ra lat\u00e9rale 130\u00b0"}]},{"@type":"WebSite","@id":"https:\/\/www.wblaserag.ch\/fr\/#website","url":"https:\/\/www.wblaserag.ch\/fr\/","name":"W. Blaser AG","description":"","publisher":{"@id":"https:\/\/www.wblaserag.ch\/fr\/#organization"},"potentialAction":[{"@type":"SearchAction","target":{"@type":"EntryPoint","urlTemplate":"https:\/\/www.wblaserag.ch\/fr\/?s={search_term_string}"},"query-input":{"@type":"PropertyValueSpecification","valueRequired":true,"valueName":"search_term_string"}}],"inLanguage":"fr-FR"},{"@type":"Organization","@id":"https:\/\/www.wblaserag.ch\/fr\/#organization","name":"W. Blaser AG","url":"https:\/\/www.wblaserag.ch\/fr\/","logo":{"@type":"ImageObject","inLanguage":"fr-FR","@id":"https:\/\/www.wblaserag.ch\/fr\/#\/schema\/logo\/image\/","url":"https:\/\/www.wblaserag.ch\/wp-content\/uploads\/2021\/02\/cropped-cropped-Blaser_Mobile_NEG.png","contentUrl":"https:\/\/www.wblaserag.ch\/wp-content\/uploads\/2021\/02\/cropped-cropped-Blaser_Mobile_NEG.png","width":400,"height":55,"caption":"W. Blaser AG"},"image":{"@id":"https:\/\/www.wblaserag.ch\/fr\/#\/schema\/logo\/image\/"},"sameAs":["https:\/\/www.facebook.com\/BlaserVisio-191482694639126","https:\/\/www.instagram.com\/blaservisio\/"]}]}},"_links":{"self":[{"href":"https:\/\/www.wblaserag.ch\/fr\/wp-json\/wp\/v2\/pages\/10045","targetHints":{"allow":["GET"]}}],"collection":[{"href":"https:\/\/www.wblaserag.ch\/fr\/wp-json\/wp\/v2\/pages"}],"about":[{"href":"https:\/\/www.wblaserag.ch\/fr\/wp-json\/wp\/v2\/types\/page"}],"author":[{"embeddable":true,"href":"https:\/\/www.wblaserag.ch\/fr\/wp-json\/wp\/v2\/users\/1"}],"replies":[{"embeddable":true,"href":"https:\/\/www.wblaserag.ch\/fr\/wp-json\/wp\/v2\/comments?post=10045"}],"version-history":[{"count":1,"href":"https:\/\/www.wblaserag.ch\/fr\/wp-json\/wp\/v2\/pages\/10045\/revisions"}],"predecessor-version":[{"id":10046,"href":"https:\/\/www.wblaserag.ch\/fr\/wp-json\/wp\/v2\/pages\/10045\/revisions\/10046"}],"up":[{"embeddable":true,"href":"https:\/\/www.wblaserag.ch\/fr\/wp-json\/wp\/v2\/pages\/10013"}],"wp:attachment":[{"href":"https:\/\/www.wblaserag.ch\/fr\/wp-json\/wp\/v2\/media?parent=10045"}],"curies":[{"name":"wp","href":"https:\/\/api.w.org\/{rel}","templated":true}]}}